{"id":10080,"date":"2025-03-21T11:07:33","date_gmt":"2025-03-21T10:07:33","guid":{"rendered":"https:\/\/klimbos.nl\/?page_id=10080"},"modified":"2025-03-21T11:07:35","modified_gmt":"2025-03-21T10:07:35","slug":"umgebung-kletterwald-niedrig-vuursche","status":"publish","type":"page","link":"https:\/\/klimbos.nl\/de\/umgebung-kletterwald-niedrig-vuursche\/","title":{"rendered":"Umgebung Klimbos Lage Vuursche"},"content":{"rendered":"<p>Der Klimbos liegt nur 4 Autominuten vom authentischen Dorf Lage Vuursche entfernt, das jedes Jahr rund 2 Millionen Besucher empf\u00e4ngt. Die Menschen genie\u00dfen die waldreiche Umgebung, die gem\u00fctlichen Restaurants und nat\u00fcrlich die endlosen Freizeitm\u00f6glichkeiten. Ein paar Tipps:<\/p>","protected":false},"excerpt":{"rendered":"<p>Der Klimbos liegt nur 4 Autominuten vom authentischen Dorf Lage Vuursche entfernt, das jedes Jahr rund 2 Millionen Besucher empf\u00e4ngt. Die Menschen genie\u00dfen die waldreiche Umgebung, die gem\u00fctlichen Restaurants und nat\u00fcrlich die endlosen Freizeitm\u00f6glichkeiten. Ein paar Tipps:<\/p>","protected":false},"author":4,"featured_media":7763,"parent":0,"menu_order":0,"comment_status":"closed","ping_status":"closed","template":"page-templates\/contentblokken.php","meta":{"_acf_changed":false,"footnotes":""},"class_list":["post-10080","page","type-page","status-publish","has-post-thumbnail","hentry"],"acf":[],"yoast_head":"<!-- This site is optimized with the Yoast SEO plugin v27.3 - https:\/\/yoast.com\/product\/yoast-seo-wordpress\/ -->\n<title>Omgeving Klimbos Lage Vuursche - Klimbos<\/title>\n<meta name=\"description\" content=\"Het Klimbos ligt op slechts 4 minuten rijden van het authentieke dorpje Lage Vuursche, waar jaarlijks zo\u2019n 2 miljoen bezoekers komen. Mensen genieten van\" \/>\n<meta name=\"robots\" content=\"index, follow, max-snippet:-1, max-image-preview:large, max-video-preview:-1\" \/>\n<link rel=\"canonical\" href=\"https:\/\/klimbos.nl\/de\/umgebung-kletterwald-niedrig-vuursche\/\" \/>\n<meta property=\"og:locale\" content=\"de_DE\" \/>\n<meta property=\"og:type\" content=\"article\" \/>\n<meta property=\"og:title\" content=\"Omgeving Klimbos Lage Vuursche - Klimbos\" \/>\n<meta property=\"og:description\" content=\"Het Klimbos ligt op slechts 4 minuten rijden van het authentieke dorpje Lage Vuursche, waar jaarlijks zo\u2019n 2 miljoen bezoekers komen. Mensen genieten van\" \/>\n<meta property=\"og:url\" content=\"https:\/\/klimbos.nl\/de\/umgebung-kletterwald-niedrig-vuursche\/\" \/>\n<meta property=\"og:site_name\" content=\"Klimbos\" \/>\n<meta property=\"article:modified_time\" content=\"2025-03-21T10:07:35+00:00\" \/>\n<meta property=\"og:image\" content=\"https:\/\/klimbos.nl\/wp-content\/uploads\/2023\/09\/image.jpeg\" \/>\n\t<meta property=\"og:image:width\" content=\"678\" \/>\n\t<meta property=\"og:image:height\" content=\"452\" \/>\n\t<meta property=\"og:image:type\" content=\"image\/jpeg\" \/>\n<meta name=\"twitter:card\" content=\"summary_large_image\" \/>\n<meta name=\"twitter:label1\" content=\"Est. reading time\" \/>\n\t<meta name=\"twitter:data1\" content=\"2 minutes\" \/>\n<script type=\"application\/ld+json\" class=\"yoast-schema-graph\">{\"@context\":\"https:\\\/\\\/schema.org\",\"@graph\":[{\"@type\":\"WebPage\",\"@id\":\"https:\\\/\\\/klimbos.nl\\\/omgeving-klimbos-lage-vuursche\\\/\",\"url\":\"https:\\\/\\\/klimbos.nl\\\/omgeving-klimbos-lage-vuursche\\\/\",\"name\":\"Omgeving Klimbos Lage Vuursche - Klimbos\",\"isPartOf\":{\"@id\":\"https:\\\/\\\/klimbos.nl\\\/#website\"},\"primaryImageOfPage\":{\"@id\":\"https:\\\/\\\/klimbos.nl\\\/omgeving-klimbos-lage-vuursche\\\/#primaryimage\"},\"image\":{\"@id\":\"https:\\\/\\\/klimbos.nl\\\/omgeving-klimbos-lage-vuursche\\\/#primaryimage\"},\"thumbnailUrl\":\"https:\\\/\\\/klimbos.nl\\\/wp-content\\\/uploads\\\/2023\\\/09\\\/image.jpeg\",\"datePublished\":\"2025-03-21T10:07:33+00:00\",\"dateModified\":\"2025-03-21T10:07:35+00:00\",\"description\":\"Het Klimbos ligt op slechts 4 minuten rijden van het authentieke dorpje Lage Vuursche, waar jaarlijks zo\u2019n 2 miljoen bezoekers komen. Mensen genieten van\",\"breadcrumb\":{\"@id\":\"https:\\\/\\\/klimbos.nl\\\/omgeving-klimbos-lage-vuursche\\\/#breadcrumb\"},\"inLanguage\":\"de-DE\",\"potentialAction\":[{\"@type\":\"ReadAction\",\"target\":[\"https:\\\/\\\/klimbos.nl\\\/omgeving-klimbos-lage-vuursche\\\/\"]}]},{\"@type\":\"ImageObject\",\"inLanguage\":\"de-DE\",\"@id\":\"https:\\\/\\\/klimbos.nl\\\/omgeving-klimbos-lage-vuursche\\\/#primaryimage\",\"url\":\"https:\\\/\\\/klimbos.nl\\\/wp-content\\\/uploads\\\/2023\\\/09\\\/image.jpeg\",\"contentUrl\":\"https:\\\/\\\/klimbos.nl\\\/wp-content\\\/uploads\\\/2023\\\/09\\\/image.jpeg\",\"width\":678,\"height\":452,\"caption\":\"Klimmen over een klimbrug\"},{\"@type\":\"BreadcrumbList\",\"@id\":\"https:\\\/\\\/klimbos.nl\\\/omgeving-klimbos-lage-vuursche\\\/#breadcrumb\",\"itemListElement\":[{\"@type\":\"ListItem\",\"position\":1,\"name\":\"Home\",\"item\":\"https:\\\/\\\/klimbos.nl\\\/\"},{\"@type\":\"ListItem\",\"position\":2,\"name\":\"Omgeving Klimbos Lage Vuursche\"}]},{\"@type\":\"WebSite\",\"@id\":\"https:\\\/\\\/klimbos.nl\\\/#website\",\"url\":\"https:\\\/\\\/klimbos.nl\\\/\",\"name\":\"Klimbos\",\"description\":\"Ga op avontuur in de mooiste gebieden van Nederland\",\"potentialAction\":[{\"@type\":\"SearchAction\",\"target\":{\"@type\":\"EntryPoint\",\"urlTemplate\":\"https:\\\/\\\/klimbos.nl\\\/?s={search_term_string}\"},\"query-input\":{\"@type\":\"PropertyValueSpecification\",\"valueRequired\":true,\"valueName\":\"search_term_string\"}}],\"inLanguage\":\"de-DE\"}]}<\/script>\n<!-- \/ Yoast SEO plugin. -->","yoast_head_json":{"title":"Umgebung Klimbos Lage Vuursche - Kletterwald","description":"Das Klimbos liegt nur 4 Autominuten von dem authentischen Dorf Lage Vuursche entfernt, das j\u00e4hrlich rund 2 Millionen Besucher empf\u00e4ngt. Menschen genie\u00dfen","robots":{"index":"index","follow":"follow","max-snippet":"max-snippet:-1","max-image-preview":"max-image-preview:large","max-video-preview":"max-video-preview:-1"},"canonical":"https:\/\/klimbos.nl\/de\/umgebung-kletterwald-niedrig-vuursche\/","og_locale":"de_DE","og_type":"article","og_title":"Omgeving Klimbos Lage Vuursche - Klimbos","og_description":"Het Klimbos ligt op slechts 4 minuten rijden van het authentieke dorpje Lage Vuursche, waar jaarlijks zo\u2019n 2 miljoen bezoekers komen. Mensen genieten van","og_url":"https:\/\/klimbos.nl\/de\/umgebung-kletterwald-niedrig-vuursche\/","og_site_name":"Klimbos","article_modified_time":"2025-03-21T10:07:35+00:00","og_image":[{"width":678,"height":452,"url":"https:\/\/klimbos.nl\/wp-content\/uploads\/2023\/09\/image.jpeg","type":"image\/jpeg"}],"twitter_card":"summary_large_image","twitter_misc":{"Est. reading time":"2 minutes"},"schema":{"@context":"https:\/\/schema.org","@graph":[{"@type":"WebPage","@id":"https:\/\/klimbos.nl\/omgeving-klimbos-lage-vuursche\/","url":"https:\/\/klimbos.nl\/omgeving-klimbos-lage-vuursche\/","name":"Umgebung Klimbos Lage Vuursche - Kletterwald","isPartOf":{"@id":"https:\/\/klimbos.nl\/#website"},"primaryImageOfPage":{"@id":"https:\/\/klimbos.nl\/omgeving-klimbos-lage-vuursche\/#primaryimage"},"image":{"@id":"https:\/\/klimbos.nl\/omgeving-klimbos-lage-vuursche\/#primaryimage"},"thumbnailUrl":"https:\/\/klimbos.nl\/wp-content\/uploads\/2023\/09\/image.jpeg","datePublished":"2025-03-21T10:07:33+00:00","dateModified":"2025-03-21T10:07:35+00:00","description":"Das Klimbos liegt nur 4 Autominuten von dem authentischen Dorf Lage Vuursche entfernt, das j\u00e4hrlich rund 2 Millionen Besucher empf\u00e4ngt. Menschen genie\u00dfen","breadcrumb":{"@id":"https:\/\/klimbos.nl\/omgeving-klimbos-lage-vuursche\/#breadcrumb"},"inLanguage":"de-DE","potentialAction":[{"@type":"ReadAction","target":["https:\/\/klimbos.nl\/omgeving-klimbos-lage-vuursche\/"]}]},{"@type":"ImageObject","inLanguage":"de-DE","@id":"https:\/\/klimbos.nl\/omgeving-klimbos-lage-vuursche\/#primaryimage","url":"https:\/\/klimbos.nl\/wp-content\/uploads\/2023\/09\/image.jpeg","contentUrl":"https:\/\/klimbos.nl\/wp-content\/uploads\/2023\/09\/image.jpeg","width":678,"height":452,"caption":"Klimmen over een klimbrug"},{"@type":"BreadcrumbList","@id":"https:\/\/klimbos.nl\/omgeving-klimbos-lage-vuursche\/#breadcrumb","itemListElement":[{"@type":"ListItem","position":1,"name":"Home","item":"https:\/\/klimbos.nl\/"},{"@type":"ListItem","position":2,"name":"Omgeving Klimbos Lage Vuursche"}]},{"@type":"WebSite","@id":"https:\/\/klimbos.nl\/#website","url":"https:\/\/klimbos.nl\/","name":"Kletterwald","description":"Begeben Sie sich auf ein Abenteuer in den sch\u00f6nsten Gegenden der Niederlande","potentialAction":[{"@type":"SearchAction","target":{"@type":"EntryPoint","urlTemplate":"https:\/\/klimbos.nl\/?s={search_term_string}"},"query-input":{"@type":"PropertyValueSpecification","valueRequired":true,"valueName":"search_term_string"}}],"inLanguage":"de-DE"}]}},"_links":{"self":[{"href":"https:\/\/klimbos.nl\/de\/wp-json\/wp\/v2\/pages\/10080","targetHints":{"allow":["GET"]}}],"collection":[{"href":"https:\/\/klimbos.nl\/de\/wp-json\/wp\/v2\/pages"}],"about":[{"href":"https:\/\/klimbos.nl\/de\/wp-json\/wp\/v2\/types\/page"}],"author":[{"embeddable":true,"href":"https:\/\/klimbos.nl\/de\/wp-json\/wp\/v2\/users\/4"}],"replies":[{"embeddable":true,"href":"https:\/\/klimbos.nl\/de\/wp-json\/wp\/v2\/comments?post=10080"}],"version-history":[{"count":2,"href":"https:\/\/klimbos.nl\/de\/wp-json\/wp\/v2\/pages\/10080\/revisions"}],"predecessor-version":[{"id":10100,"href":"https:\/\/klimbos.nl\/de\/wp-json\/wp\/v2\/pages\/10080\/revisions\/10100"}],"wp:featuredmedia":[{"embeddable":true,"href":"https:\/\/klimbos.nl\/de\/wp-json\/wp\/v2\/media\/7763"}],"wp:attachment":[{"href":"https:\/\/klimbos.nl\/de\/wp-json\/wp\/v2\/media?parent=10080"}],"curies":[{"name":"wp","href":"https:\/\/api.w.org\/{rel}","templated":true}]}}