{"id":10229,"date":"2025-04-23T13:37:58","date_gmt":"2025-04-23T11:37:58","guid":{"rendered":"https:\/\/klimbos.nl\/?page_id=10229"},"modified":"2025-12-03T10:21:57","modified_gmt":"2025-12-03T09:21:57","slug":"geschenkgutschein","status":"publish","type":"page","link":"https:\/\/klimbos.nl\/de\/geschenkgutschein\/","title":{"rendered":"Geschenkgutschein"},"content":{"rendered":"<p>Sie suchen ein originelles und abenteuerliches Geschenk? Verschenken Sie einen Gutschein f\u00fcr ein Kletterticket (Klettergeschenk) oder einen Gutschein \u00fcber einen bestimmten Wert. <\/p>\n\n\n\n<p>Ob zum Geburtstag, zur Verabschiedung oder einfach nur so, Klettern ist immer m\u00f6glich! W\u00e4hlen Sie unten die Art des Gutscheins aus, den Sie verschenken m\u00f6chten. Sie erhalten den Geschenkgutschein nach Zahlungseingang in Ihrem Postfach. Der Geschenkgutschein ist 2 Jahre lang g\u00fcltig und kann vom Beschenkten eingel\u00f6st werden.<\/p>\n\n\n\n<p><\/p>","protected":false},"excerpt":{"rendered":"<p>Sie suchen ein originelles und abenteuerliches Geschenk? Verschenken Sie einen Gutschein f\u00fcr ein Kletterticket (Klettergeschenk) oder einen Gutschein \u00fcber einen bestimmten Wert. Ob zum Geburtstag, zum Abschied oder einfach so, Klettern ist immer m\u00f6glich! W\u00e4hlen Sie unten die Art des Gutscheins aus, den Sie verschenken m\u00f6chten. Sie erhalten den Geschenkgutschein nach der Bezahlung in Ihrer Mailbox. Der...<\/p>","protected":false},"author":4,"featured_media":0,"parent":0,"menu_order":0,"comment_status":"closed","ping_status":"closed","template":"page-templates\/tickets.php","meta":{"_acf_changed":false,"footnotes":""},"class_list":["post-10229","page","type-page","status-publish","hentry"],"acf":[],"yoast_head":"<!-- This site is optimized with the Yoast SEO plugin v27.3 - https:\/\/yoast.com\/product\/yoast-seo-wordpress\/ -->\n<title>Cadeaubon - Klimbos<\/title>\n<meta name=\"description\" content=\"Op zoek naar een origineel en avontuurlijk cadeau? Geef iemand een tegoedbon voor een klimticket (klimcadeau) of een tegoedbon voor een bepaalde waarde.\" \/>\n<meta name=\"robots\" content=\"index, follow, max-snippet:-1, max-image-preview:large, max-video-preview:-1\" \/>\n<link rel=\"canonical\" href=\"https:\/\/klimbos.nl\/de\/geschenkgutschein\/\" \/>\n<meta property=\"og:locale\" content=\"de_DE\" \/>\n<meta property=\"og:type\" content=\"article\" \/>\n<meta property=\"og:title\" content=\"Cadeaubon - Klimbos\" \/>\n<meta property=\"og:description\" content=\"Op zoek naar een origineel en avontuurlijk cadeau? Geef iemand een tegoedbon voor een klimticket (klimcadeau) of een tegoedbon voor een bepaalde waarde.\" \/>\n<meta property=\"og:url\" content=\"https:\/\/klimbos.nl\/de\/geschenkgutschein\/\" \/>\n<meta property=\"og:site_name\" content=\"Klimbos\" \/>\n<meta property=\"article:modified_time\" content=\"2025-12-03T09:21:57+00:00\" \/>\n<meta name=\"twitter:card\" content=\"summary_large_image\" \/>\n<meta name=\"twitter:label1\" content=\"Est. reading time\" \/>\n\t<meta name=\"twitter:data1\" content=\"1 minute\" \/>\n<script type=\"application\/ld+json\" class=\"yoast-schema-graph\">{\"@context\":\"https:\\\/\\\/schema.org\",\"@graph\":[{\"@type\":\"WebPage\",\"@id\":\"https:\\\/\\\/klimbos.nl\\\/cadeaubon\\\/\",\"url\":\"https:\\\/\\\/klimbos.nl\\\/cadeaubon\\\/\",\"name\":\"Cadeaubon - Klimbos\",\"isPartOf\":{\"@id\":\"https:\\\/\\\/klimbos.nl\\\/#website\"},\"datePublished\":\"2025-04-23T11:37:58+00:00\",\"dateModified\":\"2025-12-03T09:21:57+00:00\",\"description\":\"Op zoek naar een origineel en avontuurlijk cadeau? Geef iemand een tegoedbon voor een klimticket (klimcadeau) of een tegoedbon voor een bepaalde waarde.\",\"breadcrumb\":{\"@id\":\"https:\\\/\\\/klimbos.nl\\\/cadeaubon\\\/#breadcrumb\"},\"inLanguage\":\"de-DE\",\"potentialAction\":[{\"@type\":\"ReadAction\",\"target\":[\"https:\\\/\\\/klimbos.nl\\\/cadeaubon\\\/\"]}]},{\"@type\":\"BreadcrumbList\",\"@id\":\"https:\\\/\\\/klimbos.nl\\\/cadeaubon\\\/#breadcrumb\",\"itemListElement\":[{\"@type\":\"ListItem\",\"position\":1,\"name\":\"Home\",\"item\":\"https:\\\/\\\/klimbos.nl\\\/\"},{\"@type\":\"ListItem\",\"position\":2,\"name\":\"Cadeaubon\"}]},{\"@type\":\"WebSite\",\"@id\":\"https:\\\/\\\/klimbos.nl\\\/#website\",\"url\":\"https:\\\/\\\/klimbos.nl\\\/\",\"name\":\"Klimbos\",\"description\":\"Ga op avontuur in de mooiste gebieden van Nederland\",\"potentialAction\":[{\"@type\":\"SearchAction\",\"target\":{\"@type\":\"EntryPoint\",\"urlTemplate\":\"https:\\\/\\\/klimbos.nl\\\/?s={search_term_string}\"},\"query-input\":{\"@type\":\"PropertyValueSpecification\",\"valueRequired\":true,\"valueName\":\"search_term_string\"}}],\"inLanguage\":\"de-DE\"}]}<\/script>\n<!-- \/ Yoast SEO plugin. -->","yoast_head_json":{"title":"Geschenkgutschein - Kletterwald","description":"Sie suchen ein originelles und abenteuerliches Geschenk? Verschenken Sie einen Gutschein f\u00fcr ein Kletterticket (Klettergeschenk) oder einen Gutschein \u00fcber einen bestimmten Wert.","robots":{"index":"index","follow":"follow","max-snippet":"max-snippet:-1","max-image-preview":"max-image-preview:large","max-video-preview":"max-video-preview:-1"},"canonical":"https:\/\/klimbos.nl\/de\/geschenkgutschein\/","og_locale":"de_DE","og_type":"article","og_title":"Cadeaubon - Klimbos","og_description":"Op zoek naar een origineel en avontuurlijk cadeau? Geef iemand een tegoedbon voor een klimticket (klimcadeau) of een tegoedbon voor een bepaalde waarde.","og_url":"https:\/\/klimbos.nl\/de\/geschenkgutschein\/","og_site_name":"Klimbos","article_modified_time":"2025-12-03T09:21:57+00:00","twitter_card":"summary_large_image","twitter_misc":{"Est. reading time":"1 minute"},"schema":{"@context":"https:\/\/schema.org","@graph":[{"@type":"WebPage","@id":"https:\/\/klimbos.nl\/cadeaubon\/","url":"https:\/\/klimbos.nl\/cadeaubon\/","name":"Geschenkgutschein - Kletterwald","isPartOf":{"@id":"https:\/\/klimbos.nl\/#website"},"datePublished":"2025-04-23T11:37:58+00:00","dateModified":"2025-12-03T09:21:57+00:00","description":"Sie suchen ein originelles und abenteuerliches Geschenk? Verschenken Sie einen Gutschein f\u00fcr ein Kletterticket (Klettergeschenk) oder einen Gutschein \u00fcber einen bestimmten Wert.","breadcrumb":{"@id":"https:\/\/klimbos.nl\/cadeaubon\/#breadcrumb"},"inLanguage":"de-DE","potentialAction":[{"@type":"ReadAction","target":["https:\/\/klimbos.nl\/cadeaubon\/"]}]},{"@type":"BreadcrumbList","@id":"https:\/\/klimbos.nl\/cadeaubon\/#breadcrumb","itemListElement":[{"@type":"ListItem","position":1,"name":"Home","item":"https:\/\/klimbos.nl\/"},{"@type":"ListItem","position":2,"name":"Cadeaubon"}]},{"@type":"WebSite","@id":"https:\/\/klimbos.nl\/#website","url":"https:\/\/klimbos.nl\/","name":"Kletterwald","description":"Begeben Sie sich auf ein Abenteuer in den sch\u00f6nsten Gegenden der Niederlande","potentialAction":[{"@type":"SearchAction","target":{"@type":"EntryPoint","urlTemplate":"https:\/\/klimbos.nl\/?s={search_term_string}"},"query-input":{"@type":"PropertyValueSpecification","valueRequired":true,"valueName":"search_term_string"}}],"inLanguage":"de-DE"}]}},"_links":{"self":[{"href":"https:\/\/klimbos.nl\/de\/wp-json\/wp\/v2\/pages\/10229","targetHints":{"allow":["GET"]}}],"collection":[{"href":"https:\/\/klimbos.nl\/de\/wp-json\/wp\/v2\/pages"}],"about":[{"href":"https:\/\/klimbos.nl\/de\/wp-json\/wp\/v2\/types\/page"}],"author":[{"embeddable":true,"href":"https:\/\/klimbos.nl\/de\/wp-json\/wp\/v2\/users\/4"}],"replies":[{"embeddable":true,"href":"https:\/\/klimbos.nl\/de\/wp-json\/wp\/v2\/comments?post=10229"}],"version-history":[{"count":2,"href":"https:\/\/klimbos.nl\/de\/wp-json\/wp\/v2\/pages\/10229\/revisions"}],"predecessor-version":[{"id":10244,"href":"https:\/\/klimbos.nl\/de\/wp-json\/wp\/v2\/pages\/10229\/revisions\/10244"}],"wp:attachment":[{"href":"https:\/\/klimbos.nl\/de\/wp-json\/wp\/v2\/media?parent=10229"}],"curies":[{"name":"wp","href":"https:\/\/api.w.org\/{rel}","templated":true}]}}