{"id":11063,"date":"2025-12-02T12:30:55","date_gmt":"2025-12-02T11:30:55","guid":{"rendered":"https:\/\/klimbos.nl\/?page_id=11063"},"modified":"2026-01-15T11:24:44","modified_gmt":"2026-01-15T10:24:44","slug":"groepsuitje-klimbos-assen","status":"publish","type":"page","link":"https:\/\/klimbos.nl\/de\/groepsuitje-klimbos-assen\/","title":{"rendered":"Gruppenausflug Kletterwald Assen"},"content":{"rendered":"<p>Suchen Sie nach einer Aktivit\u00e4t f\u00fcr einen Familientag oder m\u00f6chten Sie mit Ihrer Sportmannschaft oder Ihren Freunden etwas Lustiges unternehmen? Und darf es auch etwas Action sein? Kommen Sie zum Klettern in Kletterwald Assen.<\/p>","protected":false},"excerpt":{"rendered":"<p>Suchen Sie nach einer Aktivit\u00e4t f\u00fcr einen Familientag oder m\u00f6chten Sie mit Ihrer Sportmannschaft oder Ihren Freunden etwas Lustiges unternehmen? Und darf es auch etwas Action sein? Kommen Sie zum Klettern in Kletterwald Assen.<\/p>","protected":false},"author":4,"featured_media":0,"parent":0,"menu_order":0,"comment_status":"closed","ping_status":"closed","template":"page-templates\/contentblokken.php","meta":{"_acf_changed":false,"footnotes":""},"class_list":["post-11063","page","type-page","status-publish","hentry"],"acf":[],"yoast_head":"<!-- This site is optimized with the Yoast SEO plugin v27.3 - https:\/\/yoast.com\/product\/yoast-seo-wordpress\/ -->\n<title>Groepsuitje Klimbos Assen - Klimbos<\/title>\n<meta name=\"description\" content=\"Ben je op zoek naar een activiteit voor een familiedag of wil je graag wat leuks doen met je sportteam of vrienden? En mag er wel wat actie bij Groepsuitje Klimbos Assen\" \/>\n<meta name=\"robots\" content=\"index, follow, max-snippet:-1, max-image-preview:large, max-video-preview:-1\" \/>\n<link rel=\"canonical\" href=\"https:\/\/klimbos.nl\/de\/groepsuitje-klimbos-assen\/\" \/>\n<meta property=\"og:locale\" content=\"de_DE\" \/>\n<meta property=\"og:type\" content=\"article\" \/>\n<meta property=\"og:title\" content=\"Groepsuitje Klimbos Assen - Klimbos\" \/>\n<meta property=\"og:description\" content=\"Ben je op zoek naar een activiteit voor een familiedag of wil je graag wat leuks doen met je sportteam of vrienden? En mag er wel wat actie bij Groepsuitje Klimbos Assen\" \/>\n<meta property=\"og:url\" content=\"https:\/\/klimbos.nl\/de\/groepsuitje-klimbos-assen\/\" \/>\n<meta property=\"og:site_name\" content=\"Klimbos\" \/>\n<meta property=\"article:modified_time\" content=\"2026-01-15T10:24:44+00:00\" \/>\n<meta name=\"twitter:card\" content=\"summary_large_image\" \/>\n<meta name=\"twitter:label1\" content=\"Est. reading time\" \/>\n\t<meta name=\"twitter:data1\" content=\"2 minutes\" \/>\n<script type=\"application\/ld+json\" class=\"yoast-schema-graph\">{\"@context\":\"https:\\\/\\\/schema.org\",\"@graph\":[{\"@type\":\"WebPage\",\"@id\":\"https:\\\/\\\/klimbos.nl\\\/groepsuitje-klimbos-assen\\\/\",\"url\":\"https:\\\/\\\/klimbos.nl\\\/groepsuitje-klimbos-assen\\\/\",\"name\":\"Groepsuitje Klimbos Assen - Klimbos\",\"isPartOf\":{\"@id\":\"https:\\\/\\\/klimbos.nl\\\/#website\"},\"datePublished\":\"2025-12-02T11:30:55+00:00\",\"dateModified\":\"2026-01-15T10:24:44+00:00\",\"description\":\"Ben je op zoek naar een activiteit voor een familiedag of wil je graag wat leuks doen met je sportteam of vrienden? En mag er wel wat actie bij Groepsuitje Klimbos Assen\",\"breadcrumb\":{\"@id\":\"https:\\\/\\\/klimbos.nl\\\/groepsuitje-klimbos-assen\\\/#breadcrumb\"},\"inLanguage\":\"de-DE\",\"potentialAction\":[{\"@type\":\"ReadAction\",\"target\":[\"https:\\\/\\\/klimbos.nl\\\/groepsuitje-klimbos-assen\\\/\"]}]},{\"@type\":\"BreadcrumbList\",\"@id\":\"https:\\\/\\\/klimbos.nl\\\/groepsuitje-klimbos-assen\\\/#breadcrumb\",\"itemListElement\":[{\"@type\":\"ListItem\",\"position\":1,\"name\":\"Home\",\"item\":\"https:\\\/\\\/klimbos.nl\\\/\"},{\"@type\":\"ListItem\",\"position\":2,\"name\":\"Groepsuitje Klimbos Assen\"}]},{\"@type\":\"WebSite\",\"@id\":\"https:\\\/\\\/klimbos.nl\\\/#website\",\"url\":\"https:\\\/\\\/klimbos.nl\\\/\",\"name\":\"Klimbos\",\"description\":\"Ga op avontuur in de mooiste gebieden van Nederland\",\"potentialAction\":[{\"@type\":\"SearchAction\",\"target\":{\"@type\":\"EntryPoint\",\"urlTemplate\":\"https:\\\/\\\/klimbos.nl\\\/?s={search_term_string}\"},\"query-input\":{\"@type\":\"PropertyValueSpecification\",\"valueRequired\":true,\"valueName\":\"search_term_string\"}}],\"inLanguage\":\"de-DE\"}]}<\/script>\n<!-- \/ Yoast SEO plugin. -->","yoast_head_json":{"title":"Gruppenausflug Klimbos Assen - Klimbos","description":"Sind Sie auf der Suche nach einer Aktivit\u00e4t f\u00fcr einen Familientag oder m\u00f6chten Sie etwas Lustiges mit Ihrem Sportteam oder Ihren Freunden unternehmen? Und haben Sie Lust auf ein bisschen Action beim Gruppenausflug Klimbos Assen?","robots":{"index":"index","follow":"follow","max-snippet":"max-snippet:-1","max-image-preview":"max-image-preview:large","max-video-preview":"max-video-preview:-1"},"canonical":"https:\/\/klimbos.nl\/de\/groepsuitje-klimbos-assen\/","og_locale":"de_DE","og_type":"article","og_title":"Groepsuitje Klimbos Assen - Klimbos","og_description":"Ben je op zoek naar een activiteit voor een familiedag of wil je graag wat leuks doen met je sportteam of vrienden? En mag er wel wat actie bij Groepsuitje Klimbos Assen","og_url":"https:\/\/klimbos.nl\/de\/groepsuitje-klimbos-assen\/","og_site_name":"Klimbos","article_modified_time":"2026-01-15T10:24:44+00:00","twitter_card":"summary_large_image","twitter_misc":{"Est. reading time":"2 minutes"},"schema":{"@context":"https:\/\/schema.org","@graph":[{"@type":"WebPage","@id":"https:\/\/klimbos.nl\/groepsuitje-klimbos-assen\/","url":"https:\/\/klimbos.nl\/groepsuitje-klimbos-assen\/","name":"Gruppenausflug Klimbos Assen - Klimbos","isPartOf":{"@id":"https:\/\/klimbos.nl\/#website"},"datePublished":"2025-12-02T11:30:55+00:00","dateModified":"2026-01-15T10:24:44+00:00","description":"Sind Sie auf der Suche nach einer Aktivit\u00e4t f\u00fcr einen Familientag oder m\u00f6chten Sie etwas Lustiges mit Ihrem Sportteam oder Ihren Freunden unternehmen? Und haben Sie Lust auf ein bisschen Action beim Gruppenausflug Klimbos Assen?","breadcrumb":{"@id":"https:\/\/klimbos.nl\/groepsuitje-klimbos-assen\/#breadcrumb"},"inLanguage":"de-DE","potentialAction":[{"@type":"ReadAction","target":["https:\/\/klimbos.nl\/groepsuitje-klimbos-assen\/"]}]},{"@type":"BreadcrumbList","@id":"https:\/\/klimbos.nl\/groepsuitje-klimbos-assen\/#breadcrumb","itemListElement":[{"@type":"ListItem","position":1,"name":"Home","item":"https:\/\/klimbos.nl\/"},{"@type":"ListItem","position":2,"name":"Groepsuitje Klimbos Assen"}]},{"@type":"WebSite","@id":"https:\/\/klimbos.nl\/#website","url":"https:\/\/klimbos.nl\/","name":"Kletterwald","description":"Begeben Sie sich auf ein Abenteuer in den sch\u00f6nsten Gegenden der Niederlande","potentialAction":[{"@type":"SearchAction","target":{"@type":"EntryPoint","urlTemplate":"https:\/\/klimbos.nl\/?s={search_term_string}"},"query-input":{"@type":"PropertyValueSpecification","valueRequired":true,"valueName":"search_term_string"}}],"inLanguage":"de-DE"}]}},"_links":{"self":[{"href":"https:\/\/klimbos.nl\/de\/wp-json\/wp\/v2\/pages\/11063","targetHints":{"allow":["GET"]}}],"collection":[{"href":"https:\/\/klimbos.nl\/de\/wp-json\/wp\/v2\/pages"}],"about":[{"href":"https:\/\/klimbos.nl\/de\/wp-json\/wp\/v2\/types\/page"}],"author":[{"embeddable":true,"href":"https:\/\/klimbos.nl\/de\/wp-json\/wp\/v2\/users\/4"}],"replies":[{"embeddable":true,"href":"https:\/\/klimbos.nl\/de\/wp-json\/wp\/v2\/comments?post=11063"}],"version-history":[{"count":3,"href":"https:\/\/klimbos.nl\/de\/wp-json\/wp\/v2\/pages\/11063\/revisions"}],"predecessor-version":[{"id":11250,"href":"https:\/\/klimbos.nl\/de\/wp-json\/wp\/v2\/pages\/11063\/revisions\/11250"}],"wp:attachment":[{"href":"https:\/\/klimbos.nl\/de\/wp-json\/wp\/v2\/media?parent=11063"}],"curies":[{"name":"wp","href":"https:\/\/api.w.org\/{rel}","templated":true}]}}