{"id":11068,"date":"2025-12-02T13:51:09","date_gmt":"2025-12-02T12:51:09","guid":{"rendered":"https:\/\/klimbos.nl\/?page_id=11068"},"modified":"2026-03-31T17:10:42","modified_gmt":"2026-03-31T15:10:42","slug":"bedrijfsuitje-klimbos-assen","status":"publish","type":"page","link":"https:\/\/klimbos.nl\/de\/bedrijfsuitje-klimbos-assen\/","title":{"rendered":"Betriebsausflug Kletterwald Assen"},"content":{"rendered":"<p>Ein Betriebsausflug bei Kletterwald Assen ist lustig und verbindlich. Nehmen Sie gemeinsam die Herausforderung an und arbeiten Sie mit Ihren Kollegen an der Teambildung, indem Sie den Parcours zwischen den Baumwipfeln absolvieren. Sie werden drau\u00dfen sein und das B\u00fcro wird f\u00fcr eine Weile weit weg erscheinen.<\/p>\n\n\n\n<p><\/p>","protected":false},"excerpt":{"rendered":"<p>Ein Betriebsausflug bei Kletterwald Assen ist lustig und verbindlich. Nehmen Sie gemeinsam die Herausforderung an und arbeiten Sie mit Ihren Kollegen an der Teambildung, indem Sie den Parcours zwischen den Baumwipfeln absolvieren. Sie werden drau\u00dfen sein und das B\u00fcro wird f\u00fcr eine Weile weit weg erscheinen.<\/p>","protected":false},"author":4,"featured_media":487,"parent":0,"menu_order":0,"comment_status":"closed","ping_status":"closed","template":"page-templates\/contentblokken.php","meta":{"_acf_changed":false,"footnotes":""},"class_list":["post-11068","page","type-page","status-publish","has-post-thumbnail","hentry"],"acf":[],"yoast_head":"<!-- This site is optimized with the Yoast SEO plugin v27.3 - https:\/\/yoast.com\/product\/yoast-seo-wordpress\/ -->\n<title>Bedrijfsuitje Klimbos Assen - Klimbos<\/title>\n<meta name=\"description\" content=\"Een bedrijfsuitje bij Klimbos Assen is leuk en verbindend. Ga samen de uitdaging aan en werk aan teambuilding met je collega\u2019s door het parcours tussen de\" \/>\n<meta name=\"robots\" content=\"index, follow, max-snippet:-1, max-image-preview:large, max-video-preview:-1\" \/>\n<link rel=\"canonical\" href=\"https:\/\/klimbos.nl\/de\/bedrijfsuitje-klimbos-assen\/\" \/>\n<meta property=\"og:locale\" content=\"de_DE\" \/>\n<meta property=\"og:type\" content=\"article\" \/>\n<meta property=\"og:title\" content=\"Bedrijfsuitje Klimbos Assen - Klimbos\" \/>\n<meta property=\"og:description\" content=\"Een bedrijfsuitje bij Klimbos Assen is leuk en verbindend. Ga samen de uitdaging aan en werk aan teambuilding met je collega\u2019s door het parcours tussen de\" \/>\n<meta property=\"og:url\" content=\"https:\/\/klimbos.nl\/de\/bedrijfsuitje-klimbos-assen\/\" \/>\n<meta property=\"og:site_name\" content=\"Klimbos\" \/>\n<meta property=\"article:modified_time\" content=\"2026-03-31T15:10:42+00:00\" \/>\n<meta property=\"og:image\" content=\"https:\/\/klimbos.nl\/wp-content\/uploads\/2021\/02\/Klimbos-Nederland-58-scaled.jpg\" \/>\n\t<meta property=\"og:image:width\" content=\"1920\" \/>\n\t<meta property=\"og:image:height\" content=\"2560\" \/>\n\t<meta property=\"og:image:type\" content=\"image\/jpeg\" \/>\n<meta name=\"twitter:card\" content=\"summary_large_image\" \/>\n<meta name=\"twitter:label1\" content=\"Est. reading time\" \/>\n\t<meta name=\"twitter:data1\" content=\"2 minutes\" \/>\n<script type=\"application\/ld+json\" class=\"yoast-schema-graph\">{\"@context\":\"https:\\\/\\\/schema.org\",\"@graph\":[{\"@type\":\"WebPage\",\"@id\":\"https:\\\/\\\/klimbos.nl\\\/bedrijfsuitje-klimbos-assen\\\/\",\"url\":\"https:\\\/\\\/klimbos.nl\\\/bedrijfsuitje-klimbos-assen\\\/\",\"name\":\"Bedrijfsuitje Klimbos Assen - Klimbos\",\"isPartOf\":{\"@id\":\"https:\\\/\\\/klimbos.nl\\\/#website\"},\"primaryImageOfPage\":{\"@id\":\"https:\\\/\\\/klimbos.nl\\\/bedrijfsuitje-klimbos-assen\\\/#primaryimage\"},\"image\":{\"@id\":\"https:\\\/\\\/klimbos.nl\\\/bedrijfsuitje-klimbos-assen\\\/#primaryimage\"},\"thumbnailUrl\":\"https:\\\/\\\/klimbos.nl\\\/wp-content\\\/uploads\\\/2021\\\/02\\\/Klimbos-Nederland-58-scaled.jpg\",\"datePublished\":\"2025-12-02T12:51:09+00:00\",\"dateModified\":\"2026-03-31T15:10:42+00:00\",\"description\":\"Een bedrijfsuitje bij Klimbos Assen is leuk en verbindend. Ga samen de uitdaging aan en werk aan teambuilding met je collega\u2019s door het parcours tussen de\",\"breadcrumb\":{\"@id\":\"https:\\\/\\\/klimbos.nl\\\/bedrijfsuitje-klimbos-assen\\\/#breadcrumb\"},\"inLanguage\":\"de-DE\",\"potentialAction\":[{\"@type\":\"ReadAction\",\"target\":[\"https:\\\/\\\/klimbos.nl\\\/bedrijfsuitje-klimbos-assen\\\/\"]}]},{\"@type\":\"ImageObject\",\"inLanguage\":\"de-DE\",\"@id\":\"https:\\\/\\\/klimbos.nl\\\/bedrijfsuitje-klimbos-assen\\\/#primaryimage\",\"url\":\"https:\\\/\\\/klimbos.nl\\\/wp-content\\\/uploads\\\/2021\\\/02\\\/Klimbos-Nederland-58-scaled.jpg\",\"contentUrl\":\"https:\\\/\\\/klimbos.nl\\\/wp-content\\\/uploads\\\/2021\\\/02\\\/Klimbos-Nederland-58-scaled.jpg\",\"width\":1920,\"height\":2560,\"caption\":\"Klimmen voor jong & oud\"},{\"@type\":\"BreadcrumbList\",\"@id\":\"https:\\\/\\\/klimbos.nl\\\/bedrijfsuitje-klimbos-assen\\\/#breadcrumb\",\"itemListElement\":[{\"@type\":\"ListItem\",\"position\":1,\"name\":\"Home\",\"item\":\"https:\\\/\\\/klimbos.nl\\\/\"},{\"@type\":\"ListItem\",\"position\":2,\"name\":\"Bedrijfsuitje Klimbos Assen\"}]},{\"@type\":\"WebSite\",\"@id\":\"https:\\\/\\\/klimbos.nl\\\/#website\",\"url\":\"https:\\\/\\\/klimbos.nl\\\/\",\"name\":\"Klimbos\",\"description\":\"Ga op avontuur in de mooiste gebieden van Nederland\",\"potentialAction\":[{\"@type\":\"SearchAction\",\"target\":{\"@type\":\"EntryPoint\",\"urlTemplate\":\"https:\\\/\\\/klimbos.nl\\\/?s={search_term_string}\"},\"query-input\":{\"@type\":\"PropertyValueSpecification\",\"valueRequired\":true,\"valueName\":\"search_term_string\"}}],\"inLanguage\":\"de-DE\"}]}<\/script>\n<!-- \/ Yoast SEO plugin. -->","yoast_head_json":{"title":"Betriebsausflug Klimbos Assen - Klimbos","description":"Ein Betriebsausflug bei Klimbos Assen ist lustig und verbindlich. Nehmen Sie gemeinsam die Herausforderung an und arbeiten Sie mit Ihren Kollegen an der Teambildung, indem Sie den Parcours zwischen den","robots":{"index":"index","follow":"follow","max-snippet":"max-snippet:-1","max-image-preview":"max-image-preview:large","max-video-preview":"max-video-preview:-1"},"canonical":"https:\/\/klimbos.nl\/de\/bedrijfsuitje-klimbos-assen\/","og_locale":"de_DE","og_type":"article","og_title":"Bedrijfsuitje Klimbos Assen - Klimbos","og_description":"Een bedrijfsuitje bij Klimbos Assen is leuk en verbindend. Ga samen de uitdaging aan en werk aan teambuilding met je collega\u2019s door het parcours tussen de","og_url":"https:\/\/klimbos.nl\/de\/bedrijfsuitje-klimbos-assen\/","og_site_name":"Klimbos","article_modified_time":"2026-03-31T15:10:42+00:00","og_image":[{"width":1920,"height":2560,"url":"https:\/\/klimbos.nl\/wp-content\/uploads\/2021\/02\/Klimbos-Nederland-58-scaled.jpg","type":"image\/jpeg"}],"twitter_card":"summary_large_image","twitter_misc":{"Est. reading time":"2 minutes"},"schema":{"@context":"https:\/\/schema.org","@graph":[{"@type":"WebPage","@id":"https:\/\/klimbos.nl\/bedrijfsuitje-klimbos-assen\/","url":"https:\/\/klimbos.nl\/bedrijfsuitje-klimbos-assen\/","name":"Betriebsausflug Klimbos Assen - Klimbos","isPartOf":{"@id":"https:\/\/klimbos.nl\/#website"},"primaryImageOfPage":{"@id":"https:\/\/klimbos.nl\/bedrijfsuitje-klimbos-assen\/#primaryimage"},"image":{"@id":"https:\/\/klimbos.nl\/bedrijfsuitje-klimbos-assen\/#primaryimage"},"thumbnailUrl":"https:\/\/klimbos.nl\/wp-content\/uploads\/2021\/02\/Klimbos-Nederland-58-scaled.jpg","datePublished":"2025-12-02T12:51:09+00:00","dateModified":"2026-03-31T15:10:42+00:00","description":"Ein Betriebsausflug bei Klimbos Assen ist lustig und verbindlich. Nehmen Sie gemeinsam die Herausforderung an und arbeiten Sie mit Ihren Kollegen an der Teambildung, indem Sie den Parcours zwischen den","breadcrumb":{"@id":"https:\/\/klimbos.nl\/bedrijfsuitje-klimbos-assen\/#breadcrumb"},"inLanguage":"de-DE","potentialAction":[{"@type":"ReadAction","target":["https:\/\/klimbos.nl\/bedrijfsuitje-klimbos-assen\/"]}]},{"@type":"ImageObject","inLanguage":"de-DE","@id":"https:\/\/klimbos.nl\/bedrijfsuitje-klimbos-assen\/#primaryimage","url":"https:\/\/klimbos.nl\/wp-content\/uploads\/2021\/02\/Klimbos-Nederland-58-scaled.jpg","contentUrl":"https:\/\/klimbos.nl\/wp-content\/uploads\/2021\/02\/Klimbos-Nederland-58-scaled.jpg","width":1920,"height":2560,"caption":"Klimmen voor jong & oud"},{"@type":"BreadcrumbList","@id":"https:\/\/klimbos.nl\/bedrijfsuitje-klimbos-assen\/#breadcrumb","itemListElement":[{"@type":"ListItem","position":1,"name":"Home","item":"https:\/\/klimbos.nl\/"},{"@type":"ListItem","position":2,"name":"Bedrijfsuitje Klimbos Assen"}]},{"@type":"WebSite","@id":"https:\/\/klimbos.nl\/#website","url":"https:\/\/klimbos.nl\/","name":"Kletterwald","description":"Begeben Sie sich auf ein Abenteuer in den sch\u00f6nsten Gegenden der Niederlande","potentialAction":[{"@type":"SearchAction","target":{"@type":"EntryPoint","urlTemplate":"https:\/\/klimbos.nl\/?s={search_term_string}"},"query-input":{"@type":"PropertyValueSpecification","valueRequired":true,"valueName":"search_term_string"}}],"inLanguage":"de-DE"}]}},"_links":{"self":[{"href":"https:\/\/klimbos.nl\/de\/wp-json\/wp\/v2\/pages\/11068","targetHints":{"allow":["GET"]}}],"collection":[{"href":"https:\/\/klimbos.nl\/de\/wp-json\/wp\/v2\/pages"}],"about":[{"href":"https:\/\/klimbos.nl\/de\/wp-json\/wp\/v2\/types\/page"}],"author":[{"embeddable":true,"href":"https:\/\/klimbos.nl\/de\/wp-json\/wp\/v2\/users\/4"}],"replies":[{"embeddable":true,"href":"https:\/\/klimbos.nl\/de\/wp-json\/wp\/v2\/comments?post=11068"}],"version-history":[{"count":5,"href":"https:\/\/klimbos.nl\/de\/wp-json\/wp\/v2\/pages\/11068\/revisions"}],"predecessor-version":[{"id":11428,"href":"https:\/\/klimbos.nl\/de\/wp-json\/wp\/v2\/pages\/11068\/revisions\/11428"}],"wp:featuredmedia":[{"embeddable":true,"href":"https:\/\/klimbos.nl\/de\/wp-json\/wp\/v2\/media\/487"}],"wp:attachment":[{"href":"https:\/\/klimbos.nl\/de\/wp-json\/wp\/v2\/media?parent=11068"}],"curies":[{"name":"wp","href":"https:\/\/api.w.org\/{rel}","templated":true}]}}