{"id":11308,"date":"2026-02-13T11:33:38","date_gmt":"2026-02-13T10:33:38","guid":{"rendered":"https:\/\/klimbos.nl\/?page_id=11308"},"modified":"2026-02-13T11:33:39","modified_gmt":"2026-02-13T10:33:39","slug":"win-een-muts","status":"publish","type":"page","link":"https:\/\/klimbos.nl\/de\/win-een-muts\/","title":{"rendered":"Gewinnen Sie einen Hut"},"content":{"rendered":"<p>Wenn Sie das untenstehende Formular ausf\u00fcllen, haben Sie die Chance, 1 von 10 Klimbos-H\u00fcten zu gewinnen!<\/p>\n\n\n\n<p>Das Gewinnspiel l\u00e4uft bis zum 1. M\u00e4rz, und die Gewinner werden Anfang M\u00e4rz per E-Mail benachrichtigt.<\/p>","protected":false},"excerpt":{"rendered":"<p>Wenn Sie das untenstehende Formular ausf\u00fcllen, haben Sie die Chance, 1 von 10 Klimbos-H\u00fcten zu gewinnen! Das Gewinnspiel l\u00e4uft bis zum 1. M\u00e4rz und die Gewinner werden Anfang M\u00e4rz per E-Mail benachrichtigt.<\/p>","protected":false},"author":4,"featured_media":0,"parent":0,"menu_order":0,"comment_status":"closed","ping_status":"closed","template":"page-templates\/minimal.php","meta":{"_acf_changed":false,"footnotes":""},"class_list":["post-11308","page","type-page","status-publish","hentry"],"acf":[],"yoast_head":"<!-- This site is optimized with the Yoast SEO plugin v27.3 - https:\/\/yoast.com\/product\/yoast-seo-wordpress\/ -->\n<title>Win een muts - Klimbos<\/title>\n<meta name=\"description\" content=\"Door onderstaand formulier in te vullen maak je kans op 1 van de 10 Klimbos-mutsen! De winactie loopt tot en met 1 maart en de winnaars ontvangen begin\" \/>\n<meta name=\"robots\" content=\"index, follow, max-snippet:-1, max-image-preview:large, max-video-preview:-1\" \/>\n<link rel=\"canonical\" href=\"https:\/\/klimbos.nl\/de\/win-een-muts\/\" \/>\n<meta property=\"og:locale\" content=\"de_DE\" \/>\n<meta property=\"og:type\" content=\"article\" \/>\n<meta property=\"og:title\" content=\"Win een muts - Klimbos\" \/>\n<meta property=\"og:description\" content=\"Door onderstaand formulier in te vullen maak je kans op 1 van de 10 Klimbos-mutsen! De winactie loopt tot en met 1 maart en de winnaars ontvangen begin\" \/>\n<meta property=\"og:url\" content=\"https:\/\/klimbos.nl\/de\/win-een-muts\/\" \/>\n<meta property=\"og:site_name\" content=\"Klimbos\" \/>\n<meta property=\"article:modified_time\" content=\"2026-02-13T10:33:39+00:00\" \/>\n<meta name=\"twitter:card\" content=\"summary_large_image\" \/>\n<meta name=\"twitter:label1\" content=\"Est. reading time\" \/>\n\t<meta name=\"twitter:data1\" content=\"1 minute\" \/>\n<script type=\"application\/ld+json\" class=\"yoast-schema-graph\">{\"@context\":\"https:\\\/\\\/schema.org\",\"@graph\":[{\"@type\":\"WebPage\",\"@id\":\"https:\\\/\\\/klimbos.nl\\\/win-een-muts\\\/\",\"url\":\"https:\\\/\\\/klimbos.nl\\\/win-een-muts\\\/\",\"name\":\"Win een muts - Klimbos\",\"isPartOf\":{\"@id\":\"https:\\\/\\\/klimbos.nl\\\/#website\"},\"datePublished\":\"2026-02-13T10:33:38+00:00\",\"dateModified\":\"2026-02-13T10:33:39+00:00\",\"description\":\"Door onderstaand formulier in te vullen maak je kans op 1 van de 10 Klimbos-mutsen! De winactie loopt tot en met 1 maart en de winnaars ontvangen begin\",\"breadcrumb\":{\"@id\":\"https:\\\/\\\/klimbos.nl\\\/win-een-muts\\\/#breadcrumb\"},\"inLanguage\":\"de-DE\",\"potentialAction\":[{\"@type\":\"ReadAction\",\"target\":[\"https:\\\/\\\/klimbos.nl\\\/win-een-muts\\\/\"]}]},{\"@type\":\"BreadcrumbList\",\"@id\":\"https:\\\/\\\/klimbos.nl\\\/win-een-muts\\\/#breadcrumb\",\"itemListElement\":[{\"@type\":\"ListItem\",\"position\":1,\"name\":\"Home\",\"item\":\"https:\\\/\\\/klimbos.nl\\\/\"},{\"@type\":\"ListItem\",\"position\":2,\"name\":\"Win een muts\"}]},{\"@type\":\"WebSite\",\"@id\":\"https:\\\/\\\/klimbos.nl\\\/#website\",\"url\":\"https:\\\/\\\/klimbos.nl\\\/\",\"name\":\"Klimbos\",\"description\":\"Ga op avontuur in de mooiste gebieden van Nederland\",\"potentialAction\":[{\"@type\":\"SearchAction\",\"target\":{\"@type\":\"EntryPoint\",\"urlTemplate\":\"https:\\\/\\\/klimbos.nl\\\/?s={search_term_string}\"},\"query-input\":{\"@type\":\"PropertyValueSpecification\",\"valueRequired\":true,\"valueName\":\"search_term_string\"}}],\"inLanguage\":\"de-DE\"}]}<\/script>\n<!-- \/ Yoast SEO plugin. -->","yoast_head_json":{"title":"Einen Hut gewinnen - Klimbos","description":"Wenn Sie das untenstehende Formular ausf\u00fcllen, haben Sie die Chance, 1 von 10 Klimbos-H\u00fcten zu gewinnen! Die Verlosung l\u00e4uft bis zum 1. M\u00e4rz und die Gewinner erhalten fr\u00fchzeitig","robots":{"index":"index","follow":"follow","max-snippet":"max-snippet:-1","max-image-preview":"max-image-preview:large","max-video-preview":"max-video-preview:-1"},"canonical":"https:\/\/klimbos.nl\/de\/win-een-muts\/","og_locale":"de_DE","og_type":"article","og_title":"Win een muts - Klimbos","og_description":"Door onderstaand formulier in te vullen maak je kans op 1 van de 10 Klimbos-mutsen! De winactie loopt tot en met 1 maart en de winnaars ontvangen begin","og_url":"https:\/\/klimbos.nl\/de\/win-een-muts\/","og_site_name":"Klimbos","article_modified_time":"2026-02-13T10:33:39+00:00","twitter_card":"summary_large_image","twitter_misc":{"Est. reading time":"1 minute"},"schema":{"@context":"https:\/\/schema.org","@graph":[{"@type":"WebPage","@id":"https:\/\/klimbos.nl\/win-een-muts\/","url":"https:\/\/klimbos.nl\/win-een-muts\/","name":"Einen Hut gewinnen - Klimbos","isPartOf":{"@id":"https:\/\/klimbos.nl\/#website"},"datePublished":"2026-02-13T10:33:38+00:00","dateModified":"2026-02-13T10:33:39+00:00","description":"Wenn Sie das untenstehende Formular ausf\u00fcllen, haben Sie die Chance, 1 von 10 Klimbos-H\u00fcten zu gewinnen! Die Verlosung l\u00e4uft bis zum 1. M\u00e4rz und die Gewinner erhalten fr\u00fchzeitig","breadcrumb":{"@id":"https:\/\/klimbos.nl\/win-een-muts\/#breadcrumb"},"inLanguage":"de-DE","potentialAction":[{"@type":"ReadAction","target":["https:\/\/klimbos.nl\/win-een-muts\/"]}]},{"@type":"BreadcrumbList","@id":"https:\/\/klimbos.nl\/win-een-muts\/#breadcrumb","itemListElement":[{"@type":"ListItem","position":1,"name":"Home","item":"https:\/\/klimbos.nl\/"},{"@type":"ListItem","position":2,"name":"Win een muts"}]},{"@type":"WebSite","@id":"https:\/\/klimbos.nl\/#website","url":"https:\/\/klimbos.nl\/","name":"Kletterwald","description":"Begeben Sie sich auf ein Abenteuer in den sch\u00f6nsten Gegenden der Niederlande","potentialAction":[{"@type":"SearchAction","target":{"@type":"EntryPoint","urlTemplate":"https:\/\/klimbos.nl\/?s={search_term_string}"},"query-input":{"@type":"PropertyValueSpecification","valueRequired":true,"valueName":"search_term_string"}}],"inLanguage":"de-DE"}]}},"_links":{"self":[{"href":"https:\/\/klimbos.nl\/de\/wp-json\/wp\/v2\/pages\/11308","targetHints":{"allow":["GET"]}}],"collection":[{"href":"https:\/\/klimbos.nl\/de\/wp-json\/wp\/v2\/pages"}],"about":[{"href":"https:\/\/klimbos.nl\/de\/wp-json\/wp\/v2\/types\/page"}],"author":[{"embeddable":true,"href":"https:\/\/klimbos.nl\/de\/wp-json\/wp\/v2\/users\/4"}],"replies":[{"embeddable":true,"href":"https:\/\/klimbos.nl\/de\/wp-json\/wp\/v2\/comments?post=11308"}],"version-history":[{"count":1,"href":"https:\/\/klimbos.nl\/de\/wp-json\/wp\/v2\/pages\/11308\/revisions"}],"predecessor-version":[{"id":11309,"href":"https:\/\/klimbos.nl\/de\/wp-json\/wp\/v2\/pages\/11308\/revisions\/11309"}],"wp:attachment":[{"href":"https:\/\/klimbos.nl\/de\/wp-json\/wp\/v2\/media?parent=11308"}],"curies":[{"name":"wp","href":"https:\/\/api.w.org\/{rel}","templated":true}]}}