{"id":162,"date":"2021-02-04T12:41:42","date_gmt":"2021-02-04T11:41:42","guid":{"rendered":"https:\/\/klimbos.nl\/?page_id=162"},"modified":"2026-03-10T11:37:40","modified_gmt":"2026-03-10T10:37:40","slug":"schulen","status":"publish","type":"page","link":"https:\/\/klimbos.nl\/de\/schulen\/","title":{"rendered":"Schulausflug in den Kletterwald"},"content":{"rendered":"<p>Die Spannung steigt. Die Sch\u00fcler schlucken noch ein paar Mal. Bei diesem Schulausflug werden sie an ihre Grenzen gehen und sich ihren Weg durch die sch\u00f6nsten Kletterw\u00e4lder der Niederlande bahnen. \u00dcber herausfordernde Br\u00fccken, Netze und verr\u00fcckte Seilrutschen haben die Sch\u00fcler nicht nur Spa\u00df, sondern lernen auch, zusammenzuarbeiten und in einer wundersch\u00f6nen Umgebung aktiv zu sein.<\/p>","protected":false},"excerpt":{"rendered":"<p>Die Spannung steigt. Die Sch\u00fcler schlucken noch ein paar Mal. Bei diesem Schulausflug werden sie an ihre Grenzen gehen und sich ihren Weg durch die sch\u00f6nsten Kletterw\u00e4lder der Niederlande bahnen. \u00dcber herausfordernde Br\u00fccken, Netze und verr\u00fcckte Seilbahnen haben die Sch\u00fcler nicht nur Spa\u00df, sondern lernen auch, zusammenzuarbeiten und aktiv zu sein...<\/p>","protected":false},"author":1,"featured_media":5042,"parent":0,"menu_order":0,"comment_status":"closed","ping_status":"closed","template":"page-templates\/contentblokken.php","meta":{"_acf_changed":false,"footnotes":""},"class_list":["post-162","page","type-page","status-publish","has-post-thumbnail","hentry"],"acf":[],"yoast_head":"<!-- This site is optimized with the Yoast SEO plugin v27.3 - https:\/\/yoast.com\/product\/yoast-seo-wordpress\/ -->\n<title>Schooluitje in het klimbos<\/title>\n<meta name=\"description\" content=\"Leerlingen verleggen grenzen en banen zich een weg door de mooiste Klimbossen van Nederland tijdens dit schooluitje. Samen klimmen verbindt!\" \/>\n<meta name=\"robots\" content=\"index, follow, max-snippet:-1, max-image-preview:large, max-video-preview:-1\" \/>\n<link rel=\"canonical\" href=\"https:\/\/klimbos.nl\/de\/schulen\/\" \/>\n<meta property=\"og:locale\" content=\"de_DE\" \/>\n<meta property=\"og:type\" content=\"article\" \/>\n<meta property=\"og:title\" content=\"Schooluitje in het klimbos\" \/>\n<meta property=\"og:description\" content=\"Leerlingen verleggen grenzen en banen zich een weg door de mooiste Klimbossen van Nederland tijdens dit schooluitje. Samen klimmen verbindt!\" \/>\n<meta property=\"og:url\" content=\"https:\/\/klimbos.nl\/de\/schulen\/\" \/>\n<meta property=\"og:site_name\" content=\"Klimbos\" \/>\n<meta property=\"article:modified_time\" content=\"2026-03-10T10:37:40+00:00\" \/>\n<meta property=\"og:image\" content=\"https:\/\/klimbos.nl\/wp-content\/uploads\/2022\/04\/2591KlimbosBW-scaled-e1650626880402.jpg\" \/>\n\t<meta property=\"og:image:width\" content=\"1780\" \/>\n\t<meta property=\"og:image:height\" content=\"1188\" \/>\n\t<meta property=\"og:image:type\" content=\"image\/jpeg\" \/>\n<meta name=\"twitter:card\" content=\"summary_large_image\" \/>\n<meta name=\"twitter:label1\" content=\"Est. reading time\" \/>\n\t<meta name=\"twitter:data1\" content=\"2 minutes\" \/>\n<script type=\"application\/ld+json\" class=\"yoast-schema-graph\">{\"@context\":\"https:\\\/\\\/schema.org\",\"@graph\":[{\"@type\":\"WebPage\",\"@id\":\"https:\\\/\\\/klimbos.nl\\\/scholen\\\/\",\"url\":\"https:\\\/\\\/klimbos.nl\\\/scholen\\\/\",\"name\":\"Schooluitje in het klimbos\",\"isPartOf\":{\"@id\":\"https:\\\/\\\/klimbos.nl\\\/#website\"},\"primaryImageOfPage\":{\"@id\":\"https:\\\/\\\/klimbos.nl\\\/scholen\\\/#primaryimage\"},\"image\":{\"@id\":\"https:\\\/\\\/klimbos.nl\\\/scholen\\\/#primaryimage\"},\"thumbnailUrl\":\"https:\\\/\\\/klimbos.nl\\\/wp-content\\\/uploads\\\/2022\\\/04\\\/2591KlimbosBW-scaled-e1650626880402.jpg\",\"datePublished\":\"2021-02-04T11:41:42+00:00\",\"dateModified\":\"2026-03-10T10:37:40+00:00\",\"description\":\"Leerlingen verleggen grenzen en banen zich een weg door de mooiste Klimbossen van Nederland tijdens dit schooluitje. Samen klimmen verbindt!\",\"breadcrumb\":{\"@id\":\"https:\\\/\\\/klimbos.nl\\\/scholen\\\/#breadcrumb\"},\"inLanguage\":\"de-DE\",\"potentialAction\":[{\"@type\":\"ReadAction\",\"target\":[\"https:\\\/\\\/klimbos.nl\\\/scholen\\\/\"]}]},{\"@type\":\"ImageObject\",\"inLanguage\":\"de-DE\",\"@id\":\"https:\\\/\\\/klimbos.nl\\\/scholen\\\/#primaryimage\",\"url\":\"https:\\\/\\\/klimbos.nl\\\/wp-content\\\/uploads\\\/2022\\\/04\\\/2591KlimbosBW-scaled-e1650626880402.jpg\",\"contentUrl\":\"https:\\\/\\\/klimbos.nl\\\/wp-content\\\/uploads\\\/2022\\\/04\\\/2591KlimbosBW-scaled-e1650626880402.jpg\",\"width\":1780,\"height\":1188,\"caption\":\"Tokkelen in Bergen op Zoom\"},{\"@type\":\"BreadcrumbList\",\"@id\":\"https:\\\/\\\/klimbos.nl\\\/scholen\\\/#breadcrumb\",\"itemListElement\":[{\"@type\":\"ListItem\",\"position\":1,\"name\":\"Home\",\"item\":\"https:\\\/\\\/klimbos.nl\\\/\"},{\"@type\":\"ListItem\",\"position\":2,\"name\":\"Schooluitje in het klimbos\"}]},{\"@type\":\"WebSite\",\"@id\":\"https:\\\/\\\/klimbos.nl\\\/#website\",\"url\":\"https:\\\/\\\/klimbos.nl\\\/\",\"name\":\"Klimbos\",\"description\":\"Ga op avontuur in de mooiste gebieden van Nederland\",\"potentialAction\":[{\"@type\":\"SearchAction\",\"target\":{\"@type\":\"EntryPoint\",\"urlTemplate\":\"https:\\\/\\\/klimbos.nl\\\/?s={search_term_string}\"},\"query-input\":{\"@type\":\"PropertyValueSpecification\",\"valueRequired\":true,\"valueName\":\"search_term_string\"}}],\"inLanguage\":\"de-DE\"}]}<\/script>\n<!-- \/ Yoast SEO plugin. -->","yoast_head_json":{"title":"Schulausflug in den Kletterwald","description":"Bei diesem Schulausflug gehen die Sch\u00fclerinnen und Sch\u00fcler an ihre Grenzen und erkunden die sch\u00f6nsten Kletterw\u00e4lder der Niederlande. Gemeinsam klettern verbindet!","robots":{"index":"index","follow":"follow","max-snippet":"max-snippet:-1","max-image-preview":"max-image-preview:large","max-video-preview":"max-video-preview:-1"},"canonical":"https:\/\/klimbos.nl\/de\/schulen\/","og_locale":"de_DE","og_type":"article","og_title":"Schooluitje in het klimbos","og_description":"Leerlingen verleggen grenzen en banen zich een weg door de mooiste Klimbossen van Nederland tijdens dit schooluitje. Samen klimmen verbindt!","og_url":"https:\/\/klimbos.nl\/de\/schulen\/","og_site_name":"Klimbos","article_modified_time":"2026-03-10T10:37:40+00:00","og_image":[{"width":1780,"height":1188,"url":"https:\/\/klimbos.nl\/wp-content\/uploads\/2022\/04\/2591KlimbosBW-scaled-e1650626880402.jpg","type":"image\/jpeg"}],"twitter_card":"summary_large_image","twitter_misc":{"Est. reading time":"2 minutes"},"schema":{"@context":"https:\/\/schema.org","@graph":[{"@type":"WebPage","@id":"https:\/\/klimbos.nl\/scholen\/","url":"https:\/\/klimbos.nl\/scholen\/","name":"Schulausflug in den Kletterwald","isPartOf":{"@id":"https:\/\/klimbos.nl\/#website"},"primaryImageOfPage":{"@id":"https:\/\/klimbos.nl\/scholen\/#primaryimage"},"image":{"@id":"https:\/\/klimbos.nl\/scholen\/#primaryimage"},"thumbnailUrl":"https:\/\/klimbos.nl\/wp-content\/uploads\/2022\/04\/2591KlimbosBW-scaled-e1650626880402.jpg","datePublished":"2021-02-04T11:41:42+00:00","dateModified":"2026-03-10T10:37:40+00:00","description":"Bei diesem Schulausflug gehen die Sch\u00fclerinnen und Sch\u00fcler an ihre Grenzen und erkunden die sch\u00f6nsten Kletterw\u00e4lder der Niederlande. Gemeinsam klettern verbindet!","breadcrumb":{"@id":"https:\/\/klimbos.nl\/scholen\/#breadcrumb"},"inLanguage":"de-DE","potentialAction":[{"@type":"ReadAction","target":["https:\/\/klimbos.nl\/scholen\/"]}]},{"@type":"ImageObject","inLanguage":"de-DE","@id":"https:\/\/klimbos.nl\/scholen\/#primaryimage","url":"https:\/\/klimbos.nl\/wp-content\/uploads\/2022\/04\/2591KlimbosBW-scaled-e1650626880402.jpg","contentUrl":"https:\/\/klimbos.nl\/wp-content\/uploads\/2022\/04\/2591KlimbosBW-scaled-e1650626880402.jpg","width":1780,"height":1188,"caption":"Tokkelen in Bergen op Zoom"},{"@type":"BreadcrumbList","@id":"https:\/\/klimbos.nl\/scholen\/#breadcrumb","itemListElement":[{"@type":"ListItem","position":1,"name":"Home","item":"https:\/\/klimbos.nl\/"},{"@type":"ListItem","position":2,"name":"Schooluitje in het klimbos"}]},{"@type":"WebSite","@id":"https:\/\/klimbos.nl\/#website","url":"https:\/\/klimbos.nl\/","name":"Kletterwald","description":"Begeben Sie sich auf ein Abenteuer in den sch\u00f6nsten Gegenden der Niederlande","potentialAction":[{"@type":"SearchAction","target":{"@type":"EntryPoint","urlTemplate":"https:\/\/klimbos.nl\/?s={search_term_string}"},"query-input":{"@type":"PropertyValueSpecification","valueRequired":true,"valueName":"search_term_string"}}],"inLanguage":"de-DE"}]}},"_links":{"self":[{"href":"https:\/\/klimbos.nl\/de\/wp-json\/wp\/v2\/pages\/162","targetHints":{"allow":["GET"]}}],"collection":[{"href":"https:\/\/klimbos.nl\/de\/wp-json\/wp\/v2\/pages"}],"about":[{"href":"https:\/\/klimbos.nl\/de\/wp-json\/wp\/v2\/types\/page"}],"author":[{"embeddable":true,"href":"https:\/\/klimbos.nl\/de\/wp-json\/wp\/v2\/users\/1"}],"replies":[{"embeddable":true,"href":"https:\/\/klimbos.nl\/de\/wp-json\/wp\/v2\/comments?post=162"}],"version-history":[{"count":4,"href":"https:\/\/klimbos.nl\/de\/wp-json\/wp\/v2\/pages\/162\/revisions"}],"predecessor-version":[{"id":11093,"href":"https:\/\/klimbos.nl\/de\/wp-json\/wp\/v2\/pages\/162\/revisions\/11093"}],"wp:featuredmedia":[{"embeddable":true,"href":"https:\/\/klimbos.nl\/de\/wp-json\/wp\/v2\/media\/5042"}],"wp:attachment":[{"href":"https:\/\/klimbos.nl\/de\/wp-json\/wp\/v2\/media?parent=162"}],"curies":[{"name":"wp","href":"https:\/\/api.w.org\/{rel}","templated":true}]}}