{"id":166,"date":"2021-02-04T12:42:04","date_gmt":"2021-02-04T11:42:04","guid":{"rendered":"https:\/\/klimbos.nl\/?page_id=166"},"modified":"2026-03-10T11:35:30","modified_gmt":"2026-03-10T10:35:30","slug":"gruppen","status":"publish","type":"page","link":"https:\/\/klimbos.nl\/de\/gruppen\/","title":{"rendered":"Gruppenausflug in den Kletterwald"},"content":{"rendered":"<p>Sind Sie auf der Suche nach einer Aktivit\u00e4t oder einem Gruppenausflug f\u00fcr einen Familientag oder einen Junggesellenabschied? Oder m\u00f6chten Sie mit Ihrer Sportmannschaft oder Ihren Freunden etwas Lustiges unternehmen? Dann kommen Sie zum Klettern und erleben Sie die Action!<\/p>","protected":false},"excerpt":{"rendered":"<p>Sind Sie auf der Suche nach einer Aktivit\u00e4t oder einem Gruppenausflug f\u00fcr einen Familientag oder einen Junggesellenabschied? Oder m\u00f6chten Sie mit Ihrer Sportmannschaft oder Ihren Freunden etwas Lustiges unternehmen? Dann kommen Sie zum Klettern und erleben Sie die Action!<\/p>","protected":false},"author":1,"featured_media":1395,"parent":0,"menu_order":0,"comment_status":"closed","ping_status":"closed","template":"page-templates\/contentblokken.php","meta":{"_acf_changed":false,"footnotes":""},"class_list":["post-166","page","type-page","status-publish","has-post-thumbnail","hentry"],"acf":[],"yoast_head":"<!-- This site is optimized with the Yoast SEO plugin v27.3 - https:\/\/yoast.com\/product\/yoast-seo-wordpress\/ -->\n<title>Groepsuitje in het klimbos<\/title>\n<meta name=\"description\" content=\"Ben je op zoek naar een activiteit of groepsuitje voor een familiedag of vrijgezellenfeest? Kom samen klimmen. Voor jong &amp; oud!\" \/>\n<meta name=\"robots\" content=\"index, follow, max-snippet:-1, max-image-preview:large, max-video-preview:-1\" \/>\n<link rel=\"canonical\" href=\"https:\/\/klimbos.nl\/de\/gruppen\/\" \/>\n<meta property=\"og:locale\" content=\"de_DE\" \/>\n<meta property=\"og:type\" content=\"article\" \/>\n<meta property=\"og:title\" content=\"Groepsuitje in het klimbos\" \/>\n<meta property=\"og:description\" content=\"Ben je op zoek naar een activiteit of groepsuitje voor een familiedag of vrijgezellenfeest? Kom samen klimmen. Voor jong &amp; oud!\" \/>\n<meta property=\"og:url\" content=\"https:\/\/klimbos.nl\/de\/gruppen\/\" \/>\n<meta property=\"og:site_name\" content=\"Klimbos\" \/>\n<meta property=\"article:modified_time\" content=\"2026-03-10T10:35:30+00:00\" \/>\n<meta property=\"og:image\" content=\"https:\/\/klimbos.nl\/wp-content\/uploads\/2021\/02\/DSC_1853A-scaled.jpg\" \/>\n\t<meta property=\"og:image:width\" content=\"2560\" \/>\n\t<meta property=\"og:image:height\" content=\"1707\" \/>\n\t<meta property=\"og:image:type\" content=\"image\/jpeg\" \/>\n<meta name=\"twitter:card\" content=\"summary_large_image\" \/>\n<meta name=\"twitter:label1\" content=\"Est. reading time\" \/>\n\t<meta name=\"twitter:data1\" content=\"2 minutes\" \/>\n<script type=\"application\/ld+json\" class=\"yoast-schema-graph\">{\"@context\":\"https:\\\/\\\/schema.org\",\"@graph\":[{\"@type\":\"WebPage\",\"@id\":\"https:\\\/\\\/klimbos.nl\\\/groepen\\\/\",\"url\":\"https:\\\/\\\/klimbos.nl\\\/groepen\\\/\",\"name\":\"Groepsuitje in het klimbos\",\"isPartOf\":{\"@id\":\"https:\\\/\\\/klimbos.nl\\\/#website\"},\"primaryImageOfPage\":{\"@id\":\"https:\\\/\\\/klimbos.nl\\\/groepen\\\/#primaryimage\"},\"image\":{\"@id\":\"https:\\\/\\\/klimbos.nl\\\/groepen\\\/#primaryimage\"},\"thumbnailUrl\":\"https:\\\/\\\/klimbos.nl\\\/wp-content\\\/uploads\\\/2021\\\/02\\\/DSC_1853A-scaled.jpg\",\"datePublished\":\"2021-02-04T11:42:04+00:00\",\"dateModified\":\"2026-03-10T10:35:30+00:00\",\"description\":\"Ben je op zoek naar een activiteit of groepsuitje voor een familiedag of vrijgezellenfeest? Kom samen klimmen. Voor jong & oud!\",\"breadcrumb\":{\"@id\":\"https:\\\/\\\/klimbos.nl\\\/groepen\\\/#breadcrumb\"},\"inLanguage\":\"de-DE\",\"potentialAction\":[{\"@type\":\"ReadAction\",\"target\":[\"https:\\\/\\\/klimbos.nl\\\/groepen\\\/\"]}]},{\"@type\":\"ImageObject\",\"inLanguage\":\"de-DE\",\"@id\":\"https:\\\/\\\/klimbos.nl\\\/groepen\\\/#primaryimage\",\"url\":\"https:\\\/\\\/klimbos.nl\\\/wp-content\\\/uploads\\\/2021\\\/02\\\/DSC_1853A-scaled.jpg\",\"contentUrl\":\"https:\\\/\\\/klimbos.nl\\\/wp-content\\\/uploads\\\/2021\\\/02\\\/DSC_1853A-scaled.jpg\",\"width\":2560,\"height\":1707,\"caption\":\"Klimbos Achterhoek\"},{\"@type\":\"BreadcrumbList\",\"@id\":\"https:\\\/\\\/klimbos.nl\\\/groepen\\\/#breadcrumb\",\"itemListElement\":[{\"@type\":\"ListItem\",\"position\":1,\"name\":\"Home\",\"item\":\"https:\\\/\\\/klimbos.nl\\\/\"},{\"@type\":\"ListItem\",\"position\":2,\"name\":\"Groepsuitje in het klimbos\"}]},{\"@type\":\"WebSite\",\"@id\":\"https:\\\/\\\/klimbos.nl\\\/#website\",\"url\":\"https:\\\/\\\/klimbos.nl\\\/\",\"name\":\"Klimbos\",\"description\":\"Ga op avontuur in de mooiste gebieden van Nederland\",\"potentialAction\":[{\"@type\":\"SearchAction\",\"target\":{\"@type\":\"EntryPoint\",\"urlTemplate\":\"https:\\\/\\\/klimbos.nl\\\/?s={search_term_string}\"},\"query-input\":{\"@type\":\"PropertyValueSpecification\",\"valueRequired\":true,\"valueName\":\"search_term_string\"}}],\"inLanguage\":\"de-DE\"}]}<\/script>\n<!-- \/ Yoast SEO plugin. -->","yoast_head_json":{"title":"Gruppenausflug in den Kletterwald","description":"Sind Sie auf der Suche nach einer Aktivit\u00e4t oder einem Gruppenausflug f\u00fcr einen Familientag oder einen Junggesellenabschied? Kommen Sie gemeinsam klettern. F\u00fcr Jung &amp; Alt!","robots":{"index":"index","follow":"follow","max-snippet":"max-snippet:-1","max-image-preview":"max-image-preview:large","max-video-preview":"max-video-preview:-1"},"canonical":"https:\/\/klimbos.nl\/de\/gruppen\/","og_locale":"de_DE","og_type":"article","og_title":"Groepsuitje in het klimbos","og_description":"Ben je op zoek naar een activiteit of groepsuitje voor een familiedag of vrijgezellenfeest? Kom samen klimmen. Voor jong & oud!","og_url":"https:\/\/klimbos.nl\/de\/gruppen\/","og_site_name":"Klimbos","article_modified_time":"2026-03-10T10:35:30+00:00","og_image":[{"width":2560,"height":1707,"url":"https:\/\/klimbos.nl\/wp-content\/uploads\/2021\/02\/DSC_1853A-scaled.jpg","type":"image\/jpeg"}],"twitter_card":"summary_large_image","twitter_misc":{"Est. reading time":"2 minutes"},"schema":{"@context":"https:\/\/schema.org","@graph":[{"@type":"WebPage","@id":"https:\/\/klimbos.nl\/groepen\/","url":"https:\/\/klimbos.nl\/groepen\/","name":"Gruppenausflug in den Kletterwald","isPartOf":{"@id":"https:\/\/klimbos.nl\/#website"},"primaryImageOfPage":{"@id":"https:\/\/klimbos.nl\/groepen\/#primaryimage"},"image":{"@id":"https:\/\/klimbos.nl\/groepen\/#primaryimage"},"thumbnailUrl":"https:\/\/klimbos.nl\/wp-content\/uploads\/2021\/02\/DSC_1853A-scaled.jpg","datePublished":"2021-02-04T11:42:04+00:00","dateModified":"2026-03-10T10:35:30+00:00","description":"Sind Sie auf der Suche nach einer Aktivit\u00e4t oder einem Gruppenausflug f\u00fcr einen Familientag oder einen Junggesellenabschied? Kommen Sie gemeinsam klettern. F\u00fcr Jung &amp; Alt!","breadcrumb":{"@id":"https:\/\/klimbos.nl\/groepen\/#breadcrumb"},"inLanguage":"de-DE","potentialAction":[{"@type":"ReadAction","target":["https:\/\/klimbos.nl\/groepen\/"]}]},{"@type":"ImageObject","inLanguage":"de-DE","@id":"https:\/\/klimbos.nl\/groepen\/#primaryimage","url":"https:\/\/klimbos.nl\/wp-content\/uploads\/2021\/02\/DSC_1853A-scaled.jpg","contentUrl":"https:\/\/klimbos.nl\/wp-content\/uploads\/2021\/02\/DSC_1853A-scaled.jpg","width":2560,"height":1707,"caption":"Klimbos Achterhoek"},{"@type":"BreadcrumbList","@id":"https:\/\/klimbos.nl\/groepen\/#breadcrumb","itemListElement":[{"@type":"ListItem","position":1,"name":"Home","item":"https:\/\/klimbos.nl\/"},{"@type":"ListItem","position":2,"name":"Groepsuitje in het klimbos"}]},{"@type":"WebSite","@id":"https:\/\/klimbos.nl\/#website","url":"https:\/\/klimbos.nl\/","name":"Kletterwald","description":"Begeben Sie sich auf ein Abenteuer in den sch\u00f6nsten Gegenden der Niederlande","potentialAction":[{"@type":"SearchAction","target":{"@type":"EntryPoint","urlTemplate":"https:\/\/klimbos.nl\/?s={search_term_string}"},"query-input":{"@type":"PropertyValueSpecification","valueRequired":true,"valueName":"search_term_string"}}],"inLanguage":"de-DE"}]}},"_links":{"self":[{"href":"https:\/\/klimbos.nl\/de\/wp-json\/wp\/v2\/pages\/166","targetHints":{"allow":["GET"]}}],"collection":[{"href":"https:\/\/klimbos.nl\/de\/wp-json\/wp\/v2\/pages"}],"about":[{"href":"https:\/\/klimbos.nl\/de\/wp-json\/wp\/v2\/types\/page"}],"author":[{"embeddable":true,"href":"https:\/\/klimbos.nl\/de\/wp-json\/wp\/v2\/users\/1"}],"replies":[{"embeddable":true,"href":"https:\/\/klimbos.nl\/de\/wp-json\/wp\/v2\/comments?post=166"}],"version-history":[{"count":1,"href":"https:\/\/klimbos.nl\/de\/wp-json\/wp\/v2\/pages\/166\/revisions"}],"predecessor-version":[{"id":11090,"href":"https:\/\/klimbos.nl\/de\/wp-json\/wp\/v2\/pages\/166\/revisions\/11090"}],"wp:featuredmedia":[{"embeddable":true,"href":"https:\/\/klimbos.nl\/de\/wp-json\/wp\/v2\/media\/1395"}],"wp:attachment":[{"href":"https:\/\/klimbos.nl\/de\/wp-json\/wp\/v2\/media?parent=166"}],"curies":[{"name":"wp","href":"https:\/\/api.w.org\/{rel}","templated":true}]}}