{"id":2,"date":"2021-02-01T10:09:18","date_gmt":"2021-02-01T09:09:18","guid":{"rendered":"https:\/\/klimbos.nl\/?page_id=2"},"modified":"2026-03-30T15:04:58","modified_gmt":"2026-03-30T13:04:58","slug":"klettern-fur-jung-und-alt","status":"publish","type":"page","link":"https:\/\/klimbos.nl\/de\/","title":{"rendered":"Klettern f\u00fcr Alle"},"content":{"rendered":"<p>Erleben Sie 3 Stunden Kletterspa\u00df in einem Kletterwald und gehen Sie f\u00fcr die beste Aussicht bis ans Limit. W\u00e4hlen Sie Ihre eigene Route und entscheiden Sie, wie hoch Sie gehen wollen! Sicher ist es in jedem Fall, dank des durchgehenden Sicherungssystems. So k\u00f6nnen Sie unabh\u00e4ngig und auf Ihrem eigenen Niveau klettern.<\/p>\n\n\n\n<p><\/p>","protected":false},"excerpt":{"rendered":"<p>Erleben Sie 3 Stunden Kletterspa\u00df in einem Kletterwald und gehen Sie f\u00fcr die beste Aussicht bis ans Limit. W\u00e4hlen Sie Ihre eigene Route und entscheiden Sie, wie hoch Sie gehen wollen! Sicher ist es in jedem Fall, dank des durchgehenden Sicherungssystems. So k\u00f6nnen Sie unabh\u00e4ngig und auf Ihrem eigenen Niveau klettern.<\/p>","protected":false},"author":1,"featured_media":7648,"parent":0,"menu_order":0,"comment_status":"closed","ping_status":"closed","template":"page-templates\/contentblokken.php","meta":{"_acf_changed":false,"footnotes":""},"class_list":["post-2","page","type-page","status-publish","has-post-thumbnail","hentry"],"acf":[],"yoast_head":"<!-- This site is optimized with the Yoast SEO plugin v27.3 - https:\/\/yoast.com\/product\/yoast-seo-wordpress\/ -->\n<title>3 uur klimplezier voor jong en oud | 6 locaties | Klimbos Nederland<\/title>\n<meta name=\"description\" content=\"Klim hoog tussen de boomtoppen met het mooiste uitzicht. Ga voor 3 uur klimplezier en beleef met elkaar een top dag om nooit meer te vergeten.\" \/>\n<meta name=\"robots\" content=\"index, follow, max-snippet:-1, max-image-preview:large, max-video-preview:-1\" \/>\n<link rel=\"canonical\" href=\"https:\/\/klimbos.nl\/de\/\" \/>\n<meta property=\"og:locale\" content=\"de_DE\" \/>\n<meta property=\"og:type\" content=\"article\" \/>\n<meta property=\"og:title\" content=\"3 uur klimplezier voor jong en oud | 6 locaties | Klimbos Nederland\" \/>\n<meta property=\"og:description\" content=\"Klim hoog tussen de boomtoppen met het mooiste uitzicht. Ga voor 3 uur klimplezier en beleef met elkaar een top dag om nooit meer te vergeten.\" \/>\n<meta property=\"og:url\" content=\"https:\/\/klimbos.nl\/de\/\" \/>\n<meta property=\"og:site_name\" content=\"Klimbos\" \/>\n<meta property=\"article:modified_time\" content=\"2026-03-30T13:04:58+00:00\" \/>\n<meta property=\"og:image\" content=\"https:\/\/klimbos.nl\/wp-content\/uploads\/2023\/06\/JurgenPillen6373-scaled.jpg\" \/>\n\t<meta property=\"og:image:width\" content=\"2560\" \/>\n\t<meta property=\"og:image:height\" content=\"1707\" \/>\n\t<meta property=\"og:image:type\" content=\"image\/jpeg\" \/>\n<meta name=\"twitter:card\" content=\"summary_large_image\" \/>\n<meta name=\"twitter:label1\" content=\"Est. reading time\" \/>\n\t<meta name=\"twitter:data1\" content=\"4 minutes\" \/>\n<script type=\"application\/ld+json\" class=\"yoast-schema-graph\">{\"@context\":\"https:\\\/\\\/schema.org\",\"@graph\":[{\"@type\":\"WebPage\",\"@id\":\"https:\\\/\\\/klimbos.nl\\\/\",\"url\":\"https:\\\/\\\/klimbos.nl\\\/\",\"name\":\"3 uur klimplezier voor jong en oud | 6 locaties | Klimbos Nederland\",\"isPartOf\":{\"@id\":\"https:\\\/\\\/klimbos.nl\\\/#website\"},\"primaryImageOfPage\":{\"@id\":\"https:\\\/\\\/klimbos.nl\\\/#primaryimage\"},\"image\":{\"@id\":\"https:\\\/\\\/klimbos.nl\\\/#primaryimage\"},\"thumbnailUrl\":\"https:\\\/\\\/klimbos.nl\\\/wp-content\\\/uploads\\\/2023\\\/06\\\/JurgenPillen6373-scaled.jpg\",\"datePublished\":\"2021-02-01T09:09:18+00:00\",\"dateModified\":\"2026-03-30T13:04:58+00:00\",\"description\":\"Klim hoog tussen de boomtoppen met het mooiste uitzicht. Ga voor 3 uur klimplezier en beleef met elkaar een top dag om nooit meer te vergeten.\",\"breadcrumb\":{\"@id\":\"https:\\\/\\\/klimbos.nl\\\/#breadcrumb\"},\"inLanguage\":\"de-DE\",\"potentialAction\":[{\"@type\":\"ReadAction\",\"target\":[\"https:\\\/\\\/klimbos.nl\\\/\"]}]},{\"@type\":\"ImageObject\",\"inLanguage\":\"de-DE\",\"@id\":\"https:\\\/\\\/klimbos.nl\\\/#primaryimage\",\"url\":\"https:\\\/\\\/klimbos.nl\\\/wp-content\\\/uploads\\\/2023\\\/06\\\/JurgenPillen6373-scaled.jpg\",\"contentUrl\":\"https:\\\/\\\/klimbos.nl\\\/wp-content\\\/uploads\\\/2023\\\/06\\\/JurgenPillen6373-scaled.jpg\",\"width\":2560,\"height\":1707,\"caption\":\"Met 3 jongens over een oranje klimroute\"},{\"@type\":\"BreadcrumbList\",\"@id\":\"https:\\\/\\\/klimbos.nl\\\/#breadcrumb\",\"itemListElement\":[{\"@type\":\"ListItem\",\"position\":1,\"name\":\"Home\",\"item\":\"https:\\\/\\\/klimbos.nl\\\/\"},{\"@type\":\"ListItem\",\"position\":2,\"name\":\"Klimmen voor jong &#038; oud\"}]},{\"@type\":\"WebSite\",\"@id\":\"https:\\\/\\\/klimbos.nl\\\/#website\",\"url\":\"https:\\\/\\\/klimbos.nl\\\/\",\"name\":\"Klimbos\",\"description\":\"Ga op avontuur in de mooiste gebieden van Nederland\",\"potentialAction\":[{\"@type\":\"SearchAction\",\"target\":{\"@type\":\"EntryPoint\",\"urlTemplate\":\"https:\\\/\\\/klimbos.nl\\\/?s={search_term_string}\"},\"query-input\":{\"@type\":\"PropertyValueSpecification\",\"valueRequired\":true,\"valueName\":\"search_term_string\"}}],\"inLanguage\":\"de-DE\"}]}<\/script>\n<!-- \/ Yoast SEO plugin. -->","yoast_head_json":{"title":"3 Stunden Kletterspa\u00df f\u00fcr Jung und Alt | 6 Standorte | Klimbos Nederland","description":"Klettern Sie hoch oben in den Baumwipfeln und genie\u00dfen Sie die sch\u00f6nsten Aussichten. Machen Sie sich auf 3 Stunden Kletterspa\u00df gefasst und erleben Sie gemeinsam einen unvergesslichen Spitzentag.","robots":{"index":"index","follow":"follow","max-snippet":"max-snippet:-1","max-image-preview":"max-image-preview:large","max-video-preview":"max-video-preview:-1"},"canonical":"https:\/\/klimbos.nl\/de\/","og_locale":"de_DE","og_type":"article","og_title":"3 uur klimplezier voor jong en oud | 6 locaties | Klimbos Nederland","og_description":"Klim hoog tussen de boomtoppen met het mooiste uitzicht. Ga voor 3 uur klimplezier en beleef met elkaar een top dag om nooit meer te vergeten.","og_url":"https:\/\/klimbos.nl\/de\/","og_site_name":"Klimbos","article_modified_time":"2026-03-30T13:04:58+00:00","og_image":[{"width":2560,"height":1707,"url":"https:\/\/klimbos.nl\/wp-content\/uploads\/2023\/06\/JurgenPillen6373-scaled.jpg","type":"image\/jpeg"}],"twitter_card":"summary_large_image","twitter_misc":{"Est. reading time":"4 minutes"},"schema":{"@context":"https:\/\/schema.org","@graph":[{"@type":"WebPage","@id":"https:\/\/klimbos.nl\/","url":"https:\/\/klimbos.nl\/","name":"3 Stunden Kletterspa\u00df f\u00fcr Jung und Alt | 6 Standorte | Klimbos Nederland","isPartOf":{"@id":"https:\/\/klimbos.nl\/#website"},"primaryImageOfPage":{"@id":"https:\/\/klimbos.nl\/#primaryimage"},"image":{"@id":"https:\/\/klimbos.nl\/#primaryimage"},"thumbnailUrl":"https:\/\/klimbos.nl\/wp-content\/uploads\/2023\/06\/JurgenPillen6373-scaled.jpg","datePublished":"2021-02-01T09:09:18+00:00","dateModified":"2026-03-30T13:04:58+00:00","description":"Klettern Sie hoch oben in den Baumwipfeln und genie\u00dfen Sie die sch\u00f6nsten Aussichten. Machen Sie sich auf 3 Stunden Kletterspa\u00df gefasst und erleben Sie gemeinsam einen unvergesslichen Spitzentag.","breadcrumb":{"@id":"https:\/\/klimbos.nl\/#breadcrumb"},"inLanguage":"de-DE","potentialAction":[{"@type":"ReadAction","target":["https:\/\/klimbos.nl\/"]}]},{"@type":"ImageObject","inLanguage":"de-DE","@id":"https:\/\/klimbos.nl\/#primaryimage","url":"https:\/\/klimbos.nl\/wp-content\/uploads\/2023\/06\/JurgenPillen6373-scaled.jpg","contentUrl":"https:\/\/klimbos.nl\/wp-content\/uploads\/2023\/06\/JurgenPillen6373-scaled.jpg","width":2560,"height":1707,"caption":"Met 3 jongens over een oranje klimroute"},{"@type":"BreadcrumbList","@id":"https:\/\/klimbos.nl\/#breadcrumb","itemListElement":[{"@type":"ListItem","position":1,"name":"Home","item":"https:\/\/klimbos.nl\/"},{"@type":"ListItem","position":2,"name":"Klimmen voor jong &#038; oud"}]},{"@type":"WebSite","@id":"https:\/\/klimbos.nl\/#website","url":"https:\/\/klimbos.nl\/","name":"Kletterwald","description":"Begeben Sie sich auf ein Abenteuer in den sch\u00f6nsten Gegenden der Niederlande","potentialAction":[{"@type":"SearchAction","target":{"@type":"EntryPoint","urlTemplate":"https:\/\/klimbos.nl\/?s={search_term_string}"},"query-input":{"@type":"PropertyValueSpecification","valueRequired":true,"valueName":"search_term_string"}}],"inLanguage":"de-DE"}]}},"_links":{"self":[{"href":"https:\/\/klimbos.nl\/de\/wp-json\/wp\/v2\/pages\/2","targetHints":{"allow":["GET"]}}],"collection":[{"href":"https:\/\/klimbos.nl\/de\/wp-json\/wp\/v2\/pages"}],"about":[{"href":"https:\/\/klimbos.nl\/de\/wp-json\/wp\/v2\/types\/page"}],"author":[{"embeddable":true,"href":"https:\/\/klimbos.nl\/de\/wp-json\/wp\/v2\/users\/1"}],"replies":[{"embeddable":true,"href":"https:\/\/klimbos.nl\/de\/wp-json\/wp\/v2\/comments?post=2"}],"version-history":[{"count":7,"href":"https:\/\/klimbos.nl\/de\/wp-json\/wp\/v2\/pages\/2\/revisions"}],"predecessor-version":[{"id":11086,"href":"https:\/\/klimbos.nl\/de\/wp-json\/wp\/v2\/pages\/2\/revisions\/11086"}],"wp:featuredmedia":[{"embeddable":true,"href":"https:\/\/klimbos.nl\/de\/wp-json\/wp\/v2\/media\/7648"}],"wp:attachment":[{"href":"https:\/\/klimbos.nl\/de\/wp-json\/wp\/v2\/media?parent=2"}],"curies":[{"name":"wp","href":"https:\/\/api.w.org\/{rel}","templated":true}]}}