{"id":2363,"date":"2021-05-20T11:10:05","date_gmt":"2021-05-20T09:10:05","guid":{"rendered":"https:\/\/klimbos.nl\/?page_id=2363"},"modified":"2026-01-06T09:20:57","modified_gmt":"2026-01-06T08:20:57","slug":"upgrades-kinderparty-kletterwald-ruurlo","status":"publish","type":"page","link":"https:\/\/klimbos.nl\/de\/upgrades-kinderparty-kletterwald-ruurlo\/","title":{"rendered":"Upgrades Kinderfest Klimbos Ruurlo"},"content":{"rendered":"<p>Peppen Sie Ihre Kletterparty auf, indem Sie ein Upgrade hinzuf\u00fcgen!<\/p>\n\n\n\n<p>Eine Kletterparty ist ab 5 Kindern m\u00f6glich und beinhaltet Getr\u00e4nke, ein Geschenk f\u00fcr das Geburtstagskind und ein Souvenir. Sie k\u00f6nnen das Upgrade unten hinzuf\u00fcgen, w\u00e4hrend Sie die Buchung vornehmen.<\/p>","protected":false},"excerpt":{"rendered":"<p>Peppen Sie Ihre Kletterparty auf, f\u00fcgen Sie ein Upgrade hinzu! Eine Kletterparty ist ab 5 Kindern m\u00f6glich und beinhaltet Getr\u00e4nke, ein Geschenk f\u00fcr das Geburtstagskind und ein Souvenir. Sie k\u00f6nnen das Upgrade unten hinzuf\u00fcgen, w\u00e4hrend Sie Ihre Buchung vornehmen.<\/p>","protected":false},"author":4,"featured_media":0,"parent":0,"menu_order":0,"comment_status":"closed","ping_status":"closed","template":"page-templates\/upgrades.php","meta":{"_acf_changed":false,"footnotes":""},"class_list":["post-2363","page","type-page","status-publish","hentry"],"acf":[],"yoast_head":"<!-- This site is optimized with the Yoast SEO plugin v27.3 - https:\/\/yoast.com\/product\/yoast-seo-wordpress\/ -->\n<title>Upgrades Kinderfeestje Klimbos Ruurlo - Klimbos<\/title>\n<meta name=\"description\" content=\"Spice je klimfeestje op, voeg een upgrade toe! Een klimfeest kan vanaf 5 kinderen en is inclusief ranja, een cadeautje voor de jarige en een aandenken.\" \/>\n<meta name=\"robots\" content=\"index, follow, max-snippet:-1, max-image-preview:large, max-video-preview:-1\" \/>\n<link rel=\"canonical\" href=\"https:\/\/klimbos.nl\/de\/upgrades-kinderparty-kletterwald-ruurlo\/\" \/>\n<meta property=\"og:locale\" content=\"de_DE\" \/>\n<meta property=\"og:type\" content=\"article\" \/>\n<meta property=\"og:title\" content=\"Upgrades Kinderfeestje Klimbos Ruurlo - Klimbos\" \/>\n<meta property=\"og:description\" content=\"Spice je klimfeestje op, voeg een upgrade toe! Een klimfeest kan vanaf 5 kinderen en is inclusief ranja, een cadeautje voor de jarige en een aandenken.\" \/>\n<meta property=\"og:url\" content=\"https:\/\/klimbos.nl\/de\/upgrades-kinderparty-kletterwald-ruurlo\/\" \/>\n<meta property=\"og:site_name\" content=\"Klimbos\" \/>\n<meta property=\"article:modified_time\" content=\"2026-01-06T08:20:57+00:00\" \/>\n<meta name=\"twitter:card\" content=\"summary_large_image\" \/>\n<meta name=\"twitter:label1\" content=\"Est. reading time\" \/>\n\t<meta name=\"twitter:data1\" content=\"1 minute\" \/>\n<script type=\"application\/ld+json\" class=\"yoast-schema-graph\">{\"@context\":\"https:\\\/\\\/schema.org\",\"@graph\":[{\"@type\":\"WebPage\",\"@id\":\"https:\\\/\\\/klimbos.nl\\\/upgrades-kinderfeestje-klimbos-ruurlo\\\/\",\"url\":\"https:\\\/\\\/klimbos.nl\\\/upgrades-kinderfeestje-klimbos-ruurlo\\\/\",\"name\":\"Upgrades Kinderfeestje Klimbos Ruurlo - Klimbos\",\"isPartOf\":{\"@id\":\"https:\\\/\\\/klimbos.nl\\\/#website\"},\"datePublished\":\"2021-05-20T09:10:05+00:00\",\"dateModified\":\"2026-01-06T08:20:57+00:00\",\"description\":\"Spice je klimfeestje op, voeg een upgrade toe! Een klimfeest kan vanaf 5 kinderen en is inclusief ranja, een cadeautje voor de jarige en een aandenken.\",\"breadcrumb\":{\"@id\":\"https:\\\/\\\/klimbos.nl\\\/upgrades-kinderfeestje-klimbos-ruurlo\\\/#breadcrumb\"},\"inLanguage\":\"de-DE\",\"potentialAction\":[{\"@type\":\"ReadAction\",\"target\":[\"https:\\\/\\\/klimbos.nl\\\/upgrades-kinderfeestje-klimbos-ruurlo\\\/\"]}]},{\"@type\":\"BreadcrumbList\",\"@id\":\"https:\\\/\\\/klimbos.nl\\\/upgrades-kinderfeestje-klimbos-ruurlo\\\/#breadcrumb\",\"itemListElement\":[{\"@type\":\"ListItem\",\"position\":1,\"name\":\"Home\",\"item\":\"https:\\\/\\\/klimbos.nl\\\/\"},{\"@type\":\"ListItem\",\"position\":2,\"name\":\"Upgrades Kinderfeestje Klimbos Ruurlo\"}]},{\"@type\":\"WebSite\",\"@id\":\"https:\\\/\\\/klimbos.nl\\\/#website\",\"url\":\"https:\\\/\\\/klimbos.nl\\\/\",\"name\":\"Klimbos\",\"description\":\"Ga op avontuur in de mooiste gebieden van Nederland\",\"potentialAction\":[{\"@type\":\"SearchAction\",\"target\":{\"@type\":\"EntryPoint\",\"urlTemplate\":\"https:\\\/\\\/klimbos.nl\\\/?s={search_term_string}\"},\"query-input\":{\"@type\":\"PropertyValueSpecification\",\"valueRequired\":true,\"valueName\":\"search_term_string\"}}],\"inLanguage\":\"de-DE\"}]}<\/script>\n<!-- \/ Yoast SEO plugin. -->","yoast_head_json":{"title":"Upgrades Kinderfest Klimbos Ruurlo - Klimbos","description":"Peppen Sie Ihre Kletterparty auf, f\u00fcgen Sie ein Upgrade hinzu! Eine Kletterparty ist ab 5 Kindern m\u00f6glich und beinhaltet Getr\u00e4nke, ein Geschenk f\u00fcr das Geburtstagskind und ein Erinnerungsst\u00fcck.","robots":{"index":"index","follow":"follow","max-snippet":"max-snippet:-1","max-image-preview":"max-image-preview:large","max-video-preview":"max-video-preview:-1"},"canonical":"https:\/\/klimbos.nl\/de\/upgrades-kinderparty-kletterwald-ruurlo\/","og_locale":"de_DE","og_type":"article","og_title":"Upgrades Kinderfeestje Klimbos Ruurlo - Klimbos","og_description":"Spice je klimfeestje op, voeg een upgrade toe! Een klimfeest kan vanaf 5 kinderen en is inclusief ranja, een cadeautje voor de jarige en een aandenken.","og_url":"https:\/\/klimbos.nl\/de\/upgrades-kinderparty-kletterwald-ruurlo\/","og_site_name":"Klimbos","article_modified_time":"2026-01-06T08:20:57+00:00","twitter_card":"summary_large_image","twitter_misc":{"Est. reading time":"1 minute"},"schema":{"@context":"https:\/\/schema.org","@graph":[{"@type":"WebPage","@id":"https:\/\/klimbos.nl\/upgrades-kinderfeestje-klimbos-ruurlo\/","url":"https:\/\/klimbos.nl\/upgrades-kinderfeestje-klimbos-ruurlo\/","name":"Upgrades Kinderfest Klimbos Ruurlo - Klimbos","isPartOf":{"@id":"https:\/\/klimbos.nl\/#website"},"datePublished":"2021-05-20T09:10:05+00:00","dateModified":"2026-01-06T08:20:57+00:00","description":"Peppen Sie Ihre Kletterparty auf, f\u00fcgen Sie ein Upgrade hinzu! Eine Kletterparty ist ab 5 Kindern m\u00f6glich und beinhaltet Getr\u00e4nke, ein Geschenk f\u00fcr das Geburtstagskind und ein Erinnerungsst\u00fcck.","breadcrumb":{"@id":"https:\/\/klimbos.nl\/upgrades-kinderfeestje-klimbos-ruurlo\/#breadcrumb"},"inLanguage":"de-DE","potentialAction":[{"@type":"ReadAction","target":["https:\/\/klimbos.nl\/upgrades-kinderfeestje-klimbos-ruurlo\/"]}]},{"@type":"BreadcrumbList","@id":"https:\/\/klimbos.nl\/upgrades-kinderfeestje-klimbos-ruurlo\/#breadcrumb","itemListElement":[{"@type":"ListItem","position":1,"name":"Home","item":"https:\/\/klimbos.nl\/"},{"@type":"ListItem","position":2,"name":"Upgrades Kinderfeestje Klimbos Ruurlo"}]},{"@type":"WebSite","@id":"https:\/\/klimbos.nl\/#website","url":"https:\/\/klimbos.nl\/","name":"Kletterwald","description":"Begeben Sie sich auf ein Abenteuer in den sch\u00f6nsten Gegenden der Niederlande","potentialAction":[{"@type":"SearchAction","target":{"@type":"EntryPoint","urlTemplate":"https:\/\/klimbos.nl\/?s={search_term_string}"},"query-input":{"@type":"PropertyValueSpecification","valueRequired":true,"valueName":"search_term_string"}}],"inLanguage":"de-DE"}]}},"_links":{"self":[{"href":"https:\/\/klimbos.nl\/de\/wp-json\/wp\/v2\/pages\/2363","targetHints":{"allow":["GET"]}}],"collection":[{"href":"https:\/\/klimbos.nl\/de\/wp-json\/wp\/v2\/pages"}],"about":[{"href":"https:\/\/klimbos.nl\/de\/wp-json\/wp\/v2\/types\/page"}],"author":[{"embeddable":true,"href":"https:\/\/klimbos.nl\/de\/wp-json\/wp\/v2\/users\/4"}],"replies":[{"embeddable":true,"href":"https:\/\/klimbos.nl\/de\/wp-json\/wp\/v2\/comments?post=2363"}],"version-history":[{"count":2,"href":"https:\/\/klimbos.nl\/de\/wp-json\/wp\/v2\/pages\/2363\/revisions"}],"predecessor-version":[{"id":11206,"href":"https:\/\/klimbos.nl\/de\/wp-json\/wp\/v2\/pages\/2363\/revisions\/11206"}],"wp:attachment":[{"href":"https:\/\/klimbos.nl\/de\/wp-json\/wp\/v2\/media?parent=2363"}],"curies":[{"name":"wp","href":"https:\/\/api.w.org\/{rel}","templated":true}]}}