{"id":4920,"date":"2022-04-05T15:39:58","date_gmt":"2022-04-05T13:39:58","guid":{"rendered":"https:\/\/klimbos.nl\/?page_id=4920"},"modified":"2026-03-26T13:42:42","modified_gmt":"2026-03-26T12:42:42","slug":"betriebsausflugspakete","status":"publish","type":"page","link":"https:\/\/klimbos.nl\/de\/betriebsausflugspakete\/","title":{"rendered":"Betriebsausflug"},"content":{"rendered":"<p>Werden Sie gemeinsam mit Ihren Kollegen aktiv und erleben Sie einen Ausflug, von dem Sie noch lange sprechen werden!<\/p>\n\n\n\n<p>Neben unseren Standardpaketen ist es nat\u00fcrlich auch m\u00f6glich, einen ma\u00dfgeschneiderten Betriebsausflug zusammenzustellen. <\/p>\n\n\n\n<p>Erreiche die Spitze im Klimbos und verschiebe die Grenzen mit deinen Kollegen.<\/p>","protected":false},"excerpt":{"rendered":"<p>Werden Sie gemeinsam mit Ihren Kollegen aktiv und erleben Sie einen Ausflug, von dem Sie noch lange sprechen werden!<\/p>\n<p>Neben unseren Standardpaketen ist es nat\u00fcrlich auch m\u00f6glich, einen ma\u00dfgeschneiderten Betriebsausflug zusammenzustellen. <\/p>\n<p>Erreiche die Spitze im Klimbos und verschiebe die Grenzen mit deinen Kollegen.<\/p>","protected":false},"author":4,"featured_media":0,"parent":0,"menu_order":0,"comment_status":"closed","ping_status":"closed","template":"page-templates\/minimal.php","meta":{"_acf_changed":false,"footnotes":""},"class_list":["post-4920","page","type-page","status-publish","hentry"],"acf":[],"yoast_head":"<!-- This site is optimized with the Yoast SEO plugin v27.3 - https:\/\/yoast.com\/product\/yoast-seo-wordpress\/ -->\n<title>Bedrijfsuitje - Klimbos<\/title>\n<meta name=\"description\" content=\"Samen met je collega&#039;s actief bezig zijn en een uitje beleven waar je nog lang over napraat? Bereik de top in het Klimbos en verleg grenzen met collega&#039;s.\" \/>\n<meta name=\"robots\" content=\"index, follow, max-snippet:-1, max-image-preview:large, max-video-preview:-1\" \/>\n<link rel=\"canonical\" href=\"https:\/\/klimbos.nl\/de\/betriebsausflugspakete\/\" \/>\n<meta property=\"og:locale\" content=\"de_DE\" \/>\n<meta property=\"og:type\" content=\"article\" \/>\n<meta property=\"og:title\" content=\"Bedrijfsuitje - Klimbos\" \/>\n<meta property=\"og:description\" content=\"Samen met je collega&#039;s actief bezig zijn en een uitje beleven waar je nog lang over napraat? Bereik de top in het Klimbos en verleg grenzen met collega&#039;s.\" \/>\n<meta property=\"og:url\" content=\"https:\/\/klimbos.nl\/de\/betriebsausflugspakete\/\" \/>\n<meta property=\"og:site_name\" content=\"Klimbos\" \/>\n<meta property=\"article:modified_time\" content=\"2026-03-26T12:42:42+00:00\" \/>\n<meta name=\"twitter:card\" content=\"summary_large_image\" \/>\n<meta name=\"twitter:label1\" content=\"Est. reading time\" \/>\n\t<meta name=\"twitter:data1\" content=\"2 minutes\" \/>\n<script type=\"application\/ld+json\" class=\"yoast-schema-graph\">{\"@context\":\"https:\\\/\\\/schema.org\",\"@graph\":[{\"@type\":\"WebPage\",\"@id\":\"https:\\\/\\\/klimbos.nl\\\/pakketten-bedrijfsuitje\\\/\",\"url\":\"https:\\\/\\\/klimbos.nl\\\/pakketten-bedrijfsuitje\\\/\",\"name\":\"Bedrijfsuitje - Klimbos\",\"isPartOf\":{\"@id\":\"https:\\\/\\\/klimbos.nl\\\/#website\"},\"datePublished\":\"2022-04-05T13:39:58+00:00\",\"dateModified\":\"2026-03-26T12:42:42+00:00\",\"description\":\"Samen met je collega's actief bezig zijn en een uitje beleven waar je nog lang over napraat? Bereik de top in het Klimbos en verleg grenzen met collega's.\",\"breadcrumb\":{\"@id\":\"https:\\\/\\\/klimbos.nl\\\/pakketten-bedrijfsuitje\\\/#breadcrumb\"},\"inLanguage\":\"de-DE\",\"potentialAction\":[{\"@type\":\"ReadAction\",\"target\":[\"https:\\\/\\\/klimbos.nl\\\/pakketten-bedrijfsuitje\\\/\"]}]},{\"@type\":\"BreadcrumbList\",\"@id\":\"https:\\\/\\\/klimbos.nl\\\/pakketten-bedrijfsuitje\\\/#breadcrumb\",\"itemListElement\":[{\"@type\":\"ListItem\",\"position\":1,\"name\":\"Home\",\"item\":\"https:\\\/\\\/klimbos.nl\\\/\"},{\"@type\":\"ListItem\",\"position\":2,\"name\":\"Bedrijfsuitje\"}]},{\"@type\":\"WebSite\",\"@id\":\"https:\\\/\\\/klimbos.nl\\\/#website\",\"url\":\"https:\\\/\\\/klimbos.nl\\\/\",\"name\":\"Klimbos\",\"description\":\"Ga op avontuur in de mooiste gebieden van Nederland\",\"potentialAction\":[{\"@type\":\"SearchAction\",\"target\":{\"@type\":\"EntryPoint\",\"urlTemplate\":\"https:\\\/\\\/klimbos.nl\\\/?s={search_term_string}\"},\"query-input\":{\"@type\":\"PropertyValueSpecification\",\"valueRequired\":true,\"valueName\":\"search_term_string\"}}],\"inLanguage\":\"de-DE\"}]}<\/script>\n<!-- \/ Yoast SEO plugin. -->","yoast_head_json":{"title":"Betriebsausflug - Kletterwald","description":"Gemeinsam mit Ihren Kollegen aktiv werden und einen Ausflug erleben, von dem Sie noch lange sprechen werden? Erreichen Sie den Gipfel des Klimbos und gehen Sie mit Kollegen an Ihre Grenzen.","robots":{"index":"index","follow":"follow","max-snippet":"max-snippet:-1","max-image-preview":"max-image-preview:large","max-video-preview":"max-video-preview:-1"},"canonical":"https:\/\/klimbos.nl\/de\/betriebsausflugspakete\/","og_locale":"de_DE","og_type":"article","og_title":"Bedrijfsuitje - Klimbos","og_description":"Samen met je collega's actief bezig zijn en een uitje beleven waar je nog lang over napraat? Bereik de top in het Klimbos en verleg grenzen met collega's.","og_url":"https:\/\/klimbos.nl\/de\/betriebsausflugspakete\/","og_site_name":"Klimbos","article_modified_time":"2026-03-26T12:42:42+00:00","twitter_card":"summary_large_image","twitter_misc":{"Est. reading time":"2 minutes"},"schema":{"@context":"https:\/\/schema.org","@graph":[{"@type":"WebPage","@id":"https:\/\/klimbos.nl\/pakketten-bedrijfsuitje\/","url":"https:\/\/klimbos.nl\/pakketten-bedrijfsuitje\/","name":"Betriebsausflug - Kletterwald","isPartOf":{"@id":"https:\/\/klimbos.nl\/#website"},"datePublished":"2022-04-05T13:39:58+00:00","dateModified":"2026-03-26T12:42:42+00:00","description":"Gemeinsam mit Ihren Kollegen aktiv werden und einen Ausflug erleben, von dem Sie noch lange sprechen werden? Erreichen Sie den Gipfel des Klimbos und gehen Sie mit Kollegen an Ihre Grenzen.","breadcrumb":{"@id":"https:\/\/klimbos.nl\/pakketten-bedrijfsuitje\/#breadcrumb"},"inLanguage":"de-DE","potentialAction":[{"@type":"ReadAction","target":["https:\/\/klimbos.nl\/pakketten-bedrijfsuitje\/"]}]},{"@type":"BreadcrumbList","@id":"https:\/\/klimbos.nl\/pakketten-bedrijfsuitje\/#breadcrumb","itemListElement":[{"@type":"ListItem","position":1,"name":"Home","item":"https:\/\/klimbos.nl\/"},{"@type":"ListItem","position":2,"name":"Bedrijfsuitje"}]},{"@type":"WebSite","@id":"https:\/\/klimbos.nl\/#website","url":"https:\/\/klimbos.nl\/","name":"Kletterwald","description":"Begeben Sie sich auf ein Abenteuer in den sch\u00f6nsten Gegenden der Niederlande","potentialAction":[{"@type":"SearchAction","target":{"@type":"EntryPoint","urlTemplate":"https:\/\/klimbos.nl\/?s={search_term_string}"},"query-input":{"@type":"PropertyValueSpecification","valueRequired":true,"valueName":"search_term_string"}}],"inLanguage":"de-DE"}]}},"_links":{"self":[{"href":"https:\/\/klimbos.nl\/de\/wp-json\/wp\/v2\/pages\/4920","targetHints":{"allow":["GET"]}}],"collection":[{"href":"https:\/\/klimbos.nl\/de\/wp-json\/wp\/v2\/pages"}],"about":[{"href":"https:\/\/klimbos.nl\/de\/wp-json\/wp\/v2\/types\/page"}],"author":[{"embeddable":true,"href":"https:\/\/klimbos.nl\/de\/wp-json\/wp\/v2\/users\/4"}],"replies":[{"embeddable":true,"href":"https:\/\/klimbos.nl\/de\/wp-json\/wp\/v2\/comments?post=4920"}],"version-history":[{"count":11,"href":"https:\/\/klimbos.nl\/de\/wp-json\/wp\/v2\/pages\/4920\/revisions"}],"predecessor-version":[{"id":11314,"href":"https:\/\/klimbos.nl\/de\/wp-json\/wp\/v2\/pages\/4920\/revisions\/11314"}],"wp:attachment":[{"href":"https:\/\/klimbos.nl\/de\/wp-json\/wp\/v2\/media?parent=4920"}],"curies":[{"name":"wp","href":"https:\/\/api.w.org\/{rel}","templated":true}]}}