{"id":6733,"date":"2022-12-12T15:30:09","date_gmt":"2022-12-12T14:30:09","guid":{"rendered":"https:\/\/klimbos.nl\/?page_id=6733"},"modified":"2026-03-10T11:27:53","modified_gmt":"2026-03-10T10:27:53","slug":"vereinsausflug","status":"publish","type":"page","link":"https:\/\/klimbos.nl\/de\/vereinsausflug\/","title":{"rendered":"Vereinsausflug"},"content":{"rendered":"<p>Suchen Sie nach einer lustigen Aktivit\u00e4t oder einem Ausflug f\u00fcr Ihre Studentenvereinigung, Ihren Sportverein oder Ihre Pfadfindergruppe? Im Klimbos gibt es f\u00fcr jeden eine Herausforderung! Drau\u00dfen sein und gleichzeitig Spa\u00df haben! Kommt klettern und erlebt den besten Vereinsausflug in der Natur!<\/p>\n\n\n\n<p><\/p>","protected":false},"excerpt":{"rendered":"<p>Suchen Sie nach einer lustigen Aktivit\u00e4t oder einem Ausflug f\u00fcr Ihre Studentenvereinigung, Ihren Sportverein oder Ihre Pfadfindergruppe? Im Klimbos gibt es f\u00fcr jeden eine Herausforderung! Drau\u00dfen sein und gleichzeitig Spa\u00df haben! Kommt klettern und erlebt den besten Vereinsausflug in der Natur!<\/p>","protected":false},"author":4,"featured_media":4040,"parent":0,"menu_order":0,"comment_status":"closed","ping_status":"closed","template":"page-templates\/contentblokken.php","meta":{"_acf_changed":false,"footnotes":""},"class_list":["post-6733","page","type-page","status-publish","has-post-thumbnail","hentry"],"acf":[],"yoast_head":"<!-- This site is optimized with the Yoast SEO plugin v27.3 - https:\/\/yoast.com\/product\/yoast-seo-wordpress\/ -->\n<title>Verenigingsuitje - Klimbos<\/title>\n<meta name=\"description\" content=\"Zoek jij een leuke activiteit of een uitje voor je studentenvereniging, sportclub of scoutinggroep? In het Klimbos is er uitdaging voor iedereen!\" \/>\n<meta name=\"robots\" content=\"index, follow, max-snippet:-1, max-image-preview:large, max-video-preview:-1\" \/>\n<link rel=\"canonical\" href=\"https:\/\/klimbos.nl\/de\/vereinsausflug\/\" \/>\n<meta property=\"og:locale\" content=\"de_DE\" \/>\n<meta property=\"og:type\" content=\"article\" \/>\n<meta property=\"og:title\" content=\"Verenigingsuitje - Klimbos\" \/>\n<meta property=\"og:description\" content=\"Zoek jij een leuke activiteit of een uitje voor je studentenvereniging, sportclub of scoutinggroep? In het Klimbos is er uitdaging voor iedereen!\" \/>\n<meta property=\"og:url\" content=\"https:\/\/klimbos.nl\/de\/vereinsausflug\/\" \/>\n<meta property=\"og:site_name\" content=\"Klimbos\" \/>\n<meta property=\"article:modified_time\" content=\"2026-03-10T10:27:53+00:00\" \/>\n<meta property=\"og:image\" content=\"https:\/\/klimbos.nl\/wp-content\/uploads\/2021\/11\/DSC_5714C-scaled-e1637059187174.jpg\" \/>\n\t<meta property=\"og:image:width\" content=\"1977\" \/>\n\t<meta property=\"og:image:height\" content=\"1484\" \/>\n\t<meta property=\"og:image:type\" content=\"image\/jpeg\" \/>\n<meta name=\"twitter:card\" content=\"summary_large_image\" \/>\n<meta name=\"twitter:label1\" content=\"Est. reading time\" \/>\n\t<meta name=\"twitter:data1\" content=\"3 minutes\" \/>\n<script type=\"application\/ld+json\" class=\"yoast-schema-graph\">{\"@context\":\"https:\\\/\\\/schema.org\",\"@graph\":[{\"@type\":\"WebPage\",\"@id\":\"https:\\\/\\\/klimbos.nl\\\/verenigingsuitje\\\/\",\"url\":\"https:\\\/\\\/klimbos.nl\\\/verenigingsuitje\\\/\",\"name\":\"Verenigingsuitje - Klimbos\",\"isPartOf\":{\"@id\":\"https:\\\/\\\/klimbos.nl\\\/#website\"},\"primaryImageOfPage\":{\"@id\":\"https:\\\/\\\/klimbos.nl\\\/verenigingsuitje\\\/#primaryimage\"},\"image\":{\"@id\":\"https:\\\/\\\/klimbos.nl\\\/verenigingsuitje\\\/#primaryimage\"},\"thumbnailUrl\":\"https:\\\/\\\/klimbos.nl\\\/wp-content\\\/uploads\\\/2021\\\/11\\\/DSC_5714C-scaled-e1637059187174.jpg\",\"datePublished\":\"2022-12-12T14:30:09+00:00\",\"dateModified\":\"2026-03-10T10:27:53+00:00\",\"description\":\"Zoek jij een leuke activiteit of een uitje voor je studentenvereniging, sportclub of scoutinggroep? In het Klimbos is er uitdaging voor iedereen!\",\"breadcrumb\":{\"@id\":\"https:\\\/\\\/klimbos.nl\\\/verenigingsuitje\\\/#breadcrumb\"},\"inLanguage\":\"de-DE\",\"potentialAction\":[{\"@type\":\"ReadAction\",\"target\":[\"https:\\\/\\\/klimbos.nl\\\/verenigingsuitje\\\/\"]}]},{\"@type\":\"ImageObject\",\"inLanguage\":\"de-DE\",\"@id\":\"https:\\\/\\\/klimbos.nl\\\/verenigingsuitje\\\/#primaryimage\",\"url\":\"https:\\\/\\\/klimbos.nl\\\/wp-content\\\/uploads\\\/2021\\\/11\\\/DSC_5714C-scaled-e1637059187174.jpg\",\"contentUrl\":\"https:\\\/\\\/klimbos.nl\\\/wp-content\\\/uploads\\\/2021\\\/11\\\/DSC_5714C-scaled-e1637059187174.jpg\",\"width\":1977,\"height\":1484,\"caption\":\"Tokkelen tussen de bomen door\"},{\"@type\":\"BreadcrumbList\",\"@id\":\"https:\\\/\\\/klimbos.nl\\\/verenigingsuitje\\\/#breadcrumb\",\"itemListElement\":[{\"@type\":\"ListItem\",\"position\":1,\"name\":\"Home\",\"item\":\"https:\\\/\\\/klimbos.nl\\\/\"},{\"@type\":\"ListItem\",\"position\":2,\"name\":\"Verenigingsuitje\"}]},{\"@type\":\"WebSite\",\"@id\":\"https:\\\/\\\/klimbos.nl\\\/#website\",\"url\":\"https:\\\/\\\/klimbos.nl\\\/\",\"name\":\"Klimbos\",\"description\":\"Ga op avontuur in de mooiste gebieden van Nederland\",\"potentialAction\":[{\"@type\":\"SearchAction\",\"target\":{\"@type\":\"EntryPoint\",\"urlTemplate\":\"https:\\\/\\\/klimbos.nl\\\/?s={search_term_string}\"},\"query-input\":{\"@type\":\"PropertyValueSpecification\",\"valueRequired\":true,\"valueName\":\"search_term_string\"}}],\"inLanguage\":\"de-DE\"}]}<\/script>\n<!-- \/ Yoast SEO plugin. -->","yoast_head_json":{"title":"Clubausflug - Kletterwald","description":"Sie suchen nach einer lustigen Aktivit\u00e4t oder einem Ausflug f\u00fcr Ihre Studentenvereinigung, Ihren Sportverein oder Ihre Pfadfindergruppe? Bei den Klimbos gibt es f\u00fcr jeden eine Herausforderung!","robots":{"index":"index","follow":"follow","max-snippet":"max-snippet:-1","max-image-preview":"max-image-preview:large","max-video-preview":"max-video-preview:-1"},"canonical":"https:\/\/klimbos.nl\/de\/vereinsausflug\/","og_locale":"de_DE","og_type":"article","og_title":"Verenigingsuitje - Klimbos","og_description":"Zoek jij een leuke activiteit of een uitje voor je studentenvereniging, sportclub of scoutinggroep? In het Klimbos is er uitdaging voor iedereen!","og_url":"https:\/\/klimbos.nl\/de\/vereinsausflug\/","og_site_name":"Klimbos","article_modified_time":"2026-03-10T10:27:53+00:00","og_image":[{"width":1977,"height":1484,"url":"https:\/\/klimbos.nl\/wp-content\/uploads\/2021\/11\/DSC_5714C-scaled-e1637059187174.jpg","type":"image\/jpeg"}],"twitter_card":"summary_large_image","twitter_misc":{"Est. reading time":"3 minutes"},"schema":{"@context":"https:\/\/schema.org","@graph":[{"@type":"WebPage","@id":"https:\/\/klimbos.nl\/verenigingsuitje\/","url":"https:\/\/klimbos.nl\/verenigingsuitje\/","name":"Clubausflug - Kletterwald","isPartOf":{"@id":"https:\/\/klimbos.nl\/#website"},"primaryImageOfPage":{"@id":"https:\/\/klimbos.nl\/verenigingsuitje\/#primaryimage"},"image":{"@id":"https:\/\/klimbos.nl\/verenigingsuitje\/#primaryimage"},"thumbnailUrl":"https:\/\/klimbos.nl\/wp-content\/uploads\/2021\/11\/DSC_5714C-scaled-e1637059187174.jpg","datePublished":"2022-12-12T14:30:09+00:00","dateModified":"2026-03-10T10:27:53+00:00","description":"Sie suchen nach einer lustigen Aktivit\u00e4t oder einem Ausflug f\u00fcr Ihre Studentenvereinigung, Ihren Sportverein oder Ihre Pfadfindergruppe? Bei den Klimbos gibt es f\u00fcr jeden eine Herausforderung!","breadcrumb":{"@id":"https:\/\/klimbos.nl\/verenigingsuitje\/#breadcrumb"},"inLanguage":"de-DE","potentialAction":[{"@type":"ReadAction","target":["https:\/\/klimbos.nl\/verenigingsuitje\/"]}]},{"@type":"ImageObject","inLanguage":"de-DE","@id":"https:\/\/klimbos.nl\/verenigingsuitje\/#primaryimage","url":"https:\/\/klimbos.nl\/wp-content\/uploads\/2021\/11\/DSC_5714C-scaled-e1637059187174.jpg","contentUrl":"https:\/\/klimbos.nl\/wp-content\/uploads\/2021\/11\/DSC_5714C-scaled-e1637059187174.jpg","width":1977,"height":1484,"caption":"Tokkelen tussen de bomen door"},{"@type":"BreadcrumbList","@id":"https:\/\/klimbos.nl\/verenigingsuitje\/#breadcrumb","itemListElement":[{"@type":"ListItem","position":1,"name":"Home","item":"https:\/\/klimbos.nl\/"},{"@type":"ListItem","position":2,"name":"Verenigingsuitje"}]},{"@type":"WebSite","@id":"https:\/\/klimbos.nl\/#website","url":"https:\/\/klimbos.nl\/","name":"Kletterwald","description":"Begeben Sie sich auf ein Abenteuer in den sch\u00f6nsten Gegenden der Niederlande","potentialAction":[{"@type":"SearchAction","target":{"@type":"EntryPoint","urlTemplate":"https:\/\/klimbos.nl\/?s={search_term_string}"},"query-input":{"@type":"PropertyValueSpecification","valueRequired":true,"valueName":"search_term_string"}}],"inLanguage":"de-DE"}]}},"_links":{"self":[{"href":"https:\/\/klimbos.nl\/de\/wp-json\/wp\/v2\/pages\/6733","targetHints":{"allow":["GET"]}}],"collection":[{"href":"https:\/\/klimbos.nl\/de\/wp-json\/wp\/v2\/pages"}],"about":[{"href":"https:\/\/klimbos.nl\/de\/wp-json\/wp\/v2\/types\/page"}],"author":[{"embeddable":true,"href":"https:\/\/klimbos.nl\/de\/wp-json\/wp\/v2\/users\/4"}],"replies":[{"embeddable":true,"href":"https:\/\/klimbos.nl\/de\/wp-json\/wp\/v2\/comments?post=6733"}],"version-history":[{"count":3,"href":"https:\/\/klimbos.nl\/de\/wp-json\/wp\/v2\/pages\/6733\/revisions"}],"predecessor-version":[{"id":11383,"href":"https:\/\/klimbos.nl\/de\/wp-json\/wp\/v2\/pages\/6733\/revisions\/11383"}],"wp:featuredmedia":[{"embeddable":true,"href":"https:\/\/klimbos.nl\/de\/wp-json\/wp\/v2\/media\/4040"}],"wp:attachment":[{"href":"https:\/\/klimbos.nl\/de\/wp-json\/wp\/v2\/media?parent=6733"}],"curies":[{"name":"wp","href":"https:\/\/api.w.org\/{rel}","templated":true}]}}