{"id":6754,"date":"2022-12-12T15:27:38","date_gmt":"2022-12-12T14:27:38","guid":{"rendered":"https:\/\/klimbos.nl\/?page_id=6754"},"modified":"2026-03-10T11:32:09","modified_gmt":"2026-03-10T10:32:09","slug":"vereinsausflug-klettern-wald-lage-vuursche","status":"publish","type":"page","link":"https:\/\/klimbos.nl\/de\/vereinsausflug-klettern-wald-lage-vuursche\/","title":{"rendered":"Vereinsausflug Kletterwald Lage Vuursche"},"content":{"rendered":"<p>M\u00f6chten Sie mit Ihrer Studentenvereinigung, Ihrem Sportteam oder Ihrer Pfadfindergruppe eine lustige Aktivit\u00e4t organisieren? Und dazu geh\u00f6rt auch ein bisschen Action? Dann komm zum Klettern nach Klimbos Lage Vuursche!<\/p>","protected":false},"excerpt":{"rendered":"<p>Wil jij met je studentenvereniging, sportteam of scoutinggroep een leuke activiteit organiseren? En hoort hier een beetje actie bij? Kom dan klimmen bij Gooi-Eemland in Lage Vuursche!<\/p>","protected":false},"author":4,"featured_media":0,"parent":0,"menu_order":0,"comment_status":"closed","ping_status":"closed","template":"page-templates\/contentblokken.php","meta":{"_acf_changed":false,"footnotes":""},"class_list":["post-6754","page","type-page","status-publish","hentry"],"acf":[],"yoast_head":"<!-- This site is optimized with the Yoast SEO plugin v27.3 - https:\/\/yoast.com\/product\/yoast-seo-wordpress\/ -->\n<title>Verenigingsuitje Klimbos Lage Vuursche<\/title>\n<meta name=\"description\" content=\"Wil jij met je studentenvereniging, sportteam of scoutinggroep een leuke activiteit organiseren? Kom dan klimmen bij Klimbos Lage Vuursche!\" \/>\n<meta name=\"robots\" content=\"index, follow, max-snippet:-1, max-image-preview:large, max-video-preview:-1\" \/>\n<link rel=\"canonical\" href=\"https:\/\/klimbos.nl\/de\/vereinsausflug-klettern-wald-lage-vuursche\/\" \/>\n<meta property=\"og:locale\" content=\"de_DE\" \/>\n<meta property=\"og:type\" content=\"article\" \/>\n<meta property=\"og:title\" content=\"Verenigingsuitje Klimbos Lage Vuursche\" \/>\n<meta property=\"og:description\" content=\"Wil jij met je studentenvereniging, sportteam of scoutinggroep een leuke activiteit organiseren? Kom dan klimmen bij Klimbos Lage Vuursche!\" \/>\n<meta property=\"og:url\" content=\"https:\/\/klimbos.nl\/de\/vereinsausflug-klettern-wald-lage-vuursche\/\" \/>\n<meta property=\"og:site_name\" content=\"Klimbos\" \/>\n<meta property=\"article:modified_time\" content=\"2026-03-10T10:32:09+00:00\" \/>\n<meta name=\"twitter:card\" content=\"summary_large_image\" \/>\n<meta name=\"twitter:label1\" content=\"Est. reading time\" \/>\n\t<meta name=\"twitter:data1\" content=\"2 minutes\" \/>\n<script type=\"application\/ld+json\" class=\"yoast-schema-graph\">{\"@context\":\"https:\\\/\\\/schema.org\",\"@graph\":[{\"@type\":\"WebPage\",\"@id\":\"https:\\\/\\\/klimbos.nl\\\/verenigingsuitje-klimbos-lage-vuursche\\\/\",\"url\":\"https:\\\/\\\/klimbos.nl\\\/verenigingsuitje-klimbos-lage-vuursche\\\/\",\"name\":\"Verenigingsuitje Klimbos Lage Vuursche\",\"isPartOf\":{\"@id\":\"https:\\\/\\\/klimbos.nl\\\/#website\"},\"datePublished\":\"2022-12-12T14:27:38+00:00\",\"dateModified\":\"2026-03-10T10:32:09+00:00\",\"description\":\"Wil jij met je studentenvereniging, sportteam of scoutinggroep een leuke activiteit organiseren? Kom dan klimmen bij Klimbos Lage Vuursche!\",\"breadcrumb\":{\"@id\":\"https:\\\/\\\/klimbos.nl\\\/verenigingsuitje-klimbos-lage-vuursche\\\/#breadcrumb\"},\"inLanguage\":\"de-DE\",\"potentialAction\":[{\"@type\":\"ReadAction\",\"target\":[\"https:\\\/\\\/klimbos.nl\\\/verenigingsuitje-klimbos-lage-vuursche\\\/\"]}]},{\"@type\":\"BreadcrumbList\",\"@id\":\"https:\\\/\\\/klimbos.nl\\\/verenigingsuitje-klimbos-lage-vuursche\\\/#breadcrumb\",\"itemListElement\":[{\"@type\":\"ListItem\",\"position\":1,\"name\":\"Home\",\"item\":\"https:\\\/\\\/klimbos.nl\\\/\"},{\"@type\":\"ListItem\",\"position\":2,\"name\":\"Verenigingsuitje Klimbos Lage Vuursche\"}]},{\"@type\":\"WebSite\",\"@id\":\"https:\\\/\\\/klimbos.nl\\\/#website\",\"url\":\"https:\\\/\\\/klimbos.nl\\\/\",\"name\":\"Klimbos\",\"description\":\"Ga op avontuur in de mooiste gebieden van Nederland\",\"potentialAction\":[{\"@type\":\"SearchAction\",\"target\":{\"@type\":\"EntryPoint\",\"urlTemplate\":\"https:\\\/\\\/klimbos.nl\\\/?s={search_term_string}\"},\"query-input\":{\"@type\":\"PropertyValueSpecification\",\"valueRequired\":true,\"valueName\":\"search_term_string\"}}],\"inLanguage\":\"de-DE\"}]}<\/script>\n<!-- \/ Yoast SEO plugin. -->","yoast_head_json":{"title":"Vereinsausflug Kletterwald Lage Vuursche","description":"M\u00f6chten Sie mit Ihrer Studentenvereinigung, Ihrem Sportverein oder Ihrer Pfadfindergruppe eine lustige Aktivit\u00e4t veranstalten? Dann kommen Sie zum Klettern nach Klimbos Lage Vuursche!","robots":{"index":"index","follow":"follow","max-snippet":"max-snippet:-1","max-image-preview":"max-image-preview:large","max-video-preview":"max-video-preview:-1"},"canonical":"https:\/\/klimbos.nl\/de\/vereinsausflug-klettern-wald-lage-vuursche\/","og_locale":"de_DE","og_type":"article","og_title":"Verenigingsuitje Klimbos Lage Vuursche","og_description":"Wil jij met je studentenvereniging, sportteam of scoutinggroep een leuke activiteit organiseren? Kom dan klimmen bij Klimbos Lage Vuursche!","og_url":"https:\/\/klimbos.nl\/de\/vereinsausflug-klettern-wald-lage-vuursche\/","og_site_name":"Klimbos","article_modified_time":"2026-03-10T10:32:09+00:00","twitter_card":"summary_large_image","twitter_misc":{"Est. reading time":"2 minutes"},"schema":{"@context":"https:\/\/schema.org","@graph":[{"@type":"WebPage","@id":"https:\/\/klimbos.nl\/verenigingsuitje-klimbos-lage-vuursche\/","url":"https:\/\/klimbos.nl\/verenigingsuitje-klimbos-lage-vuursche\/","name":"Vereinsausflug Kletterwald Lage Vuursche","isPartOf":{"@id":"https:\/\/klimbos.nl\/#website"},"datePublished":"2022-12-12T14:27:38+00:00","dateModified":"2026-03-10T10:32:09+00:00","description":"M\u00f6chten Sie mit Ihrer Studentenvereinigung, Ihrem Sportverein oder Ihrer Pfadfindergruppe eine lustige Aktivit\u00e4t veranstalten? Dann kommen Sie zum Klettern nach Klimbos Lage Vuursche!","breadcrumb":{"@id":"https:\/\/klimbos.nl\/verenigingsuitje-klimbos-lage-vuursche\/#breadcrumb"},"inLanguage":"de-DE","potentialAction":[{"@type":"ReadAction","target":["https:\/\/klimbos.nl\/verenigingsuitje-klimbos-lage-vuursche\/"]}]},{"@type":"BreadcrumbList","@id":"https:\/\/klimbos.nl\/verenigingsuitje-klimbos-lage-vuursche\/#breadcrumb","itemListElement":[{"@type":"ListItem","position":1,"name":"Home","item":"https:\/\/klimbos.nl\/"},{"@type":"ListItem","position":2,"name":"Verenigingsuitje Klimbos Lage Vuursche"}]},{"@type":"WebSite","@id":"https:\/\/klimbos.nl\/#website","url":"https:\/\/klimbos.nl\/","name":"Kletterwald","description":"Begeben Sie sich auf ein Abenteuer in den sch\u00f6nsten Gegenden der Niederlande","potentialAction":[{"@type":"SearchAction","target":{"@type":"EntryPoint","urlTemplate":"https:\/\/klimbos.nl\/?s={search_term_string}"},"query-input":{"@type":"PropertyValueSpecification","valueRequired":true,"valueName":"search_term_string"}}],"inLanguage":"de-DE"}]}},"_links":{"self":[{"href":"https:\/\/klimbos.nl\/de\/wp-json\/wp\/v2\/pages\/6754","targetHints":{"allow":["GET"]}}],"collection":[{"href":"https:\/\/klimbos.nl\/de\/wp-json\/wp\/v2\/pages"}],"about":[{"href":"https:\/\/klimbos.nl\/de\/wp-json\/wp\/v2\/types\/page"}],"author":[{"embeddable":true,"href":"https:\/\/klimbos.nl\/de\/wp-json\/wp\/v2\/users\/4"}],"replies":[{"embeddable":true,"href":"https:\/\/klimbos.nl\/de\/wp-json\/wp\/v2\/comments?post=6754"}],"version-history":[{"count":4,"href":"https:\/\/klimbos.nl\/de\/wp-json\/wp\/v2\/pages\/6754\/revisions"}],"predecessor-version":[{"id":11391,"href":"https:\/\/klimbos.nl\/de\/wp-json\/wp\/v2\/pages\/6754\/revisions\/11391"}],"wp:attachment":[{"href":"https:\/\/klimbos.nl\/de\/wp-json\/wp\/v2\/media?parent=6754"}],"curies":[{"name":"wp","href":"https:\/\/api.w.org\/{rel}","templated":true}]}}