{"id":7968,"date":"2024-01-23T09:02:18","date_gmt":"2024-01-23T08:02:18","guid":{"rendered":"https:\/\/klimbos.nl\/?page_id=7968"},"modified":"2025-12-03T10:17:45","modified_gmt":"2025-12-03T09:17:45","slug":"alles-was-sie-schon-immer-uber-einen-kletterwald-wissen-wollten","status":"publish","type":"page","link":"https:\/\/klimbos.nl\/de\/alles-was-sie-schon-immer-uber-einen-kletterwald-wissen-wollten\/","title":{"rendered":"Alles, was Sie schon immer \u00fcber einen Kletterwald wissen wollten!"},"content":{"rendered":"<p>Viele Menschen haben schon von ihm geh\u00f6rt, dem Kletterwald. Aber was genau ist ein Kletterwald?<\/p>\n\n\n\n<p>Stell dir vor, du k\u00f6nntest wie ein Vogel hoch zwischen den B\u00e4umen schweben. Das w\u00e4re doch super, oder? Leider haben wir keine Fl\u00fcgel. Zum Gl\u00fcck gibt es aber Kletterw\u00e4lder! Das hier kommt dem sicher am n\u00e4chsten.<\/p>\n\n\n\n<p>In einem Kletterwald werden Kletterrouten zwischen B\u00e4umen in verschiedenen Ebenen und H\u00f6hen angelegt. Man sichert sich am Anfang einer Kletterroute und erst am Ende der Kletterroute kann man sich l\u00f6sen. Ein durchg\u00e4ngiges Sicherungssystem nennt man das. Super sicher!<\/p>\n\n\n\n<p>Es gibt genug Herausforderungen f\u00fcr jeden. F\u00fcr die einen ist es die H\u00f6he, f\u00fcr die anderen die in die Strecken eingebauten Hindernisse\/Elemente.<\/p>","protected":false},"excerpt":{"rendered":"<p>Viele Menschen haben schon von ihm geh\u00f6rt, dem Kletterwald. Aber was genau ist ein Kletterwald? Stell dir vor, du k\u00f6nntest wie ein Vogel hoch zwischen den B\u00e4umen schweben. Das w\u00e4re doch super, oder? Leider haben wir keine Fl\u00fcgel. Zum Gl\u00fcck gibt es aber Kletterw\u00e4lder! Das hier kommt dem sicher am n\u00e4chsten. In einem Kletterwald...<\/p>","protected":false},"author":4,"featured_media":0,"parent":0,"menu_order":0,"comment_status":"closed","ping_status":"closed","template":"page-templates\/minimal.php","meta":{"_acf_changed":false,"footnotes":""},"class_list":["post-7968","page","type-page","status-publish","hentry"],"acf":[],"yoast_head":"<!-- This site is optimized with the Yoast SEO plugin v27.5 - https:\/\/yoast.com\/product\/yoast-seo-wordpress\/ -->\n<title>Alles wat je altijd al wilde weten over een klimbos! - Klimbos<\/title>\n<meta name=\"description\" content=\"Veel mensen hebben er wel eens van gehoord, een Klimbos. Maar wat is een klimbos nou eigenlijk? Stel je voor dat je hoog tussen de bomen kan zweven als\" \/>\n<meta name=\"robots\" content=\"index, follow, max-snippet:-1, max-image-preview:large, max-video-preview:-1\" \/>\n<link rel=\"canonical\" href=\"https:\/\/klimbos.nl\/de\/alles-was-sie-schon-immer-uber-einen-kletterwald-wissen-wollten\/\" \/>\n<meta property=\"og:locale\" content=\"de_DE\" \/>\n<meta property=\"og:type\" content=\"article\" \/>\n<meta property=\"og:title\" content=\"Alles wat je altijd al wilde weten over een klimbos! - Klimbos\" \/>\n<meta property=\"og:description\" content=\"Veel mensen hebben er wel eens van gehoord, een Klimbos. Maar wat is een klimbos nou eigenlijk? Stel je voor dat je hoog tussen de bomen kan zweven als\" \/>\n<meta property=\"og:url\" content=\"https:\/\/klimbos.nl\/de\/alles-was-sie-schon-immer-uber-einen-kletterwald-wissen-wollten\/\" \/>\n<meta property=\"og:site_name\" content=\"Klimbos\" \/>\n<meta property=\"article:modified_time\" content=\"2025-12-03T09:17:45+00:00\" \/>\n<meta name=\"twitter:card\" content=\"summary_large_image\" \/>\n<meta name=\"twitter:label1\" content=\"Est. reading time\" \/>\n\t<meta name=\"twitter:data1\" content=\"4 minutes\" \/>\n<script type=\"application\/ld+json\" class=\"yoast-schema-graph\">{\"@context\":\"https:\\\/\\\/schema.org\",\"@graph\":[{\"@type\":\"WebPage\",\"@id\":\"https:\\\/\\\/klimbos.nl\\\/alles-wat-je-altijd-al-wilde-weten-over-een-klimbos\\\/\",\"url\":\"https:\\\/\\\/klimbos.nl\\\/alles-wat-je-altijd-al-wilde-weten-over-een-klimbos\\\/\",\"name\":\"Alles wat je altijd al wilde weten over een klimbos! - Klimbos\",\"isPartOf\":{\"@id\":\"https:\\\/\\\/klimbos.nl\\\/#website\"},\"datePublished\":\"2024-01-23T08:02:18+00:00\",\"dateModified\":\"2025-12-03T09:17:45+00:00\",\"description\":\"Veel mensen hebben er wel eens van gehoord, een Klimbos. Maar wat is een klimbos nou eigenlijk? Stel je voor dat je hoog tussen de bomen kan zweven als\",\"breadcrumb\":{\"@id\":\"https:\\\/\\\/klimbos.nl\\\/alles-wat-je-altijd-al-wilde-weten-over-een-klimbos\\\/#breadcrumb\"},\"inLanguage\":\"de-DE\",\"potentialAction\":[{\"@type\":\"ReadAction\",\"target\":[\"https:\\\/\\\/klimbos.nl\\\/alles-wat-je-altijd-al-wilde-weten-over-een-klimbos\\\/\"]}]},{\"@type\":\"BreadcrumbList\",\"@id\":\"https:\\\/\\\/klimbos.nl\\\/alles-wat-je-altijd-al-wilde-weten-over-een-klimbos\\\/#breadcrumb\",\"itemListElement\":[{\"@type\":\"ListItem\",\"position\":1,\"name\":\"Home\",\"item\":\"https:\\\/\\\/klimbos.nl\\\/\"},{\"@type\":\"ListItem\",\"position\":2,\"name\":\"Alles wat je altijd al wilde weten over een klimbos!\"}]},{\"@type\":\"WebSite\",\"@id\":\"https:\\\/\\\/klimbos.nl\\\/#website\",\"url\":\"https:\\\/\\\/klimbos.nl\\\/\",\"name\":\"Klimbos\",\"description\":\"Ga op avontuur in de mooiste gebieden van Nederland\",\"potentialAction\":[{\"@type\":\"SearchAction\",\"target\":{\"@type\":\"EntryPoint\",\"urlTemplate\":\"https:\\\/\\\/klimbos.nl\\\/?s={search_term_string}\"},\"query-input\":{\"@type\":\"PropertyValueSpecification\",\"valueRequired\":true,\"valueName\":\"search_term_string\"}}],\"inLanguage\":\"de-DE\"}]}<\/script>\n<!-- \/ Yoast SEO plugin. -->","yoast_head_json":{"title":"Was Sie schon immer \u00fcber einen Kletterwald wissen wollten! - Kletterwald","description":"Viele Menschen haben schon von ihm geh\u00f6rt, dem Kletterwald. Aber was genau ist ein Kletterwald? Stellen Sie sich vor, Sie k\u00f6nnten hoch zwischen den B\u00e4umen schweben, als","robots":{"index":"index","follow":"follow","max-snippet":"max-snippet:-1","max-image-preview":"max-image-preview:large","max-video-preview":"max-video-preview:-1"},"canonical":"https:\/\/klimbos.nl\/de\/alles-was-sie-schon-immer-uber-einen-kletterwald-wissen-wollten\/","og_locale":"de_DE","og_type":"article","og_title":"Alles wat je altijd al wilde weten over een klimbos! - Klimbos","og_description":"Veel mensen hebben er wel eens van gehoord, een Klimbos. Maar wat is een klimbos nou eigenlijk? Stel je voor dat je hoog tussen de bomen kan zweven als","og_url":"https:\/\/klimbos.nl\/de\/alles-was-sie-schon-immer-uber-einen-kletterwald-wissen-wollten\/","og_site_name":"Klimbos","article_modified_time":"2025-12-03T09:17:45+00:00","twitter_card":"summary_large_image","twitter_misc":{"Est. reading time":"4 minutes"},"schema":{"@context":"https:\/\/schema.org","@graph":[{"@type":"WebPage","@id":"https:\/\/klimbos.nl\/alles-wat-je-altijd-al-wilde-weten-over-een-klimbos\/","url":"https:\/\/klimbos.nl\/alles-wat-je-altijd-al-wilde-weten-over-een-klimbos\/","name":"Was Sie schon immer \u00fcber einen Kletterwald wissen wollten! - Kletterwald","isPartOf":{"@id":"https:\/\/klimbos.nl\/#website"},"datePublished":"2024-01-23T08:02:18+00:00","dateModified":"2025-12-03T09:17:45+00:00","description":"Viele Menschen haben schon von ihm geh\u00f6rt, dem Kletterwald. Aber was genau ist ein Kletterwald? Stellen Sie sich vor, Sie k\u00f6nnten hoch zwischen den B\u00e4umen schweben, als","breadcrumb":{"@id":"https:\/\/klimbos.nl\/alles-wat-je-altijd-al-wilde-weten-over-een-klimbos\/#breadcrumb"},"inLanguage":"de-DE","potentialAction":[{"@type":"ReadAction","target":["https:\/\/klimbos.nl\/alles-wat-je-altijd-al-wilde-weten-over-een-klimbos\/"]}]},{"@type":"BreadcrumbList","@id":"https:\/\/klimbos.nl\/alles-wat-je-altijd-al-wilde-weten-over-een-klimbos\/#breadcrumb","itemListElement":[{"@type":"ListItem","position":1,"name":"Home","item":"https:\/\/klimbos.nl\/"},{"@type":"ListItem","position":2,"name":"Alles wat je altijd al wilde weten over een klimbos!"}]},{"@type":"WebSite","@id":"https:\/\/klimbos.nl\/#website","url":"https:\/\/klimbos.nl\/","name":"Kletterwald","description":"Begeben Sie sich auf ein Abenteuer in den sch\u00f6nsten Gegenden der Niederlande","potentialAction":[{"@type":"SearchAction","target":{"@type":"EntryPoint","urlTemplate":"https:\/\/klimbos.nl\/?s={search_term_string}"},"query-input":{"@type":"PropertyValueSpecification","valueRequired":true,"valueName":"search_term_string"}}],"inLanguage":"de-DE"}]}},"_links":{"self":[{"href":"https:\/\/klimbos.nl\/de\/wp-json\/wp\/v2\/pages\/7968","targetHints":{"allow":["GET"]}}],"collection":[{"href":"https:\/\/klimbos.nl\/de\/wp-json\/wp\/v2\/pages"}],"about":[{"href":"https:\/\/klimbos.nl\/de\/wp-json\/wp\/v2\/types\/page"}],"author":[{"embeddable":true,"href":"https:\/\/klimbos.nl\/de\/wp-json\/wp\/v2\/users\/4"}],"replies":[{"embeddable":true,"href":"https:\/\/klimbos.nl\/de\/wp-json\/wp\/v2\/comments?post=7968"}],"version-history":[{"count":1,"href":"https:\/\/klimbos.nl\/de\/wp-json\/wp\/v2\/pages\/7968\/revisions"}],"predecessor-version":[{"id":11087,"href":"https:\/\/klimbos.nl\/de\/wp-json\/wp\/v2\/pages\/7968\/revisions\/11087"}],"wp:attachment":[{"href":"https:\/\/klimbos.nl\/de\/wp-json\/wp\/v2\/media?parent=7968"}],"curies":[{"name":"wp","href":"https:\/\/api.w.org\/{rel}","templated":true}]}}