{"id":836,"date":"2021-02-24T10:10:46","date_gmt":"2021-02-24T09:10:46","guid":{"rendered":"https:\/\/klimbos.nl\/?page_id=836"},"modified":"2025-12-09T10:07:49","modified_gmt":"2025-12-09T09:07:49","slug":"kinderfest-kletterwald-dordrecht","status":"publish","type":"page","link":"https:\/\/klimbos.nl\/de\/kinderfest-kletterwald-dordrecht\/","title":{"rendered":"Kinderfest bei Kletterwald Dordrecht"},"content":{"rendered":"<p>Hast du Geburtstag und m\u00f6chtest du eine Kinderparty in Dordrecht organisieren? Entscheiden Sie sich f\u00fcr eine Party im Kletterwald. Geh mit deinen Freunden in die B\u00e4ume und klettere in gro\u00dfe H\u00f6hen. Ein Tag, den du nie vergessen wirst!<\/p>\n\n\n\n<p><em> <\/em><\/p>","protected":false},"excerpt":{"rendered":"<p>Hast du Geburtstag und m\u00f6chtest du eine Kinderparty in Dordrecht organisieren? Entscheiden Sie sich f\u00fcr eine Party im Kletterwald. Geh mit deinen Freunden in die B\u00e4ume und klettere in gro\u00dfe H\u00f6hen. Ein Tag, den du nie vergessen wirst!<\/p>","protected":false},"author":2,"featured_media":441,"parent":0,"menu_order":0,"comment_status":"closed","ping_status":"closed","template":"page-templates\/contentblokken.php","meta":{"_acf_changed":false,"footnotes":""},"class_list":["post-836","page","type-page","status-publish","has-post-thumbnail","hentry"],"acf":[],"yoast_head":"<!-- This site is optimized with the Yoast SEO plugin v27.3 - https:\/\/yoast.com\/product\/yoast-seo-wordpress\/ -->\n<title>Kinderfeestje Klimbos Dordrecht - Klimbos<\/title>\n<meta name=\"description\" content=\"Kinderfeestje Klimbos Dordrecht - Ben je jarig en wil je een kinderfeestje organiseren in Dordrecht? Kies voor een feestje in het Klimbos. Ga samen met je vriendjes en vriendinnetjes de\" \/>\n<meta name=\"robots\" content=\"index, follow, max-snippet:-1, max-image-preview:large, max-video-preview:-1\" \/>\n<link rel=\"canonical\" href=\"https:\/\/klimbos.nl\/de\/kinderfest-kletterwald-dordrecht\/\" \/>\n<meta property=\"og:locale\" content=\"de_DE\" \/>\n<meta property=\"og:type\" content=\"article\" \/>\n<meta property=\"og:title\" content=\"Kinderfeestje Klimbos Dordrecht - Klimbos\" \/>\n<meta property=\"og:description\" content=\"Kinderfeestje Klimbos Dordrecht - Ben je jarig en wil je een kinderfeestje organiseren in Dordrecht? Kies voor een feestje in het Klimbos. Ga samen met je vriendjes en vriendinnetjes de\" \/>\n<meta property=\"og:url\" content=\"https:\/\/klimbos.nl\/de\/kinderfest-kletterwald-dordrecht\/\" \/>\n<meta property=\"og:site_name\" content=\"Klimbos\" \/>\n<meta property=\"article:modified_time\" content=\"2025-12-09T09:07:49+00:00\" \/>\n<meta property=\"og:image\" content=\"https:\/\/klimbos.nl\/wp-content\/uploads\/2021\/02\/Klimbos-Nederland-133-scaled.jpg\" \/>\n\t<meta property=\"og:image:width\" content=\"2560\" \/>\n\t<meta property=\"og:image:height\" content=\"1707\" \/>\n\t<meta property=\"og:image:type\" content=\"image\/jpeg\" \/>\n<meta name=\"twitter:card\" content=\"summary_large_image\" \/>\n<meta name=\"twitter:label1\" content=\"Est. reading time\" \/>\n\t<meta name=\"twitter:data1\" content=\"3 minutes\" \/>\n<script type=\"application\/ld+json\" class=\"yoast-schema-graph\">{\"@context\":\"https:\\\/\\\/schema.org\",\"@graph\":[{\"@type\":\"WebPage\",\"@id\":\"https:\\\/\\\/klimbos.nl\\\/kinderfeestje-klimbos-dordrecht\\\/\",\"url\":\"https:\\\/\\\/klimbos.nl\\\/kinderfeestje-klimbos-dordrecht\\\/\",\"name\":\"Kinderfeestje Klimbos Dordrecht - Klimbos\",\"isPartOf\":{\"@id\":\"https:\\\/\\\/klimbos.nl\\\/#website\"},\"primaryImageOfPage\":{\"@id\":\"https:\\\/\\\/klimbos.nl\\\/kinderfeestje-klimbos-dordrecht\\\/#primaryimage\"},\"image\":{\"@id\":\"https:\\\/\\\/klimbos.nl\\\/kinderfeestje-klimbos-dordrecht\\\/#primaryimage\"},\"thumbnailUrl\":\"https:\\\/\\\/klimbos.nl\\\/wp-content\\\/uploads\\\/2021\\\/02\\\/Klimbos-Nederland-133-scaled.jpg\",\"datePublished\":\"2021-02-24T09:10:46+00:00\",\"dateModified\":\"2025-12-09T09:07:49+00:00\",\"description\":\"Kinderfeestje Klimbos Dordrecht - Ben je jarig en wil je een kinderfeestje organiseren in Dordrecht? Kies voor een feestje in het Klimbos. Ga samen met je vriendjes en vriendinnetjes de\",\"breadcrumb\":{\"@id\":\"https:\\\/\\\/klimbos.nl\\\/kinderfeestje-klimbos-dordrecht\\\/#breadcrumb\"},\"inLanguage\":\"de-DE\",\"potentialAction\":[{\"@type\":\"ReadAction\",\"target\":[\"https:\\\/\\\/klimbos.nl\\\/kinderfeestje-klimbos-dordrecht\\\/\"]}]},{\"@type\":\"ImageObject\",\"inLanguage\":\"de-DE\",\"@id\":\"https:\\\/\\\/klimbos.nl\\\/kinderfeestje-klimbos-dordrecht\\\/#primaryimage\",\"url\":\"https:\\\/\\\/klimbos.nl\\\/wp-content\\\/uploads\\\/2021\\\/02\\\/Klimbos-Nederland-133-scaled.jpg\",\"contentUrl\":\"https:\\\/\\\/klimbos.nl\\\/wp-content\\\/uploads\\\/2021\\\/02\\\/Klimbos-Nederland-133-scaled.jpg\",\"width\":2560,\"height\":1707,\"caption\":\"kinderfeestje\"},{\"@type\":\"BreadcrumbList\",\"@id\":\"https:\\\/\\\/klimbos.nl\\\/kinderfeestje-klimbos-dordrecht\\\/#breadcrumb\",\"itemListElement\":[{\"@type\":\"ListItem\",\"position\":1,\"name\":\"Home\",\"item\":\"https:\\\/\\\/klimbos.nl\\\/\"},{\"@type\":\"ListItem\",\"position\":2,\"name\":\"Kinderfeestje Klimbos Dordrecht\"}]},{\"@type\":\"WebSite\",\"@id\":\"https:\\\/\\\/klimbos.nl\\\/#website\",\"url\":\"https:\\\/\\\/klimbos.nl\\\/\",\"name\":\"Klimbos\",\"description\":\"Ga op avontuur in de mooiste gebieden van Nederland\",\"potentialAction\":[{\"@type\":\"SearchAction\",\"target\":{\"@type\":\"EntryPoint\",\"urlTemplate\":\"https:\\\/\\\/klimbos.nl\\\/?s={search_term_string}\"},\"query-input\":{\"@type\":\"PropertyValueSpecification\",\"valueRequired\":true,\"valueName\":\"search_term_string\"}}],\"inLanguage\":\"de-DE\"}]}<\/script>\n<!-- \/ Yoast SEO plugin. -->","yoast_head_json":{"title":"Kindergeburtstag Klimbos Dordrecht - Klimbos","description":"Kinderparty Klimbos Dordrecht - Hast du Geburtstag und m\u00f6chtest du eine Kinderparty in Dordrecht organisieren? W\u00e4hlen Sie eine Party im Klimbos. Erkunden Sie das","robots":{"index":"index","follow":"follow","max-snippet":"max-snippet:-1","max-image-preview":"max-image-preview:large","max-video-preview":"max-video-preview:-1"},"canonical":"https:\/\/klimbos.nl\/de\/kinderfest-kletterwald-dordrecht\/","og_locale":"de_DE","og_type":"article","og_title":"Kinderfeestje Klimbos Dordrecht - Klimbos","og_description":"Kinderfeestje Klimbos Dordrecht - Ben je jarig en wil je een kinderfeestje organiseren in Dordrecht? Kies voor een feestje in het Klimbos. Ga samen met je vriendjes en vriendinnetjes de","og_url":"https:\/\/klimbos.nl\/de\/kinderfest-kletterwald-dordrecht\/","og_site_name":"Klimbos","article_modified_time":"2025-12-09T09:07:49+00:00","og_image":[{"width":2560,"height":1707,"url":"https:\/\/klimbos.nl\/wp-content\/uploads\/2021\/02\/Klimbos-Nederland-133-scaled.jpg","type":"image\/jpeg"}],"twitter_card":"summary_large_image","twitter_misc":{"Est. reading time":"3 minutes"},"schema":{"@context":"https:\/\/schema.org","@graph":[{"@type":"WebPage","@id":"https:\/\/klimbos.nl\/kinderfeestje-klimbos-dordrecht\/","url":"https:\/\/klimbos.nl\/kinderfeestje-klimbos-dordrecht\/","name":"Kindergeburtstag Klimbos Dordrecht - Klimbos","isPartOf":{"@id":"https:\/\/klimbos.nl\/#website"},"primaryImageOfPage":{"@id":"https:\/\/klimbos.nl\/kinderfeestje-klimbos-dordrecht\/#primaryimage"},"image":{"@id":"https:\/\/klimbos.nl\/kinderfeestje-klimbos-dordrecht\/#primaryimage"},"thumbnailUrl":"https:\/\/klimbos.nl\/wp-content\/uploads\/2021\/02\/Klimbos-Nederland-133-scaled.jpg","datePublished":"2021-02-24T09:10:46+00:00","dateModified":"2025-12-09T09:07:49+00:00","description":"Kinderparty Klimbos Dordrecht - Hast du Geburtstag und m\u00f6chtest du eine Kinderparty in Dordrecht organisieren? W\u00e4hlen Sie eine Party im Klimbos. Erkunden Sie das","breadcrumb":{"@id":"https:\/\/klimbos.nl\/kinderfeestje-klimbos-dordrecht\/#breadcrumb"},"inLanguage":"de-DE","potentialAction":[{"@type":"ReadAction","target":["https:\/\/klimbos.nl\/kinderfeestje-klimbos-dordrecht\/"]}]},{"@type":"ImageObject","inLanguage":"de-DE","@id":"https:\/\/klimbos.nl\/kinderfeestje-klimbos-dordrecht\/#primaryimage","url":"https:\/\/klimbos.nl\/wp-content\/uploads\/2021\/02\/Klimbos-Nederland-133-scaled.jpg","contentUrl":"https:\/\/klimbos.nl\/wp-content\/uploads\/2021\/02\/Klimbos-Nederland-133-scaled.jpg","width":2560,"height":1707,"caption":"kinderfeestje"},{"@type":"BreadcrumbList","@id":"https:\/\/klimbos.nl\/kinderfeestje-klimbos-dordrecht\/#breadcrumb","itemListElement":[{"@type":"ListItem","position":1,"name":"Home","item":"https:\/\/klimbos.nl\/"},{"@type":"ListItem","position":2,"name":"Kinderfeestje Klimbos Dordrecht"}]},{"@type":"WebSite","@id":"https:\/\/klimbos.nl\/#website","url":"https:\/\/klimbos.nl\/","name":"Kletterwald","description":"Begeben Sie sich auf ein Abenteuer in den sch\u00f6nsten Gegenden der Niederlande","potentialAction":[{"@type":"SearchAction","target":{"@type":"EntryPoint","urlTemplate":"https:\/\/klimbos.nl\/?s={search_term_string}"},"query-input":{"@type":"PropertyValueSpecification","valueRequired":true,"valueName":"search_term_string"}}],"inLanguage":"de-DE"}]}},"_links":{"self":[{"href":"https:\/\/klimbos.nl\/de\/wp-json\/wp\/v2\/pages\/836","targetHints":{"allow":["GET"]}}],"collection":[{"href":"https:\/\/klimbos.nl\/de\/wp-json\/wp\/v2\/pages"}],"about":[{"href":"https:\/\/klimbos.nl\/de\/wp-json\/wp\/v2\/types\/page"}],"author":[{"embeddable":true,"href":"https:\/\/klimbos.nl\/de\/wp-json\/wp\/v2\/users\/2"}],"replies":[{"embeddable":true,"href":"https:\/\/klimbos.nl\/de\/wp-json\/wp\/v2\/comments?post=836"}],"version-history":[{"count":5,"href":"https:\/\/klimbos.nl\/de\/wp-json\/wp\/v2\/pages\/836\/revisions"}],"predecessor-version":[{"id":11118,"href":"https:\/\/klimbos.nl\/de\/wp-json\/wp\/v2\/pages\/836\/revisions\/11118"}],"wp:featuredmedia":[{"embeddable":true,"href":"https:\/\/klimbos.nl\/de\/wp-json\/wp\/v2\/media\/441"}],"wp:attachment":[{"href":"https:\/\/klimbos.nl\/de\/wp-json\/wp\/v2\/media?parent=836"}],"curies":[{"name":"wp","href":"https:\/\/api.w.org\/{rel}","templated":true}]}}