{"id":844,"date":"2021-02-24T10:18:47","date_gmt":"2021-02-24T09:18:47","guid":{"rendered":"https:\/\/klimbos.nl\/?page_id=844"},"modified":"2025-12-09T10:11:41","modified_gmt":"2025-12-09T09:11:41","slug":"schulen-lagevuursche","status":"publish","type":"page","link":"https:\/\/klimbos.nl\/de\/schulen-lagevuursche\/","title":{"rendered":"Schulausflug Kletterwald Lage Vuursche"},"content":{"rendered":"<p>Die Spannung steigt. Die Sch\u00fcler schlucken noch ein paar Mal. Gleich werden sie an ihre Grenzen gehen und sich ihren Weg durch den sch\u00f6nsten und gr\u00f6\u00dften Klimbos in der Provinz Utrecht bahnen. \u00dcber herausfordernde Br\u00fccken, Netze und verr\u00fcckte Seilrutschen haben die Sch\u00fcler nicht nur Spa\u00df, sondern lernen auch, zusammenzuarbeiten und in einer wundersch\u00f6nen Umgebung aktiv zu sein.<\/p>","protected":false},"excerpt":{"rendered":"<p>Die Spannung steigt. Die Sch\u00fcler schlucken noch ein paar Mal. Gleich werden sie an ihre Grenzen gehen und sich ihren Weg durch den sch\u00f6nsten und gr\u00f6\u00dften Klimbos in der Provinz Utrecht bahnen. \u00dcber herausfordernde Br\u00fccken, Netze und verr\u00fcckte Seilrutschen haben die Sch\u00fcler nicht nur eine Menge Spa\u00df, sondern lernen auch, zusammenzuarbeiten und aktiv...<\/p>","protected":false},"author":2,"featured_media":761,"parent":0,"menu_order":0,"comment_status":"closed","ping_status":"closed","template":"page-templates\/contentblokken.php","meta":{"_acf_changed":false,"footnotes":""},"class_list":["post-844","page","type-page","status-publish","has-post-thumbnail","hentry"],"acf":[],"yoast_head":"<!-- This site is optimized with the Yoast SEO plugin v27.3 - https:\/\/yoast.com\/product\/yoast-seo-wordpress\/ -->\n<title>Schooluitje Klimbos Lage Vuursche - Klimbos<\/title>\n<meta name=\"description\" content=\"De spanning stijgt. Leerlingen slikken nog een paar keer. Ze staan op het punt grenzen te verleggen en zich een weg te banen door het mooiste en grootste\" \/>\n<meta name=\"robots\" content=\"index, follow, max-snippet:-1, max-image-preview:large, max-video-preview:-1\" \/>\n<link rel=\"canonical\" href=\"https:\/\/klimbos.nl\/de\/schulen-lagevuursche\/\" \/>\n<meta property=\"og:locale\" content=\"de_DE\" \/>\n<meta property=\"og:type\" content=\"article\" \/>\n<meta property=\"og:title\" content=\"Schooluitje Klimbos Lage Vuursche - Klimbos\" \/>\n<meta property=\"og:description\" content=\"De spanning stijgt. Leerlingen slikken nog een paar keer. Ze staan op het punt grenzen te verleggen en zich een weg te banen door het mooiste en grootste\" \/>\n<meta property=\"og:url\" content=\"https:\/\/klimbos.nl\/de\/schulen-lagevuursche\/\" \/>\n<meta property=\"og:site_name\" content=\"Klimbos\" \/>\n<meta property=\"article:modified_time\" content=\"2025-12-09T09:11:41+00:00\" \/>\n<meta property=\"og:image\" content=\"https:\/\/klimbos.nl\/wp-content\/uploads\/2021\/02\/Klimbos-Nederland-110-scaled.jpg\" \/>\n\t<meta property=\"og:image:width\" content=\"2560\" \/>\n\t<meta property=\"og:image:height\" content=\"1706\" \/>\n\t<meta property=\"og:image:type\" content=\"image\/jpeg\" \/>\n<meta name=\"twitter:card\" content=\"summary_large_image\" \/>\n<meta name=\"twitter:label1\" content=\"Est. reading time\" \/>\n\t<meta name=\"twitter:data1\" content=\"2 minutes\" \/>\n<script type=\"application\/ld+json\" class=\"yoast-schema-graph\">{\"@context\":\"https:\\\/\\\/schema.org\",\"@graph\":[{\"@type\":\"WebPage\",\"@id\":\"https:\\\/\\\/klimbos.nl\\\/scholen-lagevuursche\\\/\",\"url\":\"https:\\\/\\\/klimbos.nl\\\/scholen-lagevuursche\\\/\",\"name\":\"Schooluitje Klimbos Lage Vuursche - Klimbos\",\"isPartOf\":{\"@id\":\"https:\\\/\\\/klimbos.nl\\\/#website\"},\"primaryImageOfPage\":{\"@id\":\"https:\\\/\\\/klimbos.nl\\\/scholen-lagevuursche\\\/#primaryimage\"},\"image\":{\"@id\":\"https:\\\/\\\/klimbos.nl\\\/scholen-lagevuursche\\\/#primaryimage\"},\"thumbnailUrl\":\"https:\\\/\\\/klimbos.nl\\\/wp-content\\\/uploads\\\/2021\\\/02\\\/Klimbos-Nederland-110-scaled.jpg\",\"datePublished\":\"2021-02-24T09:18:47+00:00\",\"dateModified\":\"2025-12-09T09:11:41+00:00\",\"description\":\"De spanning stijgt. Leerlingen slikken nog een paar keer. Ze staan op het punt grenzen te verleggen en zich een weg te banen door het mooiste en grootste\",\"breadcrumb\":{\"@id\":\"https:\\\/\\\/klimbos.nl\\\/scholen-lagevuursche\\\/#breadcrumb\"},\"inLanguage\":\"de-DE\",\"potentialAction\":[{\"@type\":\"ReadAction\",\"target\":[\"https:\\\/\\\/klimbos.nl\\\/scholen-lagevuursche\\\/\"]}]},{\"@type\":\"ImageObject\",\"inLanguage\":\"de-DE\",\"@id\":\"https:\\\/\\\/klimbos.nl\\\/scholen-lagevuursche\\\/#primaryimage\",\"url\":\"https:\\\/\\\/klimbos.nl\\\/wp-content\\\/uploads\\\/2021\\\/02\\\/Klimbos-Nederland-110-scaled.jpg\",\"contentUrl\":\"https:\\\/\\\/klimbos.nl\\\/wp-content\\\/uploads\\\/2021\\\/02\\\/Klimbos-Nederland-110-scaled.jpg\",\"width\":2560,\"height\":1706,\"caption\":\"Schooluitje in het klimbos\"},{\"@type\":\"BreadcrumbList\",\"@id\":\"https:\\\/\\\/klimbos.nl\\\/scholen-lagevuursche\\\/#breadcrumb\",\"itemListElement\":[{\"@type\":\"ListItem\",\"position\":1,\"name\":\"Home\",\"item\":\"https:\\\/\\\/klimbos.nl\\\/\"},{\"@type\":\"ListItem\",\"position\":2,\"name\":\"Schooluitje Klimbos Lage Vuursche\"}]},{\"@type\":\"WebSite\",\"@id\":\"https:\\\/\\\/klimbos.nl\\\/#website\",\"url\":\"https:\\\/\\\/klimbos.nl\\\/\",\"name\":\"Klimbos\",\"description\":\"Ga op avontuur in de mooiste gebieden van Nederland\",\"potentialAction\":[{\"@type\":\"SearchAction\",\"target\":{\"@type\":\"EntryPoint\",\"urlTemplate\":\"https:\\\/\\\/klimbos.nl\\\/?s={search_term_string}\"},\"query-input\":{\"@type\":\"PropertyValueSpecification\",\"valueRequired\":true,\"valueName\":\"search_term_string\"}}],\"inLanguage\":\"de-DE\"}]}<\/script>\n<!-- \/ Yoast SEO plugin. -->","yoast_head_json":{"title":"Schulausflug Klimbos Lage Vuursche - Klimbos","description":"Die Spannung steigt. Die Sch\u00fcler schlucken noch ein paar Mal. Sie sind im Begriff, ihre Grenzen zu \u00fcberschreiten und sich ihren Weg durch das sch\u00f6nste und gr\u00f6\u00dfte","robots":{"index":"index","follow":"follow","max-snippet":"max-snippet:-1","max-image-preview":"max-image-preview:large","max-video-preview":"max-video-preview:-1"},"canonical":"https:\/\/klimbos.nl\/de\/schulen-lagevuursche\/","og_locale":"de_DE","og_type":"article","og_title":"Schooluitje Klimbos Lage Vuursche - Klimbos","og_description":"De spanning stijgt. Leerlingen slikken nog een paar keer. Ze staan op het punt grenzen te verleggen en zich een weg te banen door het mooiste en grootste","og_url":"https:\/\/klimbos.nl\/de\/schulen-lagevuursche\/","og_site_name":"Klimbos","article_modified_time":"2025-12-09T09:11:41+00:00","og_image":[{"width":2560,"height":1706,"url":"https:\/\/klimbos.nl\/wp-content\/uploads\/2021\/02\/Klimbos-Nederland-110-scaled.jpg","type":"image\/jpeg"}],"twitter_card":"summary_large_image","twitter_misc":{"Est. reading time":"2 minutes"},"schema":{"@context":"https:\/\/schema.org","@graph":[{"@type":"WebPage","@id":"https:\/\/klimbos.nl\/scholen-lagevuursche\/","url":"https:\/\/klimbos.nl\/scholen-lagevuursche\/","name":"Schulausflug Klimbos Lage Vuursche - Klimbos","isPartOf":{"@id":"https:\/\/klimbos.nl\/#website"},"primaryImageOfPage":{"@id":"https:\/\/klimbos.nl\/scholen-lagevuursche\/#primaryimage"},"image":{"@id":"https:\/\/klimbos.nl\/scholen-lagevuursche\/#primaryimage"},"thumbnailUrl":"https:\/\/klimbos.nl\/wp-content\/uploads\/2021\/02\/Klimbos-Nederland-110-scaled.jpg","datePublished":"2021-02-24T09:18:47+00:00","dateModified":"2025-12-09T09:11:41+00:00","description":"Die Spannung steigt. Die Sch\u00fcler schlucken noch ein paar Mal. Sie sind im Begriff, ihre Grenzen zu \u00fcberschreiten und sich ihren Weg durch das sch\u00f6nste und gr\u00f6\u00dfte","breadcrumb":{"@id":"https:\/\/klimbos.nl\/scholen-lagevuursche\/#breadcrumb"},"inLanguage":"de-DE","potentialAction":[{"@type":"ReadAction","target":["https:\/\/klimbos.nl\/scholen-lagevuursche\/"]}]},{"@type":"ImageObject","inLanguage":"de-DE","@id":"https:\/\/klimbos.nl\/scholen-lagevuursche\/#primaryimage","url":"https:\/\/klimbos.nl\/wp-content\/uploads\/2021\/02\/Klimbos-Nederland-110-scaled.jpg","contentUrl":"https:\/\/klimbos.nl\/wp-content\/uploads\/2021\/02\/Klimbos-Nederland-110-scaled.jpg","width":2560,"height":1706,"caption":"Schooluitje in het klimbos"},{"@type":"BreadcrumbList","@id":"https:\/\/klimbos.nl\/scholen-lagevuursche\/#breadcrumb","itemListElement":[{"@type":"ListItem","position":1,"name":"Home","item":"https:\/\/klimbos.nl\/"},{"@type":"ListItem","position":2,"name":"Schooluitje Klimbos Lage Vuursche"}]},{"@type":"WebSite","@id":"https:\/\/klimbos.nl\/#website","url":"https:\/\/klimbos.nl\/","name":"Kletterwald","description":"Begeben Sie sich auf ein Abenteuer in den sch\u00f6nsten Gegenden der Niederlande","potentialAction":[{"@type":"SearchAction","target":{"@type":"EntryPoint","urlTemplate":"https:\/\/klimbos.nl\/?s={search_term_string}"},"query-input":{"@type":"PropertyValueSpecification","valueRequired":true,"valueName":"search_term_string"}}],"inLanguage":"de-DE"}]}},"_links":{"self":[{"href":"https:\/\/klimbos.nl\/de\/wp-json\/wp\/v2\/pages\/844","targetHints":{"allow":["GET"]}}],"collection":[{"href":"https:\/\/klimbos.nl\/de\/wp-json\/wp\/v2\/pages"}],"about":[{"href":"https:\/\/klimbos.nl\/de\/wp-json\/wp\/v2\/types\/page"}],"author":[{"embeddable":true,"href":"https:\/\/klimbos.nl\/de\/wp-json\/wp\/v2\/users\/2"}],"replies":[{"embeddable":true,"href":"https:\/\/klimbos.nl\/de\/wp-json\/wp\/v2\/comments?post=844"}],"version-history":[{"count":3,"href":"https:\/\/klimbos.nl\/de\/wp-json\/wp\/v2\/pages\/844\/revisions"}],"predecessor-version":[{"id":11047,"href":"https:\/\/klimbos.nl\/de\/wp-json\/wp\/v2\/pages\/844\/revisions\/11047"}],"wp:featuredmedia":[{"embeddable":true,"href":"https:\/\/klimbos.nl\/de\/wp-json\/wp\/v2\/media\/761"}],"wp:attachment":[{"href":"https:\/\/klimbos.nl\/de\/wp-json\/wp\/v2\/media?parent=844"}],"curies":[{"name":"wp","href":"https:\/\/api.w.org\/{rel}","templated":true}]}}