{"id":860,"date":"2021-02-24T10:30:14","date_gmt":"2021-02-24T09:30:14","guid":{"rendered":"https:\/\/klimbos.nl\/?page_id=860"},"modified":"2025-12-11T15:11:02","modified_gmt":"2025-12-11T14:11:02","slug":"gruppen-klettern-wald-ruurlo","status":"publish","type":"page","link":"https:\/\/klimbos.nl\/de\/gruppen-klettern-wald-ruurlo\/","title":{"rendered":"Gruppenausflug Kletterwald Ruurlo"},"content":{"rendered":"<p>Suchen Sie eine Aktivit\u00e4t f\u00fcr einen Familientag oder m\u00f6chten Sie mit Ihrer Sportmannschaft oder Ihren Freunden etwas Lustiges unternehmen? Und darf es auch etwas Action sein? Kommen Sie zum Klettern in den Kletterwald Ruurlo!<\/p>","protected":false},"excerpt":{"rendered":"<p>Suchen Sie eine Aktivit\u00e4t f\u00fcr einen Familientag oder m\u00f6chten Sie mit Ihrer Sportmannschaft oder Ihren Freunden etwas Lustiges unternehmen? Und darf es auch etwas Action sein? Kommen Sie zum Klettern in den Kletterwald Ruurlo!<\/p>","protected":false},"author":2,"featured_media":0,"parent":0,"menu_order":0,"comment_status":"closed","ping_status":"closed","template":"page-templates\/contentblokken.php","meta":{"_acf_changed":false,"footnotes":""},"class_list":["post-860","page","type-page","status-publish","hentry"],"acf":[],"yoast_head":"<!-- This site is optimized with the Yoast SEO plugin v27.3 - https:\/\/yoast.com\/product\/yoast-seo-wordpress\/ -->\n<title>Groepsuitje Klimbos Ruurlo - Klimbos<\/title>\n<meta name=\"description\" content=\"Ben je op zoek naar een activiteit voor een familiedag of wil je graag wat leuks doen met je sportteam of vrienden? En mag er wel wat actie bij Groepsuitje Klimbos Ruurlo\" \/>\n<meta name=\"robots\" content=\"index, follow, max-snippet:-1, max-image-preview:large, max-video-preview:-1\" \/>\n<link rel=\"canonical\" href=\"https:\/\/klimbos.nl\/de\/gruppen-klettern-wald-ruurlo\/\" \/>\n<meta property=\"og:locale\" content=\"de_DE\" \/>\n<meta property=\"og:type\" content=\"article\" \/>\n<meta property=\"og:title\" content=\"Groepsuitje Klimbos Ruurlo - Klimbos\" \/>\n<meta property=\"og:description\" content=\"Ben je op zoek naar een activiteit voor een familiedag of wil je graag wat leuks doen met je sportteam of vrienden? En mag er wel wat actie bij Groepsuitje Klimbos Ruurlo\" \/>\n<meta property=\"og:url\" content=\"https:\/\/klimbos.nl\/de\/gruppen-klettern-wald-ruurlo\/\" \/>\n<meta property=\"og:site_name\" content=\"Klimbos\" \/>\n<meta property=\"article:modified_time\" content=\"2025-12-11T14:11:02+00:00\" \/>\n<meta name=\"twitter:card\" content=\"summary_large_image\" \/>\n<meta name=\"twitter:label1\" content=\"Est. reading time\" \/>\n\t<meta name=\"twitter:data1\" content=\"2 minutes\" \/>\n<script type=\"application\/ld+json\" class=\"yoast-schema-graph\">{\"@context\":\"https:\\\/\\\/schema.org\",\"@graph\":[{\"@type\":\"WebPage\",\"@id\":\"https:\\\/\\\/klimbos.nl\\\/groepen-klimbos-ruurlo\\\/\",\"url\":\"https:\\\/\\\/klimbos.nl\\\/groepen-klimbos-ruurlo\\\/\",\"name\":\"Groepsuitje Klimbos Ruurlo - Klimbos\",\"isPartOf\":{\"@id\":\"https:\\\/\\\/klimbos.nl\\\/#website\"},\"datePublished\":\"2021-02-24T09:30:14+00:00\",\"dateModified\":\"2025-12-11T14:11:02+00:00\",\"description\":\"Ben je op zoek naar een activiteit voor een familiedag of wil je graag wat leuks doen met je sportteam of vrienden? En mag er wel wat actie bij Groepsuitje Klimbos Ruurlo\",\"breadcrumb\":{\"@id\":\"https:\\\/\\\/klimbos.nl\\\/groepen-klimbos-ruurlo\\\/#breadcrumb\"},\"inLanguage\":\"de-DE\",\"potentialAction\":[{\"@type\":\"ReadAction\",\"target\":[\"https:\\\/\\\/klimbos.nl\\\/groepen-klimbos-ruurlo\\\/\"]}]},{\"@type\":\"BreadcrumbList\",\"@id\":\"https:\\\/\\\/klimbos.nl\\\/groepen-klimbos-ruurlo\\\/#breadcrumb\",\"itemListElement\":[{\"@type\":\"ListItem\",\"position\":1,\"name\":\"Home\",\"item\":\"https:\\\/\\\/klimbos.nl\\\/\"},{\"@type\":\"ListItem\",\"position\":2,\"name\":\"Groepsuitje Klimbos Ruurlo\"}]},{\"@type\":\"WebSite\",\"@id\":\"https:\\\/\\\/klimbos.nl\\\/#website\",\"url\":\"https:\\\/\\\/klimbos.nl\\\/\",\"name\":\"Klimbos\",\"description\":\"Ga op avontuur in de mooiste gebieden van Nederland\",\"potentialAction\":[{\"@type\":\"SearchAction\",\"target\":{\"@type\":\"EntryPoint\",\"urlTemplate\":\"https:\\\/\\\/klimbos.nl\\\/?s={search_term_string}\"},\"query-input\":{\"@type\":\"PropertyValueSpecification\",\"valueRequired\":true,\"valueName\":\"search_term_string\"}}],\"inLanguage\":\"de-DE\"}]}<\/script>\n<!-- \/ Yoast SEO plugin. -->","yoast_head_json":{"title":"Gruppenausflug Klimbos Ruurlo - Klimbos","description":"Sind Sie auf der Suche nach einer Aktivit\u00e4t f\u00fcr einen Familientag oder m\u00f6chten Sie etwas Lustiges mit Ihrem Sportteam oder Ihren Freunden unternehmen? Und k\u00f6nnte es etwas Action bei Gruppenausflug Klimbos Ruurlo geben?","robots":{"index":"index","follow":"follow","max-snippet":"max-snippet:-1","max-image-preview":"max-image-preview:large","max-video-preview":"max-video-preview:-1"},"canonical":"https:\/\/klimbos.nl\/de\/gruppen-klettern-wald-ruurlo\/","og_locale":"de_DE","og_type":"article","og_title":"Groepsuitje Klimbos Ruurlo - Klimbos","og_description":"Ben je op zoek naar een activiteit voor een familiedag of wil je graag wat leuks doen met je sportteam of vrienden? En mag er wel wat actie bij Groepsuitje Klimbos Ruurlo","og_url":"https:\/\/klimbos.nl\/de\/gruppen-klettern-wald-ruurlo\/","og_site_name":"Klimbos","article_modified_time":"2025-12-11T14:11:02+00:00","twitter_card":"summary_large_image","twitter_misc":{"Est. reading time":"2 minutes"},"schema":{"@context":"https:\/\/schema.org","@graph":[{"@type":"WebPage","@id":"https:\/\/klimbos.nl\/groepen-klimbos-ruurlo\/","url":"https:\/\/klimbos.nl\/groepen-klimbos-ruurlo\/","name":"Gruppenausflug Klimbos Ruurlo - Klimbos","isPartOf":{"@id":"https:\/\/klimbos.nl\/#website"},"datePublished":"2021-02-24T09:30:14+00:00","dateModified":"2025-12-11T14:11:02+00:00","description":"Sind Sie auf der Suche nach einer Aktivit\u00e4t f\u00fcr einen Familientag oder m\u00f6chten Sie etwas Lustiges mit Ihrem Sportteam oder Ihren Freunden unternehmen? Und k\u00f6nnte es etwas Action bei Gruppenausflug Klimbos Ruurlo geben?","breadcrumb":{"@id":"https:\/\/klimbos.nl\/groepen-klimbos-ruurlo\/#breadcrumb"},"inLanguage":"de-DE","potentialAction":[{"@type":"ReadAction","target":["https:\/\/klimbos.nl\/groepen-klimbos-ruurlo\/"]}]},{"@type":"BreadcrumbList","@id":"https:\/\/klimbos.nl\/groepen-klimbos-ruurlo\/#breadcrumb","itemListElement":[{"@type":"ListItem","position":1,"name":"Home","item":"https:\/\/klimbos.nl\/"},{"@type":"ListItem","position":2,"name":"Groepsuitje Klimbos Ruurlo"}]},{"@type":"WebSite","@id":"https:\/\/klimbos.nl\/#website","url":"https:\/\/klimbos.nl\/","name":"Kletterwald","description":"Begeben Sie sich auf ein Abenteuer in den sch\u00f6nsten Gegenden der Niederlande","potentialAction":[{"@type":"SearchAction","target":{"@type":"EntryPoint","urlTemplate":"https:\/\/klimbos.nl\/?s={search_term_string}"},"query-input":{"@type":"PropertyValueSpecification","valueRequired":true,"valueName":"search_term_string"}}],"inLanguage":"de-DE"}]}},"_links":{"self":[{"href":"https:\/\/klimbos.nl\/de\/wp-json\/wp\/v2\/pages\/860","targetHints":{"allow":["GET"]}}],"collection":[{"href":"https:\/\/klimbos.nl\/de\/wp-json\/wp\/v2\/pages"}],"about":[{"href":"https:\/\/klimbos.nl\/de\/wp-json\/wp\/v2\/types\/page"}],"author":[{"embeddable":true,"href":"https:\/\/klimbos.nl\/de\/wp-json\/wp\/v2\/users\/2"}],"replies":[{"embeddable":true,"href":"https:\/\/klimbos.nl\/de\/wp-json\/wp\/v2\/comments?post=860"}],"version-history":[{"count":1,"href":"https:\/\/klimbos.nl\/de\/wp-json\/wp\/v2\/pages\/860\/revisions"}],"predecessor-version":[{"id":11157,"href":"https:\/\/klimbos.nl\/de\/wp-json\/wp\/v2\/pages\/860\/revisions\/11157"}],"wp:attachment":[{"href":"https:\/\/klimbos.nl\/de\/wp-json\/wp\/v2\/media?parent=860"}],"curies":[{"name":"wp","href":"https:\/\/api.w.org\/{rel}","templated":true}]}}