{"id":866,"date":"2021-02-24T10:35:51","date_gmt":"2021-02-24T09:35:51","guid":{"rendered":"https:\/\/klimbos.nl\/?page_id=866"},"modified":"2025-12-09T10:04:57","modified_gmt":"2025-12-09T09:04:57","slug":"gruppen-klettern-wald-apeldoorn","status":"publish","type":"page","link":"https:\/\/klimbos.nl\/de\/gruppen-klettern-wald-apeldoorn\/","title":{"rendered":"Gruppenausflug Kletterwald Apeldoorn"},"content":{"rendered":"<p>Suchen Sie nach einer Aktivit\u00e4t f\u00fcr einen Familientag oder m\u00f6chten Sie mit Ihrer Sportmannschaft oder Ihren Freunden etwas Lustiges unternehmen? Und darf es auch etwas Action sein? Kommen Sie zum Klettern in den Kletterwald Apeldoorn an der Veluwe!<\/p>","protected":false},"excerpt":{"rendered":"<p>Suchen Sie nach einer Aktivit\u00e4t f\u00fcr einen Familientag oder m\u00f6chten Sie mit Ihrer Sportmannschaft oder Ihren Freunden etwas Lustiges unternehmen? Und darf es auch etwas Action sein? Kommen Sie zum Klettern in den Kletterwald Apeldoorn an der Veluwe!<\/p>","protected":false},"author":2,"featured_media":0,"parent":0,"menu_order":0,"comment_status":"closed","ping_status":"closed","template":"page-templates\/contentblokken.php","meta":{"_acf_changed":false,"footnotes":""},"class_list":["post-866","page","type-page","status-publish","hentry"],"acf":[],"yoast_head":"<!-- This site is optimized with the Yoast SEO plugin v27.3 - https:\/\/yoast.com\/product\/yoast-seo-wordpress\/ -->\n<title>Groepsuitje Klimbos Apeldoorn - Klimbos<\/title>\n<meta name=\"description\" content=\"Ben je op zoek naar een activiteit voor een familiedag of wil je graag wat leuks doen met je sportteam of vrienden? En mag er wel wat actie bij Groepsuitje Klimbos Apeldoorn\" \/>\n<meta name=\"robots\" content=\"index, follow, max-snippet:-1, max-image-preview:large, max-video-preview:-1\" \/>\n<link rel=\"canonical\" href=\"https:\/\/klimbos.nl\/de\/gruppen-klettern-wald-apeldoorn\/\" \/>\n<meta property=\"og:locale\" content=\"de_DE\" \/>\n<meta property=\"og:type\" content=\"article\" \/>\n<meta property=\"og:title\" content=\"Groepsuitje Klimbos Apeldoorn - Klimbos\" \/>\n<meta property=\"og:description\" content=\"Ben je op zoek naar een activiteit voor een familiedag of wil je graag wat leuks doen met je sportteam of vrienden? En mag er wel wat actie bij Groepsuitje Klimbos Apeldoorn\" \/>\n<meta property=\"og:url\" content=\"https:\/\/klimbos.nl\/de\/gruppen-klettern-wald-apeldoorn\/\" \/>\n<meta property=\"og:site_name\" content=\"Klimbos\" \/>\n<meta property=\"article:modified_time\" content=\"2025-12-09T09:04:57+00:00\" \/>\n<meta name=\"twitter:card\" content=\"summary_large_image\" \/>\n<meta name=\"twitter:label1\" content=\"Est. reading time\" \/>\n\t<meta name=\"twitter:data1\" content=\"2 minutes\" \/>\n<script type=\"application\/ld+json\" class=\"yoast-schema-graph\">{\"@context\":\"https:\\\/\\\/schema.org\",\"@graph\":[{\"@type\":\"WebPage\",\"@id\":\"https:\\\/\\\/klimbos.nl\\\/groepen-klimbos-apeldoorn\\\/\",\"url\":\"https:\\\/\\\/klimbos.nl\\\/groepen-klimbos-apeldoorn\\\/\",\"name\":\"Groepsuitje Klimbos Apeldoorn - Klimbos\",\"isPartOf\":{\"@id\":\"https:\\\/\\\/klimbos.nl\\\/#website\"},\"datePublished\":\"2021-02-24T09:35:51+00:00\",\"dateModified\":\"2025-12-09T09:04:57+00:00\",\"description\":\"Ben je op zoek naar een activiteit voor een familiedag of wil je graag wat leuks doen met je sportteam of vrienden? En mag er wel wat actie bij Groepsuitje Klimbos Apeldoorn\",\"breadcrumb\":{\"@id\":\"https:\\\/\\\/klimbos.nl\\\/groepen-klimbos-apeldoorn\\\/#breadcrumb\"},\"inLanguage\":\"de-DE\",\"potentialAction\":[{\"@type\":\"ReadAction\",\"target\":[\"https:\\\/\\\/klimbos.nl\\\/groepen-klimbos-apeldoorn\\\/\"]}]},{\"@type\":\"BreadcrumbList\",\"@id\":\"https:\\\/\\\/klimbos.nl\\\/groepen-klimbos-apeldoorn\\\/#breadcrumb\",\"itemListElement\":[{\"@type\":\"ListItem\",\"position\":1,\"name\":\"Home\",\"item\":\"https:\\\/\\\/klimbos.nl\\\/\"},{\"@type\":\"ListItem\",\"position\":2,\"name\":\"Groepsuitje Klimbos Apeldoorn\"}]},{\"@type\":\"WebSite\",\"@id\":\"https:\\\/\\\/klimbos.nl\\\/#website\",\"url\":\"https:\\\/\\\/klimbos.nl\\\/\",\"name\":\"Klimbos\",\"description\":\"Ga op avontuur in de mooiste gebieden van Nederland\",\"potentialAction\":[{\"@type\":\"SearchAction\",\"target\":{\"@type\":\"EntryPoint\",\"urlTemplate\":\"https:\\\/\\\/klimbos.nl\\\/?s={search_term_string}\"},\"query-input\":{\"@type\":\"PropertyValueSpecification\",\"valueRequired\":true,\"valueName\":\"search_term_string\"}}],\"inLanguage\":\"de-DE\"}]}<\/script>\n<!-- \/ Yoast SEO plugin. -->","yoast_head_json":{"title":"Gruppenausflug Klimbos Apeldoorn - Klimbos","description":"Sind Sie auf der Suche nach einer Aktivit\u00e4t f\u00fcr einen Familientag oder m\u00f6chten Sie etwas Lustiges mit Ihrem Sportteam oder Ihren Freunden unternehmen? Und k\u00f6nnte es etwas Action bei Group Outing Klimbos Apeldoorn geben?","robots":{"index":"index","follow":"follow","max-snippet":"max-snippet:-1","max-image-preview":"max-image-preview:large","max-video-preview":"max-video-preview:-1"},"canonical":"https:\/\/klimbos.nl\/de\/gruppen-klettern-wald-apeldoorn\/","og_locale":"de_DE","og_type":"article","og_title":"Groepsuitje Klimbos Apeldoorn - Klimbos","og_description":"Ben je op zoek naar een activiteit voor een familiedag of wil je graag wat leuks doen met je sportteam of vrienden? En mag er wel wat actie bij Groepsuitje Klimbos Apeldoorn","og_url":"https:\/\/klimbos.nl\/de\/gruppen-klettern-wald-apeldoorn\/","og_site_name":"Klimbos","article_modified_time":"2025-12-09T09:04:57+00:00","twitter_card":"summary_large_image","twitter_misc":{"Est. reading time":"2 minutes"},"schema":{"@context":"https:\/\/schema.org","@graph":[{"@type":"WebPage","@id":"https:\/\/klimbos.nl\/groepen-klimbos-apeldoorn\/","url":"https:\/\/klimbos.nl\/groepen-klimbos-apeldoorn\/","name":"Gruppenausflug Klimbos Apeldoorn - Klimbos","isPartOf":{"@id":"https:\/\/klimbos.nl\/#website"},"datePublished":"2021-02-24T09:35:51+00:00","dateModified":"2025-12-09T09:04:57+00:00","description":"Sind Sie auf der Suche nach einer Aktivit\u00e4t f\u00fcr einen Familientag oder m\u00f6chten Sie etwas Lustiges mit Ihrem Sportteam oder Ihren Freunden unternehmen? Und k\u00f6nnte es etwas Action bei Group Outing Klimbos Apeldoorn geben?","breadcrumb":{"@id":"https:\/\/klimbos.nl\/groepen-klimbos-apeldoorn\/#breadcrumb"},"inLanguage":"de-DE","potentialAction":[{"@type":"ReadAction","target":["https:\/\/klimbos.nl\/groepen-klimbos-apeldoorn\/"]}]},{"@type":"BreadcrumbList","@id":"https:\/\/klimbos.nl\/groepen-klimbos-apeldoorn\/#breadcrumb","itemListElement":[{"@type":"ListItem","position":1,"name":"Home","item":"https:\/\/klimbos.nl\/"},{"@type":"ListItem","position":2,"name":"Groepsuitje Klimbos Apeldoorn"}]},{"@type":"WebSite","@id":"https:\/\/klimbos.nl\/#website","url":"https:\/\/klimbos.nl\/","name":"Kletterwald","description":"Begeben Sie sich auf ein Abenteuer in den sch\u00f6nsten Gegenden der Niederlande","potentialAction":[{"@type":"SearchAction","target":{"@type":"EntryPoint","urlTemplate":"https:\/\/klimbos.nl\/?s={search_term_string}"},"query-input":{"@type":"PropertyValueSpecification","valueRequired":true,"valueName":"search_term_string"}}],"inLanguage":"de-DE"}]}},"_links":{"self":[{"href":"https:\/\/klimbos.nl\/de\/wp-json\/wp\/v2\/pages\/866","targetHints":{"allow":["GET"]}}],"collection":[{"href":"https:\/\/klimbos.nl\/de\/wp-json\/wp\/v2\/pages"}],"about":[{"href":"https:\/\/klimbos.nl\/de\/wp-json\/wp\/v2\/types\/page"}],"author":[{"embeddable":true,"href":"https:\/\/klimbos.nl\/de\/wp-json\/wp\/v2\/users\/2"}],"replies":[{"embeddable":true,"href":"https:\/\/klimbos.nl\/de\/wp-json\/wp\/v2\/comments?post=866"}],"version-history":[{"count":1,"href":"https:\/\/klimbos.nl\/de\/wp-json\/wp\/v2\/pages\/866\/revisions"}],"predecessor-version":[{"id":11112,"href":"https:\/\/klimbos.nl\/de\/wp-json\/wp\/v2\/pages\/866\/revisions\/11112"}],"wp:attachment":[{"href":"https:\/\/klimbos.nl\/de\/wp-json\/wp\/v2\/media?parent=866"}],"curies":[{"name":"wp","href":"https:\/\/api.w.org\/{rel}","templated":true}]}}