{"id":877,"date":"2021-02-24T10:53:05","date_gmt":"2021-02-24T09:53:05","guid":{"rendered":"https:\/\/klimbos.nl\/?page_id=877"},"modified":"2026-03-30T15:38:13","modified_gmt":"2026-03-30T13:38:13","slug":"stellenangebote","status":"publish","type":"page","link":"https:\/\/klimbos.nl\/de\/stellenangebote\/","title":{"rendered":"Offene Stellen"},"content":{"rendered":"<p>Wir haben derzeit eine Reihe von Stellen zu besetzen. M\u00f6chten Sie eine offene Bewerbung schicken? Nat\u00fcrlich k\u00f6nnen Sie das! Senden Sie sie an&nbsp;<a href=\"mailto:vacature@klimbos.nl\" target=\"_blank\" rel=\"noreferrer noopener\">vacature@klimbos.nl<\/a>.<\/p>","protected":false},"excerpt":{"rendered":"<p>Wir haben derzeit eine Reihe von freien Stellen. M\u00f6chten Sie eine offene Bewerbung schicken? Nat\u00fcrlich k\u00f6nnen Sie das! Schicken Sie sie an vacature@klimbos.nl.<\/p>","protected":false},"author":2,"featured_media":0,"parent":0,"menu_order":0,"comment_status":"closed","ping_status":"closed","template":"page-templates\/vacatures.php","meta":{"_acf_changed":false,"footnotes":""},"class_list":["post-877","page","type-page","status-publish","hentry"],"acf":[],"yoast_head":"<!-- This site is optimized with the Yoast SEO plugin v27.3 - https:\/\/yoast.com\/product\/yoast-seo-wordpress\/ -->\n<title>Vacatures - Klimbos<\/title>\n<meta name=\"description\" content=\"Momenteel hebben we een aantal openstaande vacatures. Een open sollicitatie sturen? Dat mag natuurlijk altijd! Stuur deze naar&nbsp;vacature@klimbos.nl.\" \/>\n<meta name=\"robots\" content=\"index, follow, max-snippet:-1, max-image-preview:large, max-video-preview:-1\" \/>\n<link rel=\"canonical\" href=\"https:\/\/klimbos.nl\/de\/stellenangebote\/\" \/>\n<meta property=\"og:locale\" content=\"de_DE\" \/>\n<meta property=\"og:type\" content=\"article\" \/>\n<meta property=\"og:title\" content=\"Vacatures - Klimbos\" \/>\n<meta property=\"og:description\" content=\"Momenteel hebben we een aantal openstaande vacatures. Een open sollicitatie sturen? Dat mag natuurlijk altijd! Stuur deze naar&nbsp;vacature@klimbos.nl.\" \/>\n<meta property=\"og:url\" content=\"https:\/\/klimbos.nl\/de\/stellenangebote\/\" \/>\n<meta property=\"og:site_name\" content=\"Klimbos\" \/>\n<meta property=\"article:modified_time\" content=\"2026-03-30T13:38:13+00:00\" \/>\n<meta name=\"twitter:card\" content=\"summary_large_image\" \/>\n<meta name=\"twitter:label1\" content=\"Est. reading time\" \/>\n\t<meta name=\"twitter:data1\" content=\"6 minutes\" \/>\n<script type=\"application\/ld+json\" class=\"yoast-schema-graph\">{\"@context\":\"https:\\\/\\\/schema.org\",\"@graph\":[{\"@type\":\"WebPage\",\"@id\":\"https:\\\/\\\/klimbos.nl\\\/vacatures\\\/\",\"url\":\"https:\\\/\\\/klimbos.nl\\\/vacatures\\\/\",\"name\":\"Vacatures - Klimbos\",\"isPartOf\":{\"@id\":\"https:\\\/\\\/klimbos.nl\\\/#website\"},\"datePublished\":\"2021-02-24T09:53:05+00:00\",\"dateModified\":\"2026-03-30T13:38:13+00:00\",\"description\":\"Momenteel hebben we een aantal openstaande vacatures. Een open sollicitatie sturen? Dat mag natuurlijk altijd! Stuur deze naar&nbsp;vacature@klimbos.nl.\",\"breadcrumb\":{\"@id\":\"https:\\\/\\\/klimbos.nl\\\/vacatures\\\/#breadcrumb\"},\"inLanguage\":\"de-DE\",\"potentialAction\":[{\"@type\":\"ReadAction\",\"target\":[\"https:\\\/\\\/klimbos.nl\\\/vacatures\\\/\"]}]},{\"@type\":\"BreadcrumbList\",\"@id\":\"https:\\\/\\\/klimbos.nl\\\/vacatures\\\/#breadcrumb\",\"itemListElement\":[{\"@type\":\"ListItem\",\"position\":1,\"name\":\"Home\",\"item\":\"https:\\\/\\\/klimbos.nl\\\/\"},{\"@type\":\"ListItem\",\"position\":2,\"name\":\"Vacatures\"}]},{\"@type\":\"WebSite\",\"@id\":\"https:\\\/\\\/klimbos.nl\\\/#website\",\"url\":\"https:\\\/\\\/klimbos.nl\\\/\",\"name\":\"Klimbos\",\"description\":\"Ga op avontuur in de mooiste gebieden van Nederland\",\"potentialAction\":[{\"@type\":\"SearchAction\",\"target\":{\"@type\":\"EntryPoint\",\"urlTemplate\":\"https:\\\/\\\/klimbos.nl\\\/?s={search_term_string}\"},\"query-input\":{\"@type\":\"PropertyValueSpecification\",\"valueRequired\":true,\"valueName\":\"search_term_string\"}}],\"inLanguage\":\"de-DE\"}]}<\/script>\n<!-- \/ Yoast SEO plugin. -->","yoast_head_json":{"title":"Freie Stellen - Klimbos","description":"Wir haben derzeit eine Reihe von freien Stellen. M\u00f6chten Sie eine offene Bewerbung schicken? Nat\u00fcrlich k\u00f6nnen Sie das! Schicken Sie sie an vacature@klimbos.nl.","robots":{"index":"index","follow":"follow","max-snippet":"max-snippet:-1","max-image-preview":"max-image-preview:large","max-video-preview":"max-video-preview:-1"},"canonical":"https:\/\/klimbos.nl\/de\/stellenangebote\/","og_locale":"de_DE","og_type":"article","og_title":"Vacatures - Klimbos","og_description":"Momenteel hebben we een aantal openstaande vacatures. Een open sollicitatie sturen? Dat mag natuurlijk altijd! Stuur deze naar&nbsp;vacature@klimbos.nl.","og_url":"https:\/\/klimbos.nl\/de\/stellenangebote\/","og_site_name":"Klimbos","article_modified_time":"2026-03-30T13:38:13+00:00","twitter_card":"summary_large_image","twitter_misc":{"Est. reading time":"6 minutes"},"schema":{"@context":"https:\/\/schema.org","@graph":[{"@type":"WebPage","@id":"https:\/\/klimbos.nl\/vacatures\/","url":"https:\/\/klimbos.nl\/vacatures\/","name":"Freie Stellen - Klimbos","isPartOf":{"@id":"https:\/\/klimbos.nl\/#website"},"datePublished":"2021-02-24T09:53:05+00:00","dateModified":"2026-03-30T13:38:13+00:00","description":"Wir haben derzeit eine Reihe von freien Stellen. M\u00f6chten Sie eine offene Bewerbung schicken? Nat\u00fcrlich k\u00f6nnen Sie das! Schicken Sie sie an vacature@klimbos.nl.","breadcrumb":{"@id":"https:\/\/klimbos.nl\/vacatures\/#breadcrumb"},"inLanguage":"de-DE","potentialAction":[{"@type":"ReadAction","target":["https:\/\/klimbos.nl\/vacatures\/"]}]},{"@type":"BreadcrumbList","@id":"https:\/\/klimbos.nl\/vacatures\/#breadcrumb","itemListElement":[{"@type":"ListItem","position":1,"name":"Home","item":"https:\/\/klimbos.nl\/"},{"@type":"ListItem","position":2,"name":"Vacatures"}]},{"@type":"WebSite","@id":"https:\/\/klimbos.nl\/#website","url":"https:\/\/klimbos.nl\/","name":"Kletterwald","description":"Begeben Sie sich auf ein Abenteuer in den sch\u00f6nsten Gegenden der Niederlande","potentialAction":[{"@type":"SearchAction","target":{"@type":"EntryPoint","urlTemplate":"https:\/\/klimbos.nl\/?s={search_term_string}"},"query-input":{"@type":"PropertyValueSpecification","valueRequired":true,"valueName":"search_term_string"}}],"inLanguage":"de-DE"}]}},"_links":{"self":[{"href":"https:\/\/klimbos.nl\/de\/wp-json\/wp\/v2\/pages\/877","targetHints":{"allow":["GET"]}}],"collection":[{"href":"https:\/\/klimbos.nl\/de\/wp-json\/wp\/v2\/pages"}],"about":[{"href":"https:\/\/klimbos.nl\/de\/wp-json\/wp\/v2\/types\/page"}],"author":[{"embeddable":true,"href":"https:\/\/klimbos.nl\/de\/wp-json\/wp\/v2\/users\/2"}],"replies":[{"embeddable":true,"href":"https:\/\/klimbos.nl\/de\/wp-json\/wp\/v2\/comments?post=877"}],"version-history":[{"count":31,"href":"https:\/\/klimbos.nl\/de\/wp-json\/wp\/v2\/pages\/877\/revisions"}],"predecessor-version":[{"id":11424,"href":"https:\/\/klimbos.nl\/de\/wp-json\/wp\/v2\/pages\/877\/revisions\/11424"}],"wp:attachment":[{"href":"https:\/\/klimbos.nl\/de\/wp-json\/wp\/v2\/media?parent=877"}],"curies":[{"name":"wp","href":"https:\/\/api.w.org\/{rel}","templated":true}]}}