{"id":8911,"date":"2021-02-01T10:09:18","date_gmt":"2021-02-01T10:09:18","guid":{"rendered":"https:\/\/klimbos.nl\/?page_id=8911"},"modified":"2024-06-07T10:42:52","modified_gmt":"2024-06-07T08:42:52","slug":"datenschutzerklarung","status":"publish","type":"page","link":"https:\/\/klimbos.nl\/de\/datenschutzerklarung\/","title":{"rendered":"Datenschutzerkl\u00e4rung"},"content":{"rendered":"<p>Klimbos Nederland (Handelskammernummer 56535287) mit Sitz in der Asselsestraat 397 7312TS Apeldoorn ist f\u00fcr die Verarbeitung personenbezogener Daten gem\u00e4\u00df dieser Datenschutzerkl\u00e4rung verantwortlich.<\/p>\n\n\n\n<h3 class=\"wp-block-heading\"><strong>Kontaktangaben<\/strong><\/h3>\n\n\n\n<p><a href=\"https:\/\/klimbos.nl\/de\/\">www.klimbos.nl<br><\/a>Asselsestraat 397<br>7312 TS Apeldoorn<br>055 3557780<\/p>\n\n\n\n<h3 class=\"wp-block-heading\"><strong>Personenbezogene Daten, die wir verarbeiten<\/strong><\/h3>\n\n\n\n<p>Klimbos Nederland verarbeitet Ihre personenbezogenen Daten, weil Sie unsere Dienste nutzen und\/oder weil Sie uns diese selbst zur Verf\u00fcgung stellen. Nachfolgend finden Sie eine \u00dcbersicht \u00fcber die von uns verarbeiteten personenbezogenen Daten:<\/p>\n\n\n\n<ul class=\"wp-block-list\">\n<li>Vor- und Nachname<\/li>\n\n\n\n<li>Adressdaten<\/li>\n\n\n\n<li>Rufnummer<\/li>\n\n\n\n<li>E-Mail-Adresse<\/li>\n\n\n\n<li>Zahlungsdetails<\/li>\n<\/ul>\n\n\n\n<h3 class=\"wp-block-heading\">Kleinere<\/h3>\n\n\n\n<p>Unsere Website und\/oder unser Dienst beabsichtigen nicht, Daten \u00fcber Website-Besucher zu sammeln, die j\u00fcnger als 16 Jahre sind. Es sei denn, sie haben die Erlaubnis ihrer Eltern oder ihres Erziehungsberechtigten. Wir k\u00f6nnen jedoch nicht \u00fcberpr\u00fcfen, ob ein Besucher \u00e4lter als 16 Jahre ist. Wir empfehlen daher, dass Eltern in die Online-Aktivit\u00e4ten ihrer Kinder einbezogen werden, um zu verhindern, dass Daten \u00fcber Kinder ohne Zustimmung der Eltern erfasst werden. Wenn Sie davon \u00fcberzeugt sind, dass wir ohne diese Einwilligung personenbezogene Daten eines Minderj\u00e4hrigen gesammelt haben, kontaktieren Sie uns bitte unter info@klimbos.nl und wir werden diese Daten l\u00f6schen.<\/p>\n\n\n\n<p><\/p>\n\n\n\n<h2 class=\"wp-block-heading\"><strong>Zu welchem Zweck und auf welcher Grundlage verarbeiten wir personenbezogene Daten?<\/strong><\/h2>\n\n\n\n<p>Klimbos Nederland verarbeitet Ihre personenbezogenen Daten f\u00fcr folgende Zwecke:<\/p>\n\n\n\n<p><\/p>\n\n\n\n<h3 class=\"wp-block-heading\"><strong>Kontakt<\/strong><\/h3>\n\n\n\n<p>Sie k\u00f6nnen uns anrufen, uns eine E-Mail senden oder das Kontaktformular oder den Hilfe-Button auf unserer Website nutzen, um mit uns in Kontakt zu treten. Zur Bearbeitung Ihrer Kontaktanfrage werden Ihr Name, Ihre E-Mail-Adresse und Telefonnummer sowie der Inhalt Ihrer Frage f\u00fcr die Dauer von maximal 2 Jahren nach unserer letzten Kontaktaufnahme verarbeitet und gespeichert. Zu diesem Zweck werden wir die Daten dann l\u00f6schen.<\/p>\n\n\n\n<h3 class=\"wp-block-heading\">Newsletter<\/h3>\n\n\n\n<p>Sie k\u00f6nnen sich \u00fcber unsere Website f\u00fcr den Newsletter anmelden. Mit Ihrer Erlaubnis senden wir Ihnen bis zu 6 Mal im Jahr eine E-Mail mit Neuigkeiten und Aktionen rund um den Kletterwald. Sie k\u00f6nnen den Newsletter jederzeit abbestellen. Klicken Sie dazu auf den Abmeldelink in der E-Mail oder senden Sie uns eine Nachricht.<\/p>\n\n\n\n<h3 class=\"wp-block-heading\"><strong>Eine Bestellung aufgeben<\/strong><\/h3>\n\n\n\n<p>Tickets f\u00fcr den Kletterwald k\u00f6nnen Sie \u00fcber unsere Website kaufen. Im Bestellvorgang bitten wir Sie um die Angabe personenbezogener Daten, damit wir Ihnen das Ticket digital zustellen k\u00f6nnen. Zur Abwicklung der Zahlung verarbeiten wir zudem Ihre Zahlungsdaten. Wir bewahren diese Daten bis zu 7 Jahre nach Ende des Gesch\u00e4ftsjahres im Zusammenhang mit unserer steuerrechtlichen Aufbewahrungspflicht auf.<\/p>\n\n\n\n<h3 class=\"wp-block-heading\">Anwendung<\/h3>\n\n\n\n<p>Sie k\u00f6nnen sich \u00fcber unsere Website auf eine unserer offenen Stellen bewerben. Anschlie\u00dfend bitten wir Sie, Ihren Namen, Ihre Adressdaten und Ihre Kontaktdaten einzugeben. Sie k\u00f6nnen uns auch Ihre Motivation senden und Ihren Lebenslauf mit Informationen zu Ihrem beruflichen Werdegang und Ihrer Ausbildung beif\u00fcgen. Bei Bedarf k\u00f6nnen Sie uns eine Gehaltsvorstellung und weitere Zusatzinformationen mitteilen. Wir verarbeiten diese Daten zur Bearbeitung Ihrer Bewerbung. Zur Vorbereitung eines eventuellen Abschlusses eines Arbeitsvertrages mit Ihnen k\u00f6nnen wir auch erg\u00e4nzende Screenings durchf\u00fchren, etwa ein Social-Media-Screening oder die Beantragung eines F\u00fchrungszeugnisses.<\/p>\n\n\n\n<h3 class=\"wp-block-heading\"><strong>Bildmaterial-Website<\/strong><\/h3>\n\n\n\n<p>Wir verwenden auf unserer Website Fotos von Mitarbeitern und Kunden. Wir ver\u00f6ffentlichen diese Fotos nur dann auf unserer Website, wenn Sie hierf\u00fcr Ihre ausdr\u00fcckliche Einwilligung erteilt haben. Sie k\u00f6nnen Ihre Einwilligung jederzeit widerrufen. Wir werden die Fotos dann umgehend von der Website entfernen.<\/p>\n\n\n\n<h3 class=\"wp-block-heading\">Rezension<\/h3>\n\n\n\n<p>Sie k\u00f6nnen \u00fcber die Feedback Company einen Kommentar oder eine Bewertung hinterlassen. Wir zeigen diese Bewertungen auf unserer Website. Bitte beachten Sie, dass wir keinen Einfluss auf den Inhalt der Dienste haben. F\u00fcr die Verarbeitung ist Feedback Company selbst\u00e4ndig verantwortlich. Weitere Informationen zur Verarbeitung personenbezogener Daten finden Sie in der Datenschutzerkl\u00e4rung von Feedback Company.<\/p>\n\n\n\n<h3 class=\"wp-block-heading\">Cookies<\/h3>\n\n\n\n<p>\u00dcber unsere Website erfassen wir Daten \u00fcber Ihren Website-Besuch. Wir erheben statistische Informationen, weil wir ein berechtigtes kommerzielles Interesse daran haben. Wir bitten um Erlaubnis f\u00fcr Marketing-Cookies. Weitere Informationen hierzu finden Sie in unserer Cookie-Richtlinie. Sie k\u00f6nnen Ihre Einwilligung auch \u00fcber den Cookie-Button unten links auf dem Bildschirm oder unten in dieser Datenschutzerkl\u00e4rung widerrufen.<\/p>\n\n\n\n<h3 class=\"wp-block-heading\"><strong>Automatisierte Entscheidungsfindung<\/strong><\/h3>\n\n\n\n<p>Klimbos Nederland trifft keine Entscheidungen auf der Grundlage einer automatisierten Verarbeitung in Angelegenheiten, die (erhebliche) Folgen f\u00fcr Menschen haben k\u00f6nnten. Hierbei handelt es sich um Entscheidungen, die von Computerprogrammen oder -systemen getroffen werden, ohne dass ein Mensch beteiligt ist (z. B. ein Mitarbeiter von Klimbos Nederland).<\/p>\n\n\n\n<h3 class=\"wp-block-heading\"><strong>Weitergabe von personenbezogenen Daten an Dritte<\/strong><\/h3>\n\n\n\n<p>Klimbos Nederland verwendet die folgenden Computerprogramme oder -systeme:<\/p>\n\n\n\n<ul class=\"wp-block-list\">\n<li>Recras zur Anmeldung und Reservierung<\/li>\n\n\n\n<li>Tripper und ANWB f\u00fcr Buchungen<\/li>\n<\/ul>\n\n\n\n<ul class=\"wp-block-list\">\n<li>Zendesk f\u00fcr Fragen und Beschwerdebearbeitung<\/li>\n\n\n\n<li>Mollie f\u00fcr die Abwicklung von Zahlungen<\/li>\n<\/ul>\n\n\n\n<p>In diesen Systemen werden Ihre personenbezogenen Daten verarbeitet. Het Klimbos verkauft Ihre Daten nicht an Dritte und gibt sie nur dann weiter, wenn dies f\u00fcr die Ausf\u00fchrung unseres Vertrags mit Ihnen erforderlich ist, Sie Ihre Einwilligung dazu erteilt haben oder um einer gesetzlichen Verpflichtung nachzukommen. Wir schlie\u00dfen einen Verarbeitungsvertrag mit Unternehmen ab, die Ihre Daten in unserem Auftrag verarbeiten, um das gleiche Ma\u00df an Sicherheit und Vertraulichkeit Ihrer Daten zu gew\u00e4hrleisten. Wir ben\u00fctzen auch:<\/p>\n\n\n\n<ul class=\"wp-block-list\">\n<li>Unser Verwaltungsb\u00fcro<\/li>\n\n\n\n<li>IT-Dienstleister, wie z. B. unser Website-Entwickler und Hosting-Anbieter<\/li>\n\n\n\n<li>Cookie-Partner (weitere Informationen finden Sie in der Datenschutzerkl\u00e4rung unten)<\/li>\n<\/ul>\n\n\n\n<p>Ihre personenbezogenen Daten, mit Ausnahme der Cookie-Informationen, werden soweit m\u00f6glich innerhalb des Europ\u00e4ischen Wirtschaftsraums verarbeitet. Wenn wir davon \u00fcberzeugt sind, dass angemessene Sicherheitsvorkehrungen zum Schutz Ihrer Privatsph\u00e4re getroffen wurden, k\u00f6nnen wir uns dazu entschlie\u00dfen, Dienstleister au\u00dferhalb des EWR zu beauftragen.<\/p>\n\n\n\n<h3 class=\"wp-block-heading\"><strong>Daten einsehen, anpassen oder l\u00f6schen<\/strong><\/h3>\n\n\n\n<p>Sie haben das Recht, Ihre personenbezogenen Daten einzusehen, zu korrigieren oder zu l\u00f6schen. Dar\u00fcber hinaus haben Sie das Recht, Ihre Einwilligung zur Datenverarbeitung zu widerrufen oder der Verarbeitung Ihrer Daten durch Klimbos Nederland zu widersprechen, die Verarbeitung einzuschr\u00e4nken und das Recht auf Daten\u00fcbertragbarkeit zu nutzen. Das bedeutet, dass Sie bei uns einen Antrag stellen k\u00f6nnen, die personenbezogenen Daten, die wir \u00fcber Sie haben, in einer Computerdatei an Sie oder eine andere von Ihnen genannte Organisation zu senden.<\/p>\n\n\n\n<p><\/p>\n\n\n\n<p>Sie k\u00f6nnen eine Anfrage bez\u00fcglich Ihrer Datenschutzrechte an info@klimbos.nl senden. Um sicherzustellen, dass die Zugriffsanfrage von Ihnen gestellt wurde, stellen wir m\u00f6glicherweise zus\u00e4tzliche Fragen, um Sie zu identifizieren. Wir werden Ihre Anfrage so schnell wie m\u00f6glich, jedoch innerhalb von vier Wochen, beantworten. Sollte die Bearbeitung der Anfrage l\u00e4nger dauern, teilen wir Ihnen dies mit. Wir k\u00f6nnen die Laufzeit maximal um 2 Monate verl\u00e4ngern. Klimbos Niederlande weist au\u00dferdem darauf hin, dass Sie die M\u00f6glichkeit haben, eine Beschwerde bei der nationalen Aufsichtsbeh\u00f6rde, der niederl\u00e4ndischen Datenschutzbeh\u00f6rde, einzureichen. Dies kann \u00fcber den folgenden Link erfolgen: <a href=\"https:\/\/autoriteitpersoonsgegevens.nl\/nl\">https:\/\/autoriteitpersoonsgegevens.nl\/nl<\/a><\/p>\n\n\n\n<h3 class=\"wp-block-heading\"><strong>Wie wir Personendaten zulassen<\/strong><\/h3>\n\n\n\n<p>Klimbos Nederland nimmt den Schutz Ihrer Daten ernst und ergreift geeignete Ma\u00dfnahmen, um Missbrauch, Verlust, unbefugten Zugriff, unerw\u00fcnschte Offenlegung und unbefugte \u00c4nderung zu verhindern. Beispielsweise ist die Website per TLS gesichert. Wenn Sie den Eindruck haben, dass Ihre Daten nicht ordnungsgem\u00e4\u00df gesch\u00fctzt sind oder Hinweise auf einen Missbrauch vorliegen, wenden Sie sich bitte an unseren Kundenservice oder \u00fcber info@klimbos.nl.<\/p>\n\n\n\n<script id=\"CookieDeclaration\" src=\"https:\/\/consent.cookiebot.com\/4887bb04-5312-4501-8464-646d35e8a68b\/cd.js\" type=\"text\/javascript\" async data-culture=\"DE\"><\/script>","protected":false},"excerpt":{"rendered":"<p>Klimbos Nederland (Handelskammernummer 56535287) mit Sitz in der Asselsestraat 397 7312TS Apeldoorn ist f\u00fcr die Verarbeitung personenbezogener Daten gem\u00e4\u00df dieser Datenschutzerkl\u00e4rung verantwortlich. Kontaktdetails www.klimbos.nlAsselsestraat 3977312 TS Apeldoorn055 3557780 Personenbezogene Daten, die wir verarbeiten Klimbos Nederland verarbeitet Ihre personenbezogenen Daten, weil Sie unsere Dienste nutzen und\/oder weil Sie uns diese selbst zur Verf\u00fcgung stellen. Nachfolgend finden Sie...<\/p>","protected":false},"author":1,"featured_media":0,"parent":0,"menu_order":0,"comment_status":"closed","ping_status":"closed","template":"page-templates\/gutenberg-minimal.php","meta":{"_acf_changed":false,"footnotes":""},"class_list":["post-8911","page","type-page","status-publish","hentry"],"acf":[],"yoast_head":"<!-- This site is optimized with the Yoast SEO plugin v27.3 - https:\/\/yoast.com\/product\/yoast-seo-wordpress\/ -->\n<title>Datenschutzerkl\u00e4rung - Klimbos<\/title>\n<meta name=\"description\" content=\"Klimbos Nederland (Handelskammernummer 56535287) mit Sitz in der Asselsestraat 397 7312TS Apeldoorn ist f\u00fcr die Verarbeitung personenbezogener Daten gem\u00e4\u00df\" \/>\n<meta name=\"robots\" content=\"index, follow, max-snippet:-1, max-image-preview:large, max-video-preview:-1\" \/>\n<link rel=\"canonical\" href=\"https:\/\/klimbos.nl\/de\/datenschutzerklarung\/\" \/>\n<meta property=\"og:locale\" content=\"de_DE\" \/>\n<meta property=\"og:type\" content=\"article\" \/>\n<meta property=\"og:title\" content=\"Datenschutzerkl\u00e4rung - Klimbos\" \/>\n<meta property=\"og:description\" content=\"Klimbos Nederland (Handelskammernummer 56535287) mit Sitz in der Asselsestraat 397 7312TS Apeldoorn ist f\u00fcr die Verarbeitung personenbezogener Daten gem\u00e4\u00df\" \/>\n<meta property=\"og:url\" content=\"https:\/\/klimbos.nl\/de\/datenschutzerklarung\/\" \/>\n<meta property=\"og:site_name\" content=\"Klimbos\" \/>\n<meta property=\"article:modified_time\" content=\"2024-06-07T08:42:52+00:00\" \/>\n<meta name=\"twitter:card\" content=\"summary_large_image\" \/>\n<meta name=\"twitter:label1\" content=\"Est. reading time\" \/>\n\t<meta name=\"twitter:data1\" content=\"6 minutes\" \/>\n<script type=\"application\/ld+json\" class=\"yoast-schema-graph\">{\"@context\":\"https:\\\/\\\/schema.org\",\"@graph\":[{\"@type\":\"WebPage\",\"@id\":\"https:\\\/\\\/klimbos.nl\\\/de\\\/datenschutzerklarung\\\/\",\"url\":\"https:\\\/\\\/klimbos.nl\\\/de\\\/datenschutzerklarung\\\/\",\"name\":\"Datenschutzerkl\u00e4rung - Klimbos\",\"isPartOf\":{\"@id\":\"https:\\\/\\\/klimbos.nl\\\/#website\"},\"datePublished\":\"2021-02-01T10:09:18+00:00\",\"dateModified\":\"2024-06-07T08:42:52+00:00\",\"description\":\"Klimbos Nederland (Handelskammernummer 56535287) mit Sitz in der Asselsestraat 397 7312TS Apeldoorn ist f\u00fcr die Verarbeitung personenbezogener Daten gem\u00e4\u00df\",\"breadcrumb\":{\"@id\":\"https:\\\/\\\/klimbos.nl\\\/de\\\/datenschutzerklarung\\\/#breadcrumb\"},\"inLanguage\":\"de-DE\",\"potentialAction\":[{\"@type\":\"ReadAction\",\"target\":[\"https:\\\/\\\/klimbos.nl\\\/de\\\/datenschutzerklarung\\\/\"]}]},{\"@type\":\"BreadcrumbList\",\"@id\":\"https:\\\/\\\/klimbos.nl\\\/de\\\/datenschutzerklarung\\\/#breadcrumb\",\"itemListElement\":[{\"@type\":\"ListItem\",\"position\":1,\"name\":\"Home\",\"item\":\"https:\\\/\\\/klimbos.nl\\\/\"},{\"@type\":\"ListItem\",\"position\":2,\"name\":\"Datenschutzerkl\u00e4rung\"}]},{\"@type\":\"WebSite\",\"@id\":\"https:\\\/\\\/klimbos.nl\\\/#website\",\"url\":\"https:\\\/\\\/klimbos.nl\\\/\",\"name\":\"Klimbos\",\"description\":\"Ga op avontuur in de mooiste gebieden van Nederland\",\"potentialAction\":[{\"@type\":\"SearchAction\",\"target\":{\"@type\":\"EntryPoint\",\"urlTemplate\":\"https:\\\/\\\/klimbos.nl\\\/?s={search_term_string}\"},\"query-input\":{\"@type\":\"PropertyValueSpecification\",\"valueRequired\":true,\"valueName\":\"search_term_string\"}}],\"inLanguage\":\"de-DE\"}]}<\/script>\n<!-- \/ Yoast SEO plugin. -->","yoast_head_json":{"title":"Datenschutzerkl\u00e4rung - Klimbos","description":"Klimbos Nederland (Handelskammernummer 56535287) mit Sitz in der Asselsestraat 397 7312TS Apeldoorn ist f\u00fcr die Verarbeitung personenbezogener Daten gem\u00e4\u00df","robots":{"index":"index","follow":"follow","max-snippet":"max-snippet:-1","max-image-preview":"max-image-preview:large","max-video-preview":"max-video-preview:-1"},"canonical":"https:\/\/klimbos.nl\/de\/datenschutzerklarung\/","og_locale":"de_DE","og_type":"article","og_title":"Datenschutzerkl\u00e4rung - Klimbos","og_description":"Klimbos Nederland (Handelskammernummer 56535287) mit Sitz in der Asselsestraat 397 7312TS Apeldoorn ist f\u00fcr die Verarbeitung personenbezogener Daten gem\u00e4\u00df","og_url":"https:\/\/klimbos.nl\/de\/datenschutzerklarung\/","og_site_name":"Klimbos","article_modified_time":"2024-06-07T08:42:52+00:00","twitter_card":"summary_large_image","twitter_misc":{"Est. reading time":"6 minutes"},"schema":{"@context":"https:\/\/schema.org","@graph":[{"@type":"WebPage","@id":"https:\/\/klimbos.nl\/de\/datenschutzerklarung\/","url":"https:\/\/klimbos.nl\/de\/datenschutzerklarung\/","name":"Datenschutzerkl\u00e4rung - Klimbos","isPartOf":{"@id":"https:\/\/klimbos.nl\/#website"},"datePublished":"2021-02-01T10:09:18+00:00","dateModified":"2024-06-07T08:42:52+00:00","description":"Klimbos Nederland (Handelskammernummer 56535287) mit Sitz in der Asselsestraat 397 7312TS Apeldoorn ist f\u00fcr die Verarbeitung personenbezogener Daten gem\u00e4\u00df","breadcrumb":{"@id":"https:\/\/klimbos.nl\/de\/datenschutzerklarung\/#breadcrumb"},"inLanguage":"de-DE","potentialAction":[{"@type":"ReadAction","target":["https:\/\/klimbos.nl\/de\/datenschutzerklarung\/"]}]},{"@type":"BreadcrumbList","@id":"https:\/\/klimbos.nl\/de\/datenschutzerklarung\/#breadcrumb","itemListElement":[{"@type":"ListItem","position":1,"name":"Home","item":"https:\/\/klimbos.nl\/"},{"@type":"ListItem","position":2,"name":"Datenschutzerkl\u00e4rung"}]},{"@type":"WebSite","@id":"https:\/\/klimbos.nl\/#website","url":"https:\/\/klimbos.nl\/","name":"Kletterwald","description":"Begeben Sie sich auf ein Abenteuer in den sch\u00f6nsten Gegenden der Niederlande","potentialAction":[{"@type":"SearchAction","target":{"@type":"EntryPoint","urlTemplate":"https:\/\/klimbos.nl\/?s={search_term_string}"},"query-input":{"@type":"PropertyValueSpecification","valueRequired":true,"valueName":"search_term_string"}}],"inLanguage":"de-DE"}]}},"_links":{"self":[{"href":"https:\/\/klimbos.nl\/de\/wp-json\/wp\/v2\/pages\/8911","targetHints":{"allow":["GET"]}}],"collection":[{"href":"https:\/\/klimbos.nl\/de\/wp-json\/wp\/v2\/pages"}],"about":[{"href":"https:\/\/klimbos.nl\/de\/wp-json\/wp\/v2\/types\/page"}],"author":[{"embeddable":true,"href":"https:\/\/klimbos.nl\/de\/wp-json\/wp\/v2\/users\/1"}],"replies":[{"embeddable":true,"href":"https:\/\/klimbos.nl\/de\/wp-json\/wp\/v2\/comments?post=8911"}],"version-history":[{"count":0,"href":"https:\/\/klimbos.nl\/de\/wp-json\/wp\/v2\/pages\/8911\/revisions"}],"wp:attachment":[{"href":"https:\/\/klimbos.nl\/de\/wp-json\/wp\/v2\/media?parent=8911"}],"curies":[{"name":"wp","href":"https:\/\/api.w.org\/{rel}","templated":true}]}}