{"id":8978,"date":"2024-06-06T11:38:28","date_gmt":"2024-06-06T09:38:28","guid":{"rendered":"https:\/\/klimbos.nl\/?page_id=8978"},"modified":"2024-07-25T11:57:08","modified_gmt":"2024-07-25T09:57:08","slug":"zwergenpfad-pijnenburg","status":"publish","type":"page","link":"https:\/\/klimbos.nl\/de\/zwergenpfad-pijnenburg\/","title":{"rendered":"Zwergweg Pijnenburg"},"content":{"rendered":"<p>Kennen Sie Gnome Pijnenburg? <\/p>\n\n\n\n<p>Auf dem Landgut Pijnenburg in Lage Vuursche lebt unser kleiner Gnom-Held, Gnom Pijnenburg. Er ist immer in diesem sch\u00f6nen Wald zu finden. Mit seiner roten Zipfelm\u00fctze und seiner gelben Jacke hebt er sich sch\u00f6n von den B\u00e4umen und Bl\u00e4ttern ab.<\/p>","protected":false},"excerpt":{"rendered":"<p>Kennen Sie Gnom Pijnenburg? Auf dem Landgut Pijnenburg in Lage Vuursche lebt unser kleiner Gnom-Held, Gnom Pijnenburg. Er ist immer in diesem sch\u00f6nen Wald zu finden. Mit seiner roten Zipfelm\u00fctze und seiner gelben Jacke hebt er sich sch\u00f6n von den B\u00e4umen und Bl\u00e4ttern ab.<\/p>","protected":false},"author":4,"featured_media":8845,"parent":0,"menu_order":0,"comment_status":"closed","ping_status":"closed","template":"page-templates\/contentblokken.php","meta":{"_acf_changed":false,"footnotes":""},"class_list":["post-8978","page","type-page","status-publish","has-post-thumbnail","hentry"],"acf":[],"yoast_head":"<!-- This site is optimized with the Yoast SEO plugin v27.3 - https:\/\/yoast.com\/product\/yoast-seo-wordpress\/ -->\n<title>Kabouterroute Pijnenburg - Klimbos<\/title>\n<meta name=\"description\" content=\"Ken jij Kabouter Pijnenburg? Op landgoed Pijnenburg in Lage Vuursche woont onze kleine kabouterheld, Kabouter Pijnenburg. Hij is altijd te vinden in dat\" \/>\n<meta name=\"robots\" content=\"index, follow, max-snippet:-1, max-image-preview:large, max-video-preview:-1\" \/>\n<link rel=\"canonical\" href=\"https:\/\/klimbos.nl\/de\/zwergenpfad-pijnenburg\/\" \/>\n<meta property=\"og:locale\" content=\"de_DE\" \/>\n<meta property=\"og:type\" content=\"article\" \/>\n<meta property=\"og:title\" content=\"Kabouterroute Pijnenburg - Klimbos\" \/>\n<meta property=\"og:description\" content=\"Ken jij Kabouter Pijnenburg? Op landgoed Pijnenburg in Lage Vuursche woont onze kleine kabouterheld, Kabouter Pijnenburg. Hij is altijd te vinden in dat\" \/>\n<meta property=\"og:url\" content=\"https:\/\/klimbos.nl\/de\/zwergenpfad-pijnenburg\/\" \/>\n<meta property=\"og:site_name\" content=\"Klimbos\" \/>\n<meta property=\"article:modified_time\" content=\"2024-07-25T09:57:08+00:00\" \/>\n<meta property=\"og:image\" content=\"https:\/\/klimbos.nl\/wp-content\/uploads\/2024\/04\/Groen-e1714472092976-1024x53.jpg\" \/>\n\t<meta property=\"og:image:width\" content=\"1024\" \/>\n\t<meta property=\"og:image:height\" content=\"53\" \/>\n\t<meta property=\"og:image:type\" content=\"image\/jpeg\" \/>\n<meta name=\"twitter:card\" content=\"summary_large_image\" \/>\n<meta name=\"twitter:label1\" content=\"Est. reading time\" \/>\n\t<meta name=\"twitter:data1\" content=\"2 minutes\" \/>\n<script type=\"application\/ld+json\" class=\"yoast-schema-graph\">{\"@context\":\"https:\\\/\\\/schema.org\",\"@graph\":[{\"@type\":\"WebPage\",\"@id\":\"https:\\\/\\\/klimbos.nl\\\/kabouterroute-pijnenburg\\\/\",\"url\":\"https:\\\/\\\/klimbos.nl\\\/kabouterroute-pijnenburg\\\/\",\"name\":\"Kabouterroute Pijnenburg - Klimbos\",\"isPartOf\":{\"@id\":\"https:\\\/\\\/klimbos.nl\\\/#website\"},\"primaryImageOfPage\":{\"@id\":\"https:\\\/\\\/klimbos.nl\\\/kabouterroute-pijnenburg\\\/#primaryimage\"},\"image\":{\"@id\":\"https:\\\/\\\/klimbos.nl\\\/kabouterroute-pijnenburg\\\/#primaryimage\"},\"thumbnailUrl\":\"https:\\\/\\\/klimbos.nl\\\/wp-content\\\/uploads\\\/2024\\\/04\\\/Groen-e1714472092976.jpg\",\"datePublished\":\"2024-06-06T09:38:28+00:00\",\"dateModified\":\"2024-07-25T09:57:08+00:00\",\"description\":\"Ken jij Kabouter Pijnenburg? Op landgoed Pijnenburg in Lage Vuursche woont onze kleine kabouterheld, Kabouter Pijnenburg. Hij is altijd te vinden in dat\",\"breadcrumb\":{\"@id\":\"https:\\\/\\\/klimbos.nl\\\/kabouterroute-pijnenburg\\\/#breadcrumb\"},\"inLanguage\":\"de-DE\",\"potentialAction\":[{\"@type\":\"ReadAction\",\"target\":[\"https:\\\/\\\/klimbos.nl\\\/kabouterroute-pijnenburg\\\/\"]}]},{\"@type\":\"ImageObject\",\"inLanguage\":\"de-DE\",\"@id\":\"https:\\\/\\\/klimbos.nl\\\/kabouterroute-pijnenburg\\\/#primaryimage\",\"url\":\"https:\\\/\\\/klimbos.nl\\\/wp-content\\\/uploads\\\/2024\\\/04\\\/Groen-e1714472092976.jpg\",\"contentUrl\":\"https:\\\/\\\/klimbos.nl\\\/wp-content\\\/uploads\\\/2024\\\/04\\\/Groen-e1714472092976.jpg\",\"width\":11811,\"height\":610},{\"@type\":\"BreadcrumbList\",\"@id\":\"https:\\\/\\\/klimbos.nl\\\/kabouterroute-pijnenburg\\\/#breadcrumb\",\"itemListElement\":[{\"@type\":\"ListItem\",\"position\":1,\"name\":\"Home\",\"item\":\"https:\\\/\\\/klimbos.nl\\\/\"},{\"@type\":\"ListItem\",\"position\":2,\"name\":\"Kabouterroute Pijnenburg\"}]},{\"@type\":\"WebSite\",\"@id\":\"https:\\\/\\\/klimbos.nl\\\/#website\",\"url\":\"https:\\\/\\\/klimbos.nl\\\/\",\"name\":\"Klimbos\",\"description\":\"Ga op avontuur in de mooiste gebieden van Nederland\",\"potentialAction\":[{\"@type\":\"SearchAction\",\"target\":{\"@type\":\"EntryPoint\",\"urlTemplate\":\"https:\\\/\\\/klimbos.nl\\\/?s={search_term_string}\"},\"query-input\":{\"@type\":\"PropertyValueSpecification\",\"valueRequired\":true,\"valueName\":\"search_term_string\"}}],\"inLanguage\":\"de-DE\"}]}<\/script>\n<!-- \/ Yoast SEO plugin. -->","yoast_head_json":{"title":"Wichtelpfad Pijnenburg - Kletterwald","description":"Kennen Sie Gnom Pijnenburg? Auf dem Landgut Pijnenburg in Lage Vuursche lebt unser kleiner Gnom-Held, Gnom Pijnenburg. Er ist immer dort zu finden, wo","robots":{"index":"index","follow":"follow","max-snippet":"max-snippet:-1","max-image-preview":"max-image-preview:large","max-video-preview":"max-video-preview:-1"},"canonical":"https:\/\/klimbos.nl\/de\/zwergenpfad-pijnenburg\/","og_locale":"de_DE","og_type":"article","og_title":"Kabouterroute Pijnenburg - Klimbos","og_description":"Ken jij Kabouter Pijnenburg? Op landgoed Pijnenburg in Lage Vuursche woont onze kleine kabouterheld, Kabouter Pijnenburg. Hij is altijd te vinden in dat","og_url":"https:\/\/klimbos.nl\/de\/zwergenpfad-pijnenburg\/","og_site_name":"Klimbos","article_modified_time":"2024-07-25T09:57:08+00:00","og_image":[{"width":1024,"height":53,"url":"https:\/\/klimbos.nl\/wp-content\/uploads\/2024\/04\/Groen-e1714472092976-1024x53.jpg","type":"image\/jpeg"}],"twitter_card":"summary_large_image","twitter_misc":{"Est. reading time":"2 minutes"},"schema":{"@context":"https:\/\/schema.org","@graph":[{"@type":"WebPage","@id":"https:\/\/klimbos.nl\/kabouterroute-pijnenburg\/","url":"https:\/\/klimbos.nl\/kabouterroute-pijnenburg\/","name":"Wichtelpfad Pijnenburg - Kletterwald","isPartOf":{"@id":"https:\/\/klimbos.nl\/#website"},"primaryImageOfPage":{"@id":"https:\/\/klimbos.nl\/kabouterroute-pijnenburg\/#primaryimage"},"image":{"@id":"https:\/\/klimbos.nl\/kabouterroute-pijnenburg\/#primaryimage"},"thumbnailUrl":"https:\/\/klimbos.nl\/wp-content\/uploads\/2024\/04\/Groen-e1714472092976.jpg","datePublished":"2024-06-06T09:38:28+00:00","dateModified":"2024-07-25T09:57:08+00:00","description":"Kennen Sie Gnom Pijnenburg? Auf dem Landgut Pijnenburg in Lage Vuursche lebt unser kleiner Gnom-Held, Gnom Pijnenburg. Er ist immer dort zu finden, wo","breadcrumb":{"@id":"https:\/\/klimbos.nl\/kabouterroute-pijnenburg\/#breadcrumb"},"inLanguage":"de-DE","potentialAction":[{"@type":"ReadAction","target":["https:\/\/klimbos.nl\/kabouterroute-pijnenburg\/"]}]},{"@type":"ImageObject","inLanguage":"de-DE","@id":"https:\/\/klimbos.nl\/kabouterroute-pijnenburg\/#primaryimage","url":"https:\/\/klimbos.nl\/wp-content\/uploads\/2024\/04\/Groen-e1714472092976.jpg","contentUrl":"https:\/\/klimbos.nl\/wp-content\/uploads\/2024\/04\/Groen-e1714472092976.jpg","width":11811,"height":610},{"@type":"BreadcrumbList","@id":"https:\/\/klimbos.nl\/kabouterroute-pijnenburg\/#breadcrumb","itemListElement":[{"@type":"ListItem","position":1,"name":"Home","item":"https:\/\/klimbos.nl\/"},{"@type":"ListItem","position":2,"name":"Kabouterroute Pijnenburg"}]},{"@type":"WebSite","@id":"https:\/\/klimbos.nl\/#website","url":"https:\/\/klimbos.nl\/","name":"Kletterwald","description":"Begeben Sie sich auf ein Abenteuer in den sch\u00f6nsten Gegenden der Niederlande","potentialAction":[{"@type":"SearchAction","target":{"@type":"EntryPoint","urlTemplate":"https:\/\/klimbos.nl\/?s={search_term_string}"},"query-input":{"@type":"PropertyValueSpecification","valueRequired":true,"valueName":"search_term_string"}}],"inLanguage":"de-DE"}]}},"_links":{"self":[{"href":"https:\/\/klimbos.nl\/de\/wp-json\/wp\/v2\/pages\/8978","targetHints":{"allow":["GET"]}}],"collection":[{"href":"https:\/\/klimbos.nl\/de\/wp-json\/wp\/v2\/pages"}],"about":[{"href":"https:\/\/klimbos.nl\/de\/wp-json\/wp\/v2\/types\/page"}],"author":[{"embeddable":true,"href":"https:\/\/klimbos.nl\/de\/wp-json\/wp\/v2\/users\/4"}],"replies":[{"embeddable":true,"href":"https:\/\/klimbos.nl\/de\/wp-json\/wp\/v2\/comments?post=8978"}],"version-history":[{"count":0,"href":"https:\/\/klimbos.nl\/de\/wp-json\/wp\/v2\/pages\/8978\/revisions"}],"wp:featuredmedia":[{"embeddable":true,"href":"https:\/\/klimbos.nl\/de\/wp-json\/wp\/v2\/media\/8845"}],"wp:attachment":[{"href":"https:\/\/klimbos.nl\/de\/wp-json\/wp\/v2\/media?parent=8978"}],"curies":[{"name":"wp","href":"https:\/\/api.w.org\/{rel}","templated":true}]}}